{"id":717681,"date":"2025-08-27T17:58:49","date_gmt":"2025-08-27T14:58:49","guid":{"rendered":"https:\/\/roveyayinevi.com.tr\/index.php\/urun\/hatirlasana\/"},"modified":"2026-04-16T02:25:51","modified_gmt":"2026-04-15T23:25:51","slug":"hatirlasana","status":"publish","type":"product","link":"https:\/\/roveyayinevi.com.tr\/index.php\/urun\/hatirlasana\/","title":{"rendered":"Hat\u0131rlasana"},"content":{"rendered":"<p>Umut ve a\u015fk bazen tek bir kelimede sakl\u0131: Unutmak veya hat\u0131rlamak. Gece yar\u0131s\u0131\u2026 Bilmedi\u011fin bir sokakta umutsuzca duvar\u0131n dibine \u00e7\u00f6km\u00fc\u015f, saatlerdir \u00f6ylece oturuyorsun. Aniden bir ses geliyor kula\u011f\u0131na. Evet, kesinlikle sana sesleniyor. Sesin geldi\u011fi y\u00f6ne bakmak istiyorsun ama i\u00e7indeki ses \u201cBunu yapma!\u201d diyor. \u201c\u00c7\u00fcnk\u00fc biliyorsun ba\u015f\u0131n\u0131 bir kez bile kald\u0131r\u0131rsan yepyeni bir hik\u00e2ye ba\u015flayacak\u2026\u201d B\u00fct\u00fcn hik\u00e2yeler hat\u0131rlamayla ba\u015flar, Hat\u0131rlasana ise unutmayla ba\u015fl\u0131yor. \u00c7\u00fcnk\u00fc unutmak, unutabilmek yaralar\u0131n\u0131 sarman\u0131n en kolay ve g\u00fcvenli yolu. Oysa hat\u0131rlamak, y\u00fczle\u015fmek demek; <\/p>\n","protected":false},"excerpt":{"rendered":"<p>Umut ve a\u015fk bazen tek bir kelimede sakl\u0131: Unutmak veya hat\u0131rlamak. Gece yar\u0131s\u0131\u2026 Bilmedi\u011fin bir sokakta umutsuzca duvar\u0131n dibine \u00e7\u00f6km\u00fc\u015f, saatlerdir \u00f6ylece oturuyorsun. Aniden bir ses<span class=\"excerpt-hellip\"> [\u2026]<\/span><\/p>\n","protected":false},"featured_media":0,"template":"","meta":{"_monsterinsights_skip_tracking":false,"_monsterinsights_sitenote_active":false,"_monsterinsights_sitenote_note":"","_monsterinsights_sitenote_category":0},"product_brand":[],"product_cat":[12291,12711],"product_tag":[],"class_list":{"0":"post-717681","1":"product","2":"type-product","3":"status-publish","5":"product_cat-edebiyat","6":"product_cat-roman-oyku","7":"pa_cilt-ciltsiz","8":"pa_tur-kitap","9":"pa_yayinevi-hayykitap","10":"pa_yazar-suleyman-kurt","12":"first","13":"instock","14":"sale","15":"shipping-taxable","16":"purchasable","17":"product-type-simple"},"_links":{"self":[{"href":"https:\/\/roveyayinevi.com.tr\/index.php\/wp-json\/wp\/v2\/product\/717681","targetHints":{"allow":["GET"]}}],"collection":[{"href":"https:\/\/roveyayinevi.com.tr\/index.php\/wp-json\/wp\/v2\/product"}],"about":[{"href":"https:\/\/roveyayinevi.com.tr\/index.php\/wp-json\/wp\/v2\/types\/product"}],"wp:attachment":[{"href":"https:\/\/roveyayinevi.com.tr\/index.php\/wp-json\/wp\/v2\/media?parent=717681"}],"wp:term":[{"taxonomy":"product_brand","embeddable":true,"href":"https:\/\/roveyayinevi.com.tr\/index.php\/wp-json\/wp\/v2\/product_brand?post=717681"},{"taxonomy":"product_cat","embeddable":true,"href":"https:\/\/roveyayinevi.com.tr\/index.php\/wp-json\/wp\/v2\/product_cat?post=717681"},{"taxonomy":"product_tag","embeddable":true,"href":"https:\/\/roveyayinevi.com.tr\/index.php\/wp-json\/wp\/v2\/product_tag?post=717681"}],"curies":[{"name":"wp","href":"https:\/\/api.w.org\/{rel}","templated":true}]}}