{"id":717679,"date":"2025-08-27T17:58:48","date_gmt":"2025-08-27T14:58:48","guid":{"rendered":"https:\/\/roveyayinevi.com.tr\/index.php\/urun\/zeka-gelistiren-sudoku-2\/"},"modified":"2026-04-16T02:25:51","modified_gmt":"2026-04-15T23:25:51","slug":"zeka-gelistiren-sudoku-2","status":"publish","type":"product","link":"https:\/\/roveyayinevi.com.tr\/index.php\/urun\/zeka-gelistiren-sudoku-2\/","title":{"rendered":"Zeka Geli\u015ftiren Sudoku 2"},"content":{"rendered":"<p>Evde, tatilde, serviste, durakta, yaln\u0131z ya da arkada\u015flar\u0131n\u0131zla birlikteyken \u00e7\u00f6zebilece\u011finiz 100\u2019den fazla sudoku bulmacas\u0131 ve \u00e7\u00f6z\u00fcmleri bu kitapta yer al\u0131yor.\u00c7ocuk, gen\u00e7, ya\u015fl\u0131 her ya\u015fa hitap eden sudoku; \u00f6\u011frenme yetene\u011fini, matematik i\u015flemlerini \u00e7\u00f6zme becerisini, bir bak\u0131\u015fta alg\u0131lama yetene\u011fini geli\u015ftirir, haf\u0131zay\u0131 kuvvetlendirir. D\u00fcnyan\u0131n en sevilen ve en faydal\u0131 bulmacas\u0131 sudoku ile e\u011flenceli saatler ge\u00e7irebilirsiniz.<\/p>\n","protected":false},"excerpt":{"rendered":"<p>Evde, tatilde, serviste, durakta, yaln\u0131z ya da arkada\u015flar\u0131n\u0131zla birlikteyken \u00e7\u00f6zebilece\u011finiz 100\u2019den fazla sudoku bulmacas\u0131 ve \u00e7\u00f6z\u00fcmleri bu kitapta yer al\u0131yor.\u00c7ocuk, gen\u00e7, ya\u015fl\u0131 her ya\u015fa hitap eden<span class=\"excerpt-hellip\"> [\u2026]<\/span><\/p>\n","protected":false},"featured_media":0,"template":"","meta":{"_monsterinsights_skip_tracking":false,"_monsterinsights_sitenote_active":false,"_monsterinsights_sitenote_note":"","_monsterinsights_sitenote_category":0},"product_brand":[],"product_cat":[16943,15563],"product_tag":[],"class_list":{"0":"post-717679","1":"product","2":"type-product","3":"status-publish","5":"product_cat-bilmeceler-bulmacalar","6":"product_cat-hobi","7":"pa_cilt-ciltsiz","8":"pa_tur-kitap10","9":"pa_yayinevi-beyaz-balina-yayinlari","10":"pa_yazar-ramazan-oktay","12":"first","13":"instock","14":"sale","15":"shipping-taxable","16":"purchasable","17":"product-type-simple"},"_links":{"self":[{"href":"https:\/\/roveyayinevi.com.tr\/index.php\/wp-json\/wp\/v2\/product\/717679","targetHints":{"allow":["GET"]}}],"collection":[{"href":"https:\/\/roveyayinevi.com.tr\/index.php\/wp-json\/wp\/v2\/product"}],"about":[{"href":"https:\/\/roveyayinevi.com.tr\/index.php\/wp-json\/wp\/v2\/types\/product"}],"wp:attachment":[{"href":"https:\/\/roveyayinevi.com.tr\/index.php\/wp-json\/wp\/v2\/media?parent=717679"}],"wp:term":[{"taxonomy":"product_brand","embeddable":true,"href":"https:\/\/roveyayinevi.com.tr\/index.php\/wp-json\/wp\/v2\/product_brand?post=717679"},{"taxonomy":"product_cat","embeddable":true,"href":"https:\/\/roveyayinevi.com.tr\/index.php\/wp-json\/wp\/v2\/product_cat?post=717679"},{"taxonomy":"product_tag","embeddable":true,"href":"https:\/\/roveyayinevi.com.tr\/index.php\/wp-json\/wp\/v2\/product_tag?post=717679"}],"curies":[{"name":"wp","href":"https:\/\/api.w.org\/{rel}","templated":true}]}}