{"id":717677,"date":"2025-08-27T17:58:47","date_gmt":"2025-08-27T14:58:47","guid":{"rendered":"https:\/\/roveyayinevi.com.tr\/index.php\/urun\/bir-ekolojistin-not-defteri\/"},"modified":"2026-04-16T02:25:51","modified_gmt":"2026-04-15T23:25:51","slug":"bir-ekolojistin-not-defteri","status":"publish","type":"product","link":"https:\/\/roveyayinevi.com.tr\/index.php\/urun\/bir-ekolojistin-not-defteri\/","title":{"rendered":"Bir Ekolojistin Not Defteri"},"content":{"rendered":"<p>Ege, T\u00fcrkiye&#8217;nin do\u011fa tahribat\u0131nda en \u00e7ok ac\u0131 \u00e7eken, m\u00fccadeleye ilk ba\u015flayan ve ba\u015f\u0131 \u00e7eken b\u00f6lgesi. \u0130zmir, bu m\u00fccadeleyi veren insanlar\u0131 bulu\u015fturan, onlara ilham veren \u015fehir. Yazar\u0131m\u0131z Ahmet Soysal, \u0130zmir&#8217;den, Ege&#8217;den y\u00fckselen etkili bir hayk\u0131r\u0131\u015f. \u0130nsan merkezli bak\u0131\u015f a\u00e7\u0131s\u0131yla, zaten insanlar\u0131n meydana getirdi\u011fi problemleri \u00e7\u00f6zmek m\u00fcmk\u00fcn de\u011fil. Bak\u0131\u015f a\u00e7\u0131m\u0131z\u0131 de\u011fi\u015ftirmek, dayan\u0131\u015fmak i\u00e7in daha incelikli d\u00fc\u015f\u00fcnmeli, durup ku\u015fbak\u0131\u015f\u0131 bakmay\u0131 yeniden denemeli ve omuz omuza vermeliyiz. Ahmet Soysal yaz\u0131lar\u0131 ve etki alan\u0131yla bunu m\u00fcmk\u00fcn k\u0131lan, \u00e7ok de\u011ferli bir kalem.  Bug\u00fcn Ege&#8217;nin sesine Karadeniz, Akdeniz ve t\u00fcm Anadolu kulak kesilmeli. \u00c7\u00fcnk\u00fc artan termik santraller, siyan\u00fcrl\u00fc madenler, hesler, resler, planlanan n\u00fckleer santraller ve daha niceleri ile iklimi tetikleyen, tar\u0131m\u0131 topra\u011f\u0131 bitiren, hi\u00e7 durmadan iti\u015fen bir g\u00fcruhla kar\u015f\u0131 kar\u015f\u0131yay\u0131z.  K\u00f6yde, k\u0131rda, kentte \u00f6\u011frencilerden emeklilere kadar gittik\u00e7e b\u00fcy\u00fcyen bir toplumsal muhalefet direniyor ve \u00f6n\u00fcnde sonunda kazanmak zorunda. \u00c7\u00fcnk\u00fc gidece\u011fimiz ne ba\u015fka bir gezegen var ne de ba\u015fka bir memleket var. Soludu\u011fumuz hava, ekip bi\u00e7ti\u011fimiz tarlalar, i\u00e7ti\u011fim sular kirletilirken, k\u00f6\u015femizde oturup seyretmeyece\u011fiz. Yazarak, \u00e7izerek dayan\u0131\u015fma i\u00e7inde s\u00f6z\u00fcm\u00fcz\u00fc s\u00f6yleyip, hakl\u0131l\u0131\u011f\u0131m\u0131z\u0131 takip edece\u011fiz. Ege, T\u00fcrkiye&#8217;nin do\u011fa tahribat\u0131nda en \u00e7ok ac\u0131 \u00e7eken, m\u00fccadeleye ilk ba\u015flayan ve ba\u015f\u0131 \u00e7eken b\u00f6lgesi. \u0130zmir, bu m\u00fccadeleyi veren insanlar\u0131 bulu\u015fturan, onlara ilham veren \u015fehir. Yazar\u0131m\u0131z Ahmet Soysal, \u0130zmir&#8217;den, Ege&#8217;den y\u00fckselen etkili bir hayk\u0131r\u0131\u015f. \u0130nsan merkezli bak\u0131\u015f a\u00e7\u0131s\u0131yla, zaten insanlar\u0131n meydana getirdi\u011fi problemleri \u00e7\u00f6zmek m\u00fcmk\u00fcn de\u011fil. Bak\u0131\u015f a\u00e7\u0131m\u0131z\u0131 de\u011fi\u015ftirmek, dayan\u0131\u015fmak i\u00e7in daha incelikli d\u00fc\u015f\u00fcnmeli, durup ku\u015fbak\u0131\u015f\u0131 bakmay\u0131 yeniden denemeli ve omuz omuza vermeliyiz. Ahmet Soysal yaz\u0131lar\u0131 ve etki alan\u0131yla bunu m\u00fcmk\u00fcn k\u0131lan, \u00e7ok de\u011ferli bir kalem.  Bug\u00fcn Ege&#8217;nin sesine Karadeniz, Akdeniz ve t\u00fcm Anadolu kulak kesilmeli. \u00c7\u00fcnk\u00fc artan termik santraller, siyan\u00fcrl\u00fc madenler, hesler, resler, planlanan n\u00fckleer santraller ve daha niceleri ile iklimi tetikleyen, tar\u0131m\u0131 topra\u011f\u0131 bitiren, hi\u00e7 durmadan iti\u015fen bir g\u00fcruhla kar\u015f\u0131 kar\u015f\u0131yay\u0131z.  K\u00f6yde, k\u0131rda, kentte \u00f6\u011frencilerden emeklilere kadar gittik\u00e7e b\u00fcy\u00fcyen bir toplumsal muhalefet direniyor ve \u00f6n\u00fcnde sonunda kazanmak zorunda. \u00c7\u00fcnk\u00fc gidece\u011fimiz ne ba\u015fka bir gezegen var ne de ba\u015fka bir memleket var. Soludu\u011fumuz hava, ekip bi\u00e7ti\u011fimiz tarlalar, i\u00e7ti\u011fim sular kirletilirken, k\u00f6\u015femizde oturup seyretmeyece\u011fiz. Yazarak, \u00e7izerek dayan\u0131\u015fma i\u00e7inde s\u00f6z\u00fcm\u00fcz\u00fc s\u00f6yleyip, hakl\u0131l\u0131\u011f\u0131m\u0131z\u0131 takip edece\u011fiz. Ege, T\u00fcrkiye&#8217;nin do\u011fa tahribat\u0131nda en \u00e7ok ac\u0131 \u00e7eken, m\u00fccadeleye ilk ba\u015flayan ve ba\u015f\u0131 \u00e7eken b\u00f6lgesi. \u0130zmir, bu m\u00fccadeleyi veren insanlar\u0131 bulu\u015fturan, onlara ilham veren \u015fehir. Yazar\u0131m\u0131z Ahmet Soysal, \u0130zmir&#8217;den, Ege&#8217;den y\u00fckselen etkili bir hayk\u0131r\u0131\u015f. \u0130nsan merkezli bak\u0131\u015f a\u00e7\u0131s\u0131yla, zaten insanlar\u0131n meydana getirdi\u011fi problemleri \u00e7\u00f6zmek m\u00fcmk\u00fcn de\u011fil. Bak\u0131\u015f a\u00e7\u0131m\u0131z\u0131 de\u011fi\u015ftirmek, dayan\u0131\u015fmak i\u00e7in daha incelikli d\u00fc\u015f\u00fcnmeli, durup ku\u015fbak\u0131\u015f\u0131 bakmay\u0131 yeniden denemeli ve omuz omuza vermeliyiz. Ahmet Soysal yaz\u0131lar\u0131 ve etki alan\u0131yla bunu m\u00fcmk\u00fcn k\u0131lan, \u00e7ok de\u011ferli bir kalem.  Bug\u00fcn Ege&#8217;nin sesine Karadeniz, Akdeniz ve t\u00fcm Anadolu kulak kesilmeli. \u00c7\u00fcnk\u00fc artan termik santraller, siyan\u00fcrl\u00fc madenler, hesler, resler, planlanan n\u00fckleer santraller ve daha niceleri ile iklimi tetikleyen, tar\u0131m\u0131 topra\u011f\u0131 bitiren, hi\u00e7 durmadan iti\u015fen bir g\u00fcruhla kar\u015f\u0131 kar\u015f\u0131yay\u0131z.  K\u00f6yde, k\u0131rda, kentte \u00f6\u011frencilerden emeklilere kadar gittik\u00e7e b\u00fcy\u00fcyen bir toplumsal muhalefet direniyor ve \u00f6n\u00fcnde sonunda kazanmak zorunda. \u00c7\u00fcnk\u00fc gidece\u011fimiz ne ba\u015fka bir gezegen var ne de ba\u015fka bir memleket var. Soludu\u011fumuz hava, ekip bi\u00e7ti\u011fimiz tarlalar, i\u00e7ti\u011fim sular kirletilirken, k\u00f6\u015femizde oturup seyretmeyece\u011fiz. Yazarak, \u00e7izerek dayan\u0131\u015fma i\u00e7inde s\u00f6z\u00fcm\u00fcz\u00fc s\u00f6yleyip, hakl\u0131l\u0131\u011f\u0131m\u0131z\u0131 takip edece\u011fiz. Ege, T\u00fcrkiye&#8217;nin do\u011fa tahribat\u0131nda en \u00e7ok ac\u0131 \u00e7eken, m\u00fccadeleye ilk ba\u015flayan ve ba\u015f\u0131 \u00e7eken b\u00f6lgesi. \u0130zmir, bu m\u00fccadeleyi veren insanlar\u0131 bulu\u015fturan, onlara ilham veren \u015fehir. Yazar\u0131m\u0131z Ahmet Soysal, \u0130zmir&#8217;den, Ege&#8217;den y\u00fckselen etkili bir hayk\u0131r\u0131\u015f. \u0130nsan merkezli bak\u0131\u015f a\u00e7\u0131s\u0131yla, zaten insanlar\u0131n meydana getirdi\u011fi problemleri \u00e7\u00f6zmek m\u00fcmk\u00fcn de\u011fil. Bak\u0131\u015f a\u00e7\u0131m\u0131z\u0131 de\u011fi\u015ftirmek, dayan\u0131\u015fmak i\u00e7in daha incelikli d\u00fc\u015f\u00fcnmeli, durup ku\u015fbak\u0131\u015f\u0131 bakmay\u0131 yeniden denemeli ve omuz omuza vermeliyiz. Ahmet Soysal yaz\u0131lar\u0131 ve etki alan\u0131yla bunu m\u00fcmk\u00fcn k\u0131lan, \u00e7ok de\u011ferli bir kalem.  Bug\u00fcn Ege&#8217;nin sesine Karadeniz, Akdeniz ve t\u00fcm Anadolu kulak kesilmeli. \u00c7\u00fcnk\u00fc artan termik santraller, siyan\u00fcrl\u00fc madenler, hesler, resler, planlanan n\u00fckleer santraller ve daha niceleri ile iklimi tetikleyen, tar\u0131m\u0131 topra\u011f\u0131 bitiren, hi\u00e7 durmadan iti\u015fen bir g\u00fcruhla kar\u015f\u0131 kar\u015f\u0131yay\u0131z.  K\u00f6yde, k\u0131rda, kentte \u00f6\u011frencilerden emeklilere kadar gittik\u00e7e b\u00fcy\u00fcyen bir toplumsal muhalefet direniyor ve \u00f6n\u00fcnde sonunda kazanmak zorunda. \u00c7\u00fcnk\u00fc gidece\u011fimiz ne ba\u015fka bir gezegen var ne de ba\u015fka bir memleket var. Soludu\u011fumuz hava, ekip bi\u00e7ti\u011fimiz tarlalar, i\u00e7ti\u011fim sular kirletilirken, k\u00f6\u015femizde oturup seyretmeyece\u011fiz. Yazarak, \u00e7izerek dayan\u0131\u015fma i\u00e7inde s\u00f6z\u00fcm\u00fcz\u00fc s\u00f6yleyip, hakl\u0131l\u0131\u011f\u0131m\u0131z\u0131 takip edece\u011fiz. Ege, T\u00fcrkiye&#8217;nin do\u011fa tahribat\u0131nda en \u00e7ok ac\u0131 \u00e7eken, m\u00fccadeleye ilk ba\u015flayan ve ba\u015f\u0131 \u00e7eken b\u00f6lgesi. \u0130zmir, bu m\u00fccadeleyi veren insanlar\u0131 bulu\u015fturan, onlara ilham veren \u015fehir. Yazar\u0131m\u0131z Ahmet Soysal, \u0130zmir&#8217;den, Ege&#8217;den y\u00fckselen etkili bir hayk\u0131r\u0131\u015f. \u0130nsan merkezli bak\u0131\u015f a\u00e7\u0131s\u0131yla, zaten insanlar\u0131n meydana getirdi\u011fi problemleri \u00e7\u00f6zmek m\u00fcmk\u00fcn de\u011fil. Bak\u0131\u015f a\u00e7\u0131m\u0131z\u0131 de\u011fi\u015ftirmek, dayan\u0131\u015fmak i\u00e7in daha incelikli d\u00fc\u015f\u00fcnmeli, durup ku\u015fbak\u0131\u015f\u0131 bakmay\u0131 yeniden denemeli ve omuz omuza vermeliyiz. Ahmet Soysal yaz\u0131lar\u0131 ve etki alan\u0131yla bunu m\u00fcmk\u00fcn k\u0131lan, \u00e7ok de\u011ferli bir kalem.  Bug\u00fcn Ege&#8217;nin sesine Karadeniz, Akdeniz ve t\u00fcm Anadolu kulak kesilmeli. \u00c7\u00fcnk\u00fc artan termik santraller, siyan\u00fcrl\u00fc madenler, hesler, resler, planlanan n\u00fckleer santraller ve daha niceleri ile iklimi tetikleyen, tar\u0131m\u0131 topra\u011f\u0131 bitiren, hi\u00e7 durmadan iti\u015fen bir g\u00fcruhla kar\u015f\u0131 kar\u015f\u0131yay\u0131z.  K\u00f6yde, k\u0131rda, kentte \u00f6\u011frencilerden emeklilere kadar gittik\u00e7e b\u00fcy\u00fcyen bir toplumsal muhalefet direniyor ve \u00f6n\u00fcnde sonunda kazanmak zorunda. \u00c7\u00fcnk\u00fc gidece\u011fimiz ne ba\u015fka bir gezegen var ne de ba\u015fka bir memleket var. Soludu\u011fumuz hava, ekip bi\u00e7ti\u011fimiz tarlalar, i\u00e7ti\u011fim sular kirletilirken, k\u00f6\u015femizde oturup seyretmeyece\u011fiz. Yazarak, \u00e7izerek dayan\u0131\u015fma i\u00e7inde s\u00f6z\u00fcm\u00fcz\u00fc s\u00f6yleyip, hakl\u0131l\u0131\u011f\u0131m\u0131z\u0131 takip edece\u011fiz. Ege, T\u00fcrkiye&#8217;nin do\u011fa tahribat\u0131nda en \u00e7ok ac\u0131 \u00e7eken, m\u00fccadeleye ilk ba\u015flayan ve ba\u015f\u0131 \u00e7eken b\u00f6lgesi. \u0130zmir, bu m\u00fccadeleyi veren insanlar\u0131 bulu\u015fturan, onlara ilham veren \u015fehir. Yazar\u0131m\u0131z Ahmet Soysal, \u0130zmir&#8217;den, Ege&#8217;den y\u00fckselen etkili bir hayk\u0131r\u0131\u015f. \u0130nsan merkezli bak\u0131\u015f a\u00e7\u0131s\u0131yla, zaten insanlar\u0131n meydana getirdi\u011fi problemleri \u00e7\u00f6zmek m\u00fcmk\u00fcn de\u011fil. Bak\u0131\u015f a\u00e7\u0131m\u0131z\u0131 de\u011fi\u015ftirmek, dayan\u0131\u015fmak i\u00e7in daha incelikli d\u00fc\u015f\u00fcnmeli, durup ku\u015fbak\u0131\u015f\u0131 bakmay\u0131 yeniden denemeli ve omuz omuza vermeliyiz. Ahmet Soysal yaz\u0131lar\u0131 ve etki alan\u0131yla bunu m\u00fcmk\u00fcn k\u0131lan, \u00e7ok de\u011ferli bir kalem.  Bug\u00fcn Ege&#8217;nin sesine Karadeniz, Akdeniz ve t\u00fcm Anadolu kulak kesilmeli. \u00c7\u00fcnk\u00fc artan termik santraller, siyan\u00fcrl\u00fc madenler, hesler, resler, planlanan n\u00fckleer santraller ve daha niceleri ile iklimi tetikleyen, tar\u0131m\u0131 topra\u011f\u0131 bitiren, hi\u00e7 durmadan iti\u015fen bir g\u00fcruhla kar\u015f\u0131 kar\u015f\u0131yay\u0131z.  K\u00f6yde, k\u0131rda, kentte \u00f6\u011frencilerden emeklilere kadar gittik\u00e7e b\u00fcy\u00fcyen bir toplumsal muhalefet direniyor ve \u00f6n\u00fcnde sonunda kazanmak zorunda. \u00c7\u00fcnk\u00fc gidece\u011fimiz ne ba\u015fka bir gezegen var ne de ba\u015fka bir memleket var. Soludu\u011fumuz hava, ekip bi\u00e7ti\u011fimiz tarlalar, i\u00e7ti\u011fim sular kirletilirken, k\u00f6\u015femizde oturup seyretmeyece\u011fiz. Yazarak, \u00e7izerek dayan\u0131\u015fma i\u00e7inde s\u00f6z\u00fcm\u00fcz\u00fc s\u00f6yleyip, hakl\u0131l\u0131\u011f\u0131m\u0131z\u0131 takip edece\u011fiz. \u0130yi ki Ahmet Sosyal gibi onurlu insanlar var. \u0130yi ki \u0130zmirliler var, umut sa\u00e7an Egeliler var.       <\/p>\n","protected":false},"excerpt":{"rendered":"<p>Ege, T\u00fcrkiye&#8217;nin do\u011fa tahribat\u0131nda en \u00e7ok ac\u0131 \u00e7eken, m\u00fccadeleye ilk ba\u015flayan ve ba\u015f\u0131 \u00e7eken b\u00f6lgesi. \u0130zmir, bu m\u00fccadeleyi veren insanlar\u0131 bulu\u015fturan, onlara ilham veren \u015fehir. Yazar\u0131m\u0131z<span class=\"excerpt-hellip\"> [\u2026]<\/span><\/p>\n","protected":false},"featured_media":0,"template":"","meta":{"_monsterinsights_skip_tracking":false,"_monsterinsights_sitenote_active":false,"_monsterinsights_sitenote_note":"","_monsterinsights_sitenote_category":0},"product_brand":[],"product_cat":[13072,12291],"product_tag":[],"class_list":{"0":"post-717677","1":"product","2":"type-product","3":"status-publish","5":"product_cat-arastirma-inceleme-referans","6":"product_cat-edebiyat","7":"pa_cilt-ciltsiz","8":"pa_tur-kitap","9":"pa_yayinevi-yeni-insan-yayinlari","10":"pa_yazar-ahmet-soysal","12":"first","13":"instock","14":"sale","15":"shipping-taxable","16":"purchasable","17":"product-type-simple"},"_links":{"self":[{"href":"https:\/\/roveyayinevi.com.tr\/index.php\/wp-json\/wp\/v2\/product\/717677","targetHints":{"allow":["GET"]}}],"collection":[{"href":"https:\/\/roveyayinevi.com.tr\/index.php\/wp-json\/wp\/v2\/product"}],"about":[{"href":"https:\/\/roveyayinevi.com.tr\/index.php\/wp-json\/wp\/v2\/types\/product"}],"wp:attachment":[{"href":"https:\/\/roveyayinevi.com.tr\/index.php\/wp-json\/wp\/v2\/media?parent=717677"}],"wp:term":[{"taxonomy":"product_brand","embeddable":true,"href":"https:\/\/roveyayinevi.com.tr\/index.php\/wp-json\/wp\/v2\/product_brand?post=717677"},{"taxonomy":"product_cat","embeddable":true,"href":"https:\/\/roveyayinevi.com.tr\/index.php\/wp-json\/wp\/v2\/product_cat?post=717677"},{"taxonomy":"product_tag","embeddable":true,"href":"https:\/\/roveyayinevi.com.tr\/index.php\/wp-json\/wp\/v2\/product_tag?post=717677"}],"curies":[{"name":"wp","href":"https:\/\/api.w.org\/{rel}","templated":true}]}}