{"id":717673,"date":"2025-08-27T17:58:44","date_gmt":"2025-08-27T14:58:44","guid":{"rendered":"https:\/\/roveyayinevi.com.tr\/index.php\/urun\/diyanetin-fetvalari\/"},"modified":"2026-04-16T02:25:51","modified_gmt":"2026-04-15T23:25:51","slug":"diyanetin-fetvalari","status":"publish","type":"product","link":"https:\/\/roveyayinevi.com.tr\/index.php\/urun\/diyanetin-fetvalari\/","title":{"rendered":"Diyanet&#8217;in Fetvalar\u0131"},"content":{"rendered":"<p>Diyanet \u0130\u015fleri Ba\u015fkanl\u0131\u011f\u0131, bas\u0131na yans\u0131yan\u0131n \u00e7ok \u00f6tesinde yay\u0131mlad\u0131\u011f\u0131 binlerce fetvayla bir \u201cfetva kurumu\u201d ve \u201c\u015feriat bakanl\u0131\u011f\u0131\u201d olarak \u00f6ne \u00e7\u0131kar\u0131lm\u0131\u015ft\u0131r.Dahas\u0131 Diyanet yeni bir devlet tasar\u0131m\u0131nda konumland\u0131r\u0131lm\u0131\u015f, belli bir dini g\u00f6r\u00fc\u015fe dayal\u0131 \u015feriat devletinin ideolojik kurumuna d\u00f6n\u00fc\u015ft\u00fcr\u00fclm\u00fc\u015ft\u00fcr.Fetvalar\u0131 incelerken Milli E\u011fitim Bakanl\u0131\u011f\u0131\u2019n\u0131n yeni ders kitaplar\u0131ndaki ifadelerle benzerlik dikkatimi \u00e7ekti. Anla\u015f\u0131l\u0131yor ki fetvalar\u0131 yazanlar\u0131n ayn\u0131 zamanda ders kitaplar\u0131na da ilgileri var.Dolay\u0131s\u0131yla e\u011fitimden diyanete, devletin ve toplumun milli birli\u011fi bozucu y\u00f6nde d\u00f6n\u00fc\u015ft\u00fcr\u00fclmesiyle kar\u015f\u0131 kar\u015f\u0131yay\u0131z.Bu \u00e7al\u0131\u015fmamda Atat\u00fcrk\u2019ten bug\u00fcne Diyanet\u2019in d\u00f6n\u00fc\u015f\u00fcm\u00fcn\u00fc ele ald\u0131m. Milli devlete, laikli\u011fe, insan onuruna, kad\u0131n\u0131n \u00f6zg\u00fcrl\u00fc\u011f\u00fcne, toplumsal huzura ayk\u0131r\u0131 yorumlar\u0131 Diyanet\u2019in fetvalar\u0131 \u00fczerinden inceledim. Fetvalar\u0131n hukukumuza ayk\u0131r\u0131l\u0131\u011f\u0131n\u0131 yasalar\u0131m\u0131z\u0131n ilgili maddeleriyle kar\u015f\u0131la\u015ft\u0131rarak g\u00f6sterdim.Kitab\u0131n ba\u011f\u0131ms\u0131z, \u00e7a\u011fda\u015f, kad\u0131n\u0131n de\u011fer g\u00f6rd\u00fc\u011f\u00fc bir devlet ve toplum olarak ya\u015famam\u0131zda de\u011ferlendirilmesi umuduyla\u2026<\/p>\n","protected":false},"excerpt":{"rendered":"<p>Diyanet \u0130\u015fleri Ba\u015fkanl\u0131\u011f\u0131, bas\u0131na yans\u0131yan\u0131n \u00e7ok \u00f6tesinde yay\u0131mlad\u0131\u011f\u0131 binlerce fetvayla bir \u201cfetva kurumu\u201d ve \u201c\u015feriat bakanl\u0131\u011f\u0131\u201d olarak \u00f6ne \u00e7\u0131kar\u0131lm\u0131\u015ft\u0131r.Dahas\u0131 Diyanet yeni bir devlet tasar\u0131m\u0131nda konumland\u0131r\u0131lm\u0131\u015f, belli<span class=\"excerpt-hellip\"> [\u2026]<\/span><\/p>\n","protected":false},"featured_media":0,"template":"","meta":{"_monsterinsights_skip_tracking":false,"_monsterinsights_sitenote_active":false,"_monsterinsights_sitenote_note":"","_monsterinsights_sitenote_category":0},"product_brand":[],"product_cat":[13590,12337],"product_tag":[],"class_list":{"0":"post-717673","1":"product","2":"type-product","3":"status-publish","5":"product_cat-arastirma-inceleme-politika-siyaset","6":"product_cat-politika-siyaset","7":"pa_cilt-ciltsiz","8":"pa_tur-kitap","9":"pa_yayinevi-kaynak-yayinlari","10":"pa_yazar-mustafa-solak","12":"first","13":"instock","14":"sale","15":"shipping-taxable","16":"purchasable","17":"product-type-simple"},"_links":{"self":[{"href":"https:\/\/roveyayinevi.com.tr\/index.php\/wp-json\/wp\/v2\/product\/717673","targetHints":{"allow":["GET"]}}],"collection":[{"href":"https:\/\/roveyayinevi.com.tr\/index.php\/wp-json\/wp\/v2\/product"}],"about":[{"href":"https:\/\/roveyayinevi.com.tr\/index.php\/wp-json\/wp\/v2\/types\/product"}],"wp:attachment":[{"href":"https:\/\/roveyayinevi.com.tr\/index.php\/wp-json\/wp\/v2\/media?parent=717673"}],"wp:term":[{"taxonomy":"product_brand","embeddable":true,"href":"https:\/\/roveyayinevi.com.tr\/index.php\/wp-json\/wp\/v2\/product_brand?post=717673"},{"taxonomy":"product_cat","embeddable":true,"href":"https:\/\/roveyayinevi.com.tr\/index.php\/wp-json\/wp\/v2\/product_cat?post=717673"},{"taxonomy":"product_tag","embeddable":true,"href":"https:\/\/roveyayinevi.com.tr\/index.php\/wp-json\/wp\/v2\/product_tag?post=717673"}],"curies":[{"name":"wp","href":"https:\/\/api.w.org\/{rel}","templated":true}]}}