{"id":717670,"date":"2025-08-27T17:58:42","date_gmt":"2025-08-27T14:58:42","guid":{"rendered":"https:\/\/roveyayinevi.com.tr\/index.php\/urun\/bir-egitimci-olarak-hz-muhammed-sas-ve-ogretim-metodlari\/"},"modified":"2026-04-16T02:25:51","modified_gmt":"2026-04-15T23:25:51","slug":"bir-egitimci-olarak-hz-muhammed-sas-ve-ogretim-metodlari","status":"publish","type":"product","link":"https:\/\/roveyayinevi.com.tr\/index.php\/urun\/bir-egitimci-olarak-hz-muhammed-sas-ve-ogretim-metodlari\/","title":{"rendered":"Bir E\u011fitimci Olarak Hz. Muhammed (SAS) ve \u00d6\u011fretim Metodlar\u0131"},"content":{"rendered":"<p>Merak ve \u00f6\u011frenme duygusu insanl\u0131ktarihi kadar eski bir kavramd\u0131r.Her insan do\u011far do\u011fmaz bilmeye,\u00f6\u011frenmeye ba\u015flar ve \u00e7ok az\u0131\u00f6\u011frendiklerini \u00f6\u011fretmemelekesi kazan\u0131r.Elinizdeki eser, bilginin her \u015feyiku\u015fatt\u0131\u011f\u0131 bu \u00e7a\u011fda de\u011fi\u015fen ve geli\u015fene\u011fitim metotlar\u0131na \u00f6nc\u00fcl\u00fck edecekipu\u00e7lar\u0131 sunmaktad\u0131r. Ayr\u0131camuazzam hayat\u0131yla t\u00fcm insanl\u0131\u011fa\u00f6rnek olan Peygamber Efendimiz\u2019in\u00f6\u011fretimde kulland\u0131\u011f\u0131 farkl\u0131ve etkili y\u00f6ntemleri sadebir \u00fcslupla anlatmaktad\u0131r.Otuz y\u0131l\u0131 a\u015fk\u0131n bir \u00e7al\u0131\u015fman\u0131n \u00fcr\u00fcn\u00fcolan bu m\u00fcstesna eser cehaletind\u00fc\u015fman\u0131 olan her ya\u015ftan okuyucununba\u015fucu kitab\u0131 olmay\u0131 hak etmektedir. <\/p>\n","protected":false},"excerpt":{"rendered":"<p>Merak ve \u00f6\u011frenme duygusu insanl\u0131ktarihi kadar eski bir kavramd\u0131r.Her insan do\u011far do\u011fmaz bilmeye,\u00f6\u011frenmeye ba\u015flar ve \u00e7ok az\u0131\u00f6\u011frendiklerini \u00f6\u011fretmemelekesi kazan\u0131r.Elinizdeki eser, bilginin her \u015feyiku\u015fatt\u0131\u011f\u0131 bu \u00e7a\u011fda de\u011fi\u015fen<span class=\"excerpt-hellip\"> [\u2026]<\/span><\/p>\n","protected":false},"featured_media":0,"template":"","meta":{"_monsterinsights_skip_tracking":false,"_monsterinsights_sitenote_active":false,"_monsterinsights_sitenote_note":"","_monsterinsights_sitenote_category":0},"product_brand":[],"product_cat":[18094,12718,12719],"product_tag":[],"class_list":{"0":"post-717670","1":"product","2":"type-product","3":"status-publish","5":"product_cat-biyografi-otobiyografi-islam","6":"product_cat-din","7":"product_cat-islam","8":"pa_cilt-ciltsiz","9":"pa_tur-kitap","10":"pa_yayinevi-takdim-kitap","11":"pa_yazar-abdulfettah-ebu-gudde","13":"first","14":"instock","15":"sale","16":"shipping-taxable","17":"purchasable","18":"product-type-simple"},"_links":{"self":[{"href":"https:\/\/roveyayinevi.com.tr\/index.php\/wp-json\/wp\/v2\/product\/717670","targetHints":{"allow":["GET"]}}],"collection":[{"href":"https:\/\/roveyayinevi.com.tr\/index.php\/wp-json\/wp\/v2\/product"}],"about":[{"href":"https:\/\/roveyayinevi.com.tr\/index.php\/wp-json\/wp\/v2\/types\/product"}],"wp:attachment":[{"href":"https:\/\/roveyayinevi.com.tr\/index.php\/wp-json\/wp\/v2\/media?parent=717670"}],"wp:term":[{"taxonomy":"product_brand","embeddable":true,"href":"https:\/\/roveyayinevi.com.tr\/index.php\/wp-json\/wp\/v2\/product_brand?post=717670"},{"taxonomy":"product_cat","embeddable":true,"href":"https:\/\/roveyayinevi.com.tr\/index.php\/wp-json\/wp\/v2\/product_cat?post=717670"},{"taxonomy":"product_tag","embeddable":true,"href":"https:\/\/roveyayinevi.com.tr\/index.php\/wp-json\/wp\/v2\/product_tag?post=717670"}],"curies":[{"name":"wp","href":"https:\/\/api.w.org\/{rel}","templated":true}]}}