{"id":717668,"date":"2025-08-27T17:58:41","date_gmt":"2025-08-27T14:58:41","guid":{"rendered":"https:\/\/roveyayinevi.com.tr\/index.php\/urun\/elric-kiliclar-ve-guller\/"},"modified":"2026-04-16T02:25:51","modified_gmt":"2026-04-15T23:25:51","slug":"elric-kiliclar-ve-guller","status":"publish","type":"product","link":"https:\/\/roveyayinevi.com.tr\/index.php\/urun\/elric-kiliclar-ve-guller\/","title":{"rendered":"Elric &#8211; K\u0131l\u0131\u00e7lar ve G\u00fcller"},"content":{"rendered":"<p>Fantastik edebiyatta hi\u00e7bir karakterin yapamad\u0131\u011f\u0131n\u0131 yapan, takip\u00e7isi eserleri k\u00f6kten etkileyen yeg\u00e2ne karakter: Moorcock&#8217;\u0131n fiziksel olarak zay\u0131f, zihinsel olarak sorunlu, bir uyu\u015fturucu ba\u011f\u0131ml\u0131s\u0131 gibi k\u0131l\u0131c\u0131na tutkun, rock&#8217;n&#8217;roll tarz\u0131 anti-kahraman\u0131 Elric!   Michael Moorcock\u2019\u0131n yaratt\u0131\u011f\u0131 efsanevi karakter Melnibon\u00e9li Elric, serinin alt\u0131nc\u0131 ve sonuncu kitab\u0131 K\u0131l\u0131\u00e7lar ve G\u00fcller\u2019de bizi \u00e7okluevrende bir maceraya g\u00f6t\u00fcr\u00fcyor. Kitab\u0131n ana \u00f6yk\u00fcs\u00fc olan G\u00fcl\u2019\u00fcn \u0130ntikam\u0131\u2019nda R\u00fcya G\u00f6ren \u015eehir\u2019e d\u00f6nen Elric\u2019in babas\u0131n\u0131n hayaletiyle kar\u015f\u0131la\u015fmas\u0131n\u0131 ve hem kendi ruhu hem de babas\u0131n\u0131n ruhu i\u00e7in \u00e7okluevrende cehennemin sakinleriyle giri\u015fece\u011fi m\u00fccadele anlat\u0131l\u0131yor.   G\u00fcl\u2019\u00fcn \u0130ntikam\u0131\u2019na ek olarak F\u0131rt\u0131nayaratan i\u00e7in yaz\u0131lm\u0131\u015f bir film senaryosunun tasla\u011f\u0131yla Siyah Ta\u00e7 Yapraklar\u0131 isimli bir Elric novellas\u0131 da kitapta bulabilece\u011finiz metinlerden. Michael Moorcock \u00f6nceki ciltlerde ba\u015flad\u0131\u011f\u0131 \u201cFantazi Suretleri\u201d isimli fantastik edebiyat tarihi \u00fczerine makalesini bu ciltte sona erdiriyor. <\/p>\n","protected":false},"excerpt":{"rendered":"<p>Fantastik edebiyatta hi\u00e7bir karakterin yapamad\u0131\u011f\u0131n\u0131 yapan, takip\u00e7isi eserleri k\u00f6kten etkileyen yeg\u00e2ne karakter: Moorcock&#8217;\u0131n fiziksel olarak zay\u0131f, zihinsel olarak sorunlu, bir uyu\u015fturucu ba\u011f\u0131ml\u0131s\u0131 gibi k\u0131l\u0131c\u0131na tutkun, rock&#8217;n&#8217;roll<span class=\"excerpt-hellip\"> [\u2026]<\/span><\/p>\n","protected":false},"featured_media":0,"template":"","meta":{"_monsterinsights_skip_tracking":false,"_monsterinsights_sitenote_active":false,"_monsterinsights_sitenote_note":"","_monsterinsights_sitenote_category":0},"product_brand":[],"product_cat":[12291,14777],"product_tag":[],"class_list":{"0":"post-717668","1":"product","2":"type-product","3":"status-publish","5":"product_cat-edebiyat","6":"product_cat-fantastik","7":"pa_cilt-ciltsiz","8":"pa_tur-kitap","9":"pa_yayinevi-ithaki-yayinlari","10":"pa_yazar-michael-moorcock","12":"first","13":"instock","14":"sale","15":"shipping-taxable","16":"purchasable","17":"product-type-simple"},"_links":{"self":[{"href":"https:\/\/roveyayinevi.com.tr\/index.php\/wp-json\/wp\/v2\/product\/717668","targetHints":{"allow":["GET"]}}],"collection":[{"href":"https:\/\/roveyayinevi.com.tr\/index.php\/wp-json\/wp\/v2\/product"}],"about":[{"href":"https:\/\/roveyayinevi.com.tr\/index.php\/wp-json\/wp\/v2\/types\/product"}],"wp:attachment":[{"href":"https:\/\/roveyayinevi.com.tr\/index.php\/wp-json\/wp\/v2\/media?parent=717668"}],"wp:term":[{"taxonomy":"product_brand","embeddable":true,"href":"https:\/\/roveyayinevi.com.tr\/index.php\/wp-json\/wp\/v2\/product_brand?post=717668"},{"taxonomy":"product_cat","embeddable":true,"href":"https:\/\/roveyayinevi.com.tr\/index.php\/wp-json\/wp\/v2\/product_cat?post=717668"},{"taxonomy":"product_tag","embeddable":true,"href":"https:\/\/roveyayinevi.com.tr\/index.php\/wp-json\/wp\/v2\/product_tag?post=717668"}],"curies":[{"name":"wp","href":"https:\/\/api.w.org\/{rel}","templated":true}]}}