{"id":717666,"date":"2025-08-27T17:58:39","date_gmt":"2025-08-27T14:58:39","guid":{"rendered":"https:\/\/roveyayinevi.com.tr\/index.php\/urun\/doga-ve-direnis-oykuleri\/"},"modified":"2026-04-16T02:25:51","modified_gmt":"2026-04-15T23:25:51","slug":"doga-ve-direnis-oykuleri","status":"publish","type":"product","link":"https:\/\/roveyayinevi.com.tr\/index.php\/urun\/doga-ve-direnis-oykuleri\/","title":{"rendered":"Do\u011fa ve Direni\u015f \u00d6yk\u00fcleri"},"content":{"rendered":"<p>\u00dclkemizde son y\u0131llarda gittik\u00e7e artan yo\u011funlukta bir m\u00fccadelenin geli\u015fti\u011fine tan\u0131kl\u0131k ediyoruz.   Ekoloji m\u00fccadelesi, halk\u0131n ya\u015fam alanlar\u0131n\u0131 koruma m\u00fccadelesinin de \u00f6tesine ge\u00e7en bir niteli\u011fe b\u00fcr\u00fcnerek kelimenin ger\u00e7ek anlam\u0131yla ya\u015fam m\u00fccadelesi halini alm\u0131\u015f durumda.   D\u00fcnyaya egemen olan sistem, do\u011fan\u0131n talan\u0131n\u0131 ve y\u0131k\u0131m\u0131n\u0131 da beraberinde getiriyor. Son d\u00f6nemde i\u015f ba\u015f\u0131na gelen iktidarlar \u00e7evre sorunlar\u0131na \u00e7\u00f6z\u00fcm \u00fcretmek yerine, yeni sorunlar\u0131 do\u011furan bir ekonomik-politik hatta ilerliyor. Do\u011fal olarak hava kirleniyor, su kirleniyor, toprak kirleniyor, ekmek kirleniyor!..   Elinizdeki kitapta \u00fclkemizin d\u00f6rt bir yan\u0131nda s\u00fcren ekoloji m\u00fccadelelerinden do\u011fa, ya\u015fam ve direni\u015f \u00f6yk\u00fcleri var. \u00d6yk\u00fclerde anlat\u0131lan olaylar\u0131n hemen hepsi, i\u00e7inde ge\u00e7en ki\u015filer ve yerlerin ise b\u00fcy\u00fck bir \u00e7o\u011funlu\u011fu ger\u00e7ek. Foto\u011fraflar\u0131n \u00f6nemli bir b\u00f6l\u00fcm\u00fc de \u00e7o\u011fu halen devam eden bu m\u00fccadelelerden kesitleri i\u00e7eriyor.   Daha \u00f6nce yazd\u0131\u011f\u0131 \u00fc\u00e7 kitapta da ekoloji meselelerine ara\u015ft\u0131rmac\u0131 bir gazetecinin g\u00f6z\u00fc ile de\u011finen \u00d6zer Akdemir, bu kez edebiyatla anlatmaya \u00e7al\u0131\u015f\u0131yor verilen m\u00fccadeleyi. Bir da\u011f\u0131n, bir insan\u0131n, bir k\u00f6y\u00fcn, bir zeytinin ya da turnan\u0131n g\u00f6z\u00fcnden Anadolu&#8217;nun yitip giden, yok edilen varl\u0131klar\u0131n\u0131n ve bu yok olu\u015fa kar\u015f\u0131 do\u011fan\u0131n-insan\u0131n-ya\u015fam\u0131n direni\u015finin \u00f6yk\u00fcleri bunlar. Her bir \u00f6yk\u00fc ya\u015fam\u0131n do\u011fas\u0131n\u0131n direni\u015f \u00fczerine kuruldu\u011funu, do\u011fan\u0131n ise direni\u015fin ta kendisi oldu\u011funu anlat\u0131yor&#8230; <\/p>\n","protected":false},"excerpt":{"rendered":"<p>\u00dclkemizde son y\u0131llarda gittik\u00e7e artan yo\u011funlukta bir m\u00fccadelenin geli\u015fti\u011fine tan\u0131kl\u0131k ediyoruz. Ekoloji m\u00fccadelesi, halk\u0131n ya\u015fam alanlar\u0131n\u0131 koruma m\u00fccadelesinin de \u00f6tesine ge\u00e7en bir niteli\u011fe b\u00fcr\u00fcnerek kelimenin ger\u00e7ek<span class=\"excerpt-hellip\"> [\u2026]<\/span><\/p>\n","protected":false},"featured_media":0,"template":"","meta":{"_monsterinsights_skip_tracking":false,"_monsterinsights_sitenote_active":false,"_monsterinsights_sitenote_note":"","_monsterinsights_sitenote_category":0},"product_brand":[],"product_cat":[13072,12291],"product_tag":[],"class_list":{"0":"post-717666","1":"product","2":"type-product","3":"status-publish","5":"product_cat-arastirma-inceleme-referans","6":"product_cat-edebiyat","7":"pa_cilt-ciltsiz","8":"pa_tur-kitap","9":"pa_yayinevi-yeni-insan-yayinlari","10":"pa_yazar-ozer-akdemir","12":"first","13":"instock","14":"sale","15":"shipping-taxable","16":"purchasable","17":"product-type-simple"},"_links":{"self":[{"href":"https:\/\/roveyayinevi.com.tr\/index.php\/wp-json\/wp\/v2\/product\/717666","targetHints":{"allow":["GET"]}}],"collection":[{"href":"https:\/\/roveyayinevi.com.tr\/index.php\/wp-json\/wp\/v2\/product"}],"about":[{"href":"https:\/\/roveyayinevi.com.tr\/index.php\/wp-json\/wp\/v2\/types\/product"}],"wp:attachment":[{"href":"https:\/\/roveyayinevi.com.tr\/index.php\/wp-json\/wp\/v2\/media?parent=717666"}],"wp:term":[{"taxonomy":"product_brand","embeddable":true,"href":"https:\/\/roveyayinevi.com.tr\/index.php\/wp-json\/wp\/v2\/product_brand?post=717666"},{"taxonomy":"product_cat","embeddable":true,"href":"https:\/\/roveyayinevi.com.tr\/index.php\/wp-json\/wp\/v2\/product_cat?post=717666"},{"taxonomy":"product_tag","embeddable":true,"href":"https:\/\/roveyayinevi.com.tr\/index.php\/wp-json\/wp\/v2\/product_tag?post=717666"}],"curies":[{"name":"wp","href":"https:\/\/api.w.org\/{rel}","templated":true}]}}