{"id":717661,"date":"2025-08-27T17:58:36","date_gmt":"2025-08-27T14:58:36","guid":{"rendered":"https:\/\/roveyayinevi.com.tr\/index.php\/urun\/doktor-bantamin-hayali\/"},"modified":"2026-04-11T13:45:10","modified_gmt":"2026-04-11T10:45:10","slug":"doktor-bantamin-hayali","status":"publish","type":"product","link":"https:\/\/roveyayinevi.com.tr\/index.php\/urun\/doktor-bantamin-hayali\/","title":{"rendered":"Doktor Bantam&#8217;\u0131n Hayali"},"content":{"rendered":"<p>Thornton, ablas\u0131n\u0131n \u00f6l\u00fcm\u00fcn\u00fcn sars\u0131c\u0131 etkilerini \u00e7ok yo\u011fun bir \u015fekilde hisseden Julie\u2019nin, Bir \u00e7e\u015fit tarikat olan Zamansal Yan\u0131lsamalar Entit\u00fcs\u00fc\u2019ne d\u00e2hil olarak bir bak\u0131ma ya\u015fam\u0131n anlam\u0131na ula\u015ft\u0131\u011f\u0131n\u0131 d\u00fc\u015f\u00fcnen Patrice\u2019in ve di\u011fer karakterlerin fiziksel ve duygusal \u00e7evresine okurun kelimenin tam anlam\u0131yla girebilece\u011fi, punk ve kederli bir anlat\u0131 sunuyor. Bu anlat\u0131da kayb\u0131n ac\u0131s\u0131n\u0131, anlam aray\u0131\u015f\u0131n\u0131n duygusal y\u00fck\u00fcn\u00fc, \u015fehveti yer yer ayn\u0131 anda hissedeceksiniz. <\/p>\n","protected":false},"excerpt":{"rendered":"<p>Thornton, ablas\u0131n\u0131n \u00f6l\u00fcm\u00fcn\u00fcn sars\u0131c\u0131 etkilerini \u00e7ok yo\u011fun bir \u015fekilde hisseden Julie\u2019nin, Bir \u00e7e\u015fit tarikat olan Zamansal Yan\u0131lsamalar Entit\u00fcs\u00fc\u2019ne d\u00e2hil olarak bir bak\u0131ma ya\u015fam\u0131n anlam\u0131na ula\u015ft\u0131\u011f\u0131n\u0131 d\u00fc\u015f\u00fcnen<span class=\"excerpt-hellip\"> [\u2026]<\/span><\/p>\n","protected":false},"featured_media":0,"template":"","meta":{"_monsterinsights_skip_tracking":false,"_monsterinsights_sitenote_active":false,"_monsterinsights_sitenote_note":"","_monsterinsights_sitenote_category":0},"product_brand":[],"product_cat":[12291,12711],"product_tag":[],"class_list":{"0":"post-717661","1":"product","2":"type-product","3":"status-publish","5":"product_cat-edebiyat","6":"product_cat-roman-oyku","7":"pa_cilt-ciltsiz","8":"pa_tur-kitap","9":"pa_yayinevi-heretik-yayincilik","10":"pa_yazar-jeanne-thornton","12":"first","13":"instock","14":"sale","15":"shipping-taxable","16":"purchasable","17":"product-type-simple"},"_links":{"self":[{"href":"https:\/\/roveyayinevi.com.tr\/index.php\/wp-json\/wp\/v2\/product\/717661","targetHints":{"allow":["GET"]}}],"collection":[{"href":"https:\/\/roveyayinevi.com.tr\/index.php\/wp-json\/wp\/v2\/product"}],"about":[{"href":"https:\/\/roveyayinevi.com.tr\/index.php\/wp-json\/wp\/v2\/types\/product"}],"wp:attachment":[{"href":"https:\/\/roveyayinevi.com.tr\/index.php\/wp-json\/wp\/v2\/media?parent=717661"}],"wp:term":[{"taxonomy":"product_brand","embeddable":true,"href":"https:\/\/roveyayinevi.com.tr\/index.php\/wp-json\/wp\/v2\/product_brand?post=717661"},{"taxonomy":"product_cat","embeddable":true,"href":"https:\/\/roveyayinevi.com.tr\/index.php\/wp-json\/wp\/v2\/product_cat?post=717661"},{"taxonomy":"product_tag","embeddable":true,"href":"https:\/\/roveyayinevi.com.tr\/index.php\/wp-json\/wp\/v2\/product_tag?post=717661"}],"curies":[{"name":"wp","href":"https:\/\/api.w.org\/{rel}","templated":true}]}}