{"id":717656,"date":"2025-08-27T17:58:33","date_gmt":"2025-08-27T14:58:33","guid":{"rendered":"https:\/\/roveyayinevi.com.tr\/index.php\/urun\/bambi-2\/"},"modified":"2026-04-16T02:25:50","modified_gmt":"2026-04-15T23:25:50","slug":"bambi-2","status":"publish","type":"product","link":"https:\/\/roveyayinevi.com.tr\/index.php\/urun\/bambi-2\/","title":{"rendered":"Bambi"},"content":{"rendered":"<p>B\u00fct\u00fcn karaca yavrular\u0131 gibi Bambi de do\u011far do\u011fmaz aya\u011fa kalkt\u0131. G\u00f6rd\u00fc\u011f\u00fc ilk canl\u0131 annesiydi ve harika biriydi. Annesinin sevgisi ve rehberli\u011fiyle k\u0131sa s\u00fcrede orman hakk\u0131nda her \u015feyi \u00f6\u011frenmi\u015fti. Ormanda \u00e7ok farkl\u0131 hayvanlar ve bitkiler vard\u0131. Saksa\u011fan biraz geveze, sincap ise arkada\u015f canl\u0131s\u0131yd\u0131. Bambi kelebeklerin kesinlikle \u00e7ok \u00e7\u0131lg\u0131n oldu\u011funa karar vermi\u015fti. Di\u011fer karacalarla tan\u0131\u015fmak da minik karaca yavrusunu \u00e7ok \u015fa\u015f\u0131rtm\u0131\u015ft\u0131. \u0130kiz kuzenleri ona \u00e7ok benziyorlard\u0131 ama huylar\u0131 bamba\u015fkayd\u0131. Asl\u0131nda ormandaki b\u00fct\u00fcn karacalar akrabayd\u0131. K\u0131sa s\u00fcre i\u00e7inde Bambi ormandaki ya\u015fam\u0131n m\u00fckemmel oldu\u011funu anlam\u0131\u015ft\u0131, ancak bilmedi\u011fi \u015feyler vard\u0131. S\u0131cak g\u00fcnler ge\u00e7ip de k\u0131\u015f geldi\u011finde, orman \u00e7ok tehlikeli bir yere d\u00f6n\u00fc\u015f\u00fcyordu. \u00dcstelik k\u0131\u015f olmasa bile korkun\u00e7 bir tehlike pusuda beklemekteydi.<\/p>\n","protected":false},"excerpt":{"rendered":"<p>B\u00fct\u00fcn karaca yavrular\u0131 gibi Bambi de do\u011far do\u011fmaz aya\u011fa kalkt\u0131. G\u00f6rd\u00fc\u011f\u00fc ilk canl\u0131 annesiydi ve harika biriydi. Annesinin sevgisi ve rehberli\u011fiyle k\u0131sa s\u00fcrede orman hakk\u0131nda her<span class=\"excerpt-hellip\"> [\u2026]<\/span><\/p>\n","protected":false},"featured_media":0,"template":"","meta":{"_monsterinsights_skip_tracking":false,"_monsterinsights_sitenote_active":false,"_monsterinsights_sitenote_note":"","_monsterinsights_sitenote_category":0},"product_brand":[],"product_cat":[12913,12274],"product_tag":[],"class_list":{"0":"post-717656","1":"product","2":"type-product","3":"status-publish","5":"product_cat-3-6-yas-kitaplari","6":"product_cat-cocuk-ve-genclik-kitaplari","7":"pa_cilt-ciltsiz","8":"pa_tur-kitap","9":"pa_yayinevi-is-bankasi-kultur-yayinlari","10":"pa_yazar-felix-salten","12":"first","13":"instock","14":"sale","15":"shipping-taxable","16":"purchasable","17":"product-type-simple"},"_links":{"self":[{"href":"https:\/\/roveyayinevi.com.tr\/index.php\/wp-json\/wp\/v2\/product\/717656","targetHints":{"allow":["GET"]}}],"collection":[{"href":"https:\/\/roveyayinevi.com.tr\/index.php\/wp-json\/wp\/v2\/product"}],"about":[{"href":"https:\/\/roveyayinevi.com.tr\/index.php\/wp-json\/wp\/v2\/types\/product"}],"wp:attachment":[{"href":"https:\/\/roveyayinevi.com.tr\/index.php\/wp-json\/wp\/v2\/media?parent=717656"}],"wp:term":[{"taxonomy":"product_brand","embeddable":true,"href":"https:\/\/roveyayinevi.com.tr\/index.php\/wp-json\/wp\/v2\/product_brand?post=717656"},{"taxonomy":"product_cat","embeddable":true,"href":"https:\/\/roveyayinevi.com.tr\/index.php\/wp-json\/wp\/v2\/product_cat?post=717656"},{"taxonomy":"product_tag","embeddable":true,"href":"https:\/\/roveyayinevi.com.tr\/index.php\/wp-json\/wp\/v2\/product_tag?post=717656"}],"curies":[{"name":"wp","href":"https:\/\/api.w.org\/{rel}","templated":true}]}}