{"id":717652,"date":"2025-08-27T17:58:30","date_gmt":"2025-08-27T14:58:30","guid":{"rendered":"https:\/\/roveyayinevi.com.tr\/index.php\/urun\/haci-murat-7\/"},"modified":"2026-04-16T02:25:50","modified_gmt":"2026-04-15T23:25:50","slug":"haci-murat-7","status":"publish","type":"product","link":"https:\/\/roveyayinevi.com.tr\/index.php\/urun\/haci-murat-7\/","title":{"rendered":"Hac\u0131 Murat"},"content":{"rendered":"<p>1896-1904 y\u0131llar\u0131 aras\u0131nda yaz\u0131lan Hac\u0131 Murat, b\u00fcy\u00fck Rus yazar\u0131 Tolstoy\u2019un olgunluk d\u00f6nemi romanlar\u0131 aras\u0131nda yer al\u0131yor. Hac\u0131 Murat, 19. y\u00fczy\u0131lda Kafkas halklar\u0131 aras\u0131nda efsanele\u015fen \u015eeyh \u015eamil\u2019le daval\u0131d\u0131r. Yurt edinme, hayata tutunma, ba\u011f\u0131ms\u0131zl\u0131k, tutsakl\u0131k, ihanet ve iktidar sarmal\u0131nda bi\u00e7imlenen bir davan\u0131n kahraman\u0131d\u0131r. Zay\u0131fl\u0131klar\u0131n\u0131n ve g\u00fcc\u00fcn\u00fcn fark\u0131nda bir kahraman. Ac\u0131mas\u0131z bir co\u011frafyan\u0131n geni\u015f y\u00fcrekli insanlar\u0131 aras\u0131ndaki iktidar m\u00fccadelesinde taraf olmak zorunda kalm\u0131\u015ft\u0131r; Ruslar\u0131 da sevmez, \u015eeyh \u015eamil\u2019i de. Se\u00e7eneksiz kalmak, b\u00fct\u00fcn duygulardan ar\u0131nman\u0131n ba\u015flang\u0131c\u0131 ve sonucu belki de. Sava\u015f baz\u0131 insanlar\u0131n kaderidir. T\u0131pk\u0131 inanmasa da taraf olmak zorunda kalmak gibi. As\u0131l olansa direnmek. Her ko\u015fulda direnmek ve ayakta kalmak. Tolstoy, \u00f6l\u00fcm\u00fcne direnen bu kahraman\u0131 sonsuzlu\u011fa ta\u015f\u0131yor.<\/p>\n","protected":false},"excerpt":{"rendered":"<p>1896-1904 y\u0131llar\u0131 aras\u0131nda yaz\u0131lan Hac\u0131 Murat, b\u00fcy\u00fck Rus yazar\u0131 Tolstoy\u2019un olgunluk d\u00f6nemi romanlar\u0131 aras\u0131nda yer al\u0131yor. Hac\u0131 Murat, 19. y\u00fczy\u0131lda Kafkas halklar\u0131 aras\u0131nda efsanele\u015fen \u015eeyh \u015eamil\u2019le<span class=\"excerpt-hellip\"> [\u2026]<\/span><\/p>\n","protected":false},"featured_media":0,"template":"","meta":{"_monsterinsights_skip_tracking":false,"_monsterinsights_sitenote_active":false,"_monsterinsights_sitenote_note":"","_monsterinsights_sitenote_category":0},"product_brand":[],"product_cat":[12291,12711],"product_tag":[],"class_list":{"0":"post-717652","1":"product","2":"type-product","3":"status-publish","5":"product_cat-edebiyat","6":"product_cat-roman-oyku","7":"pa_cilt-ciltsiz","8":"pa_tur-kitap","9":"pa_yayinevi-can-yayinlari","10":"pa_yazar-lev-nikolayevic-tolstoy","12":"first","13":"instock","14":"sale","15":"shipping-taxable","16":"purchasable","17":"product-type-simple"},"_links":{"self":[{"href":"https:\/\/roveyayinevi.com.tr\/index.php\/wp-json\/wp\/v2\/product\/717652","targetHints":{"allow":["GET"]}}],"collection":[{"href":"https:\/\/roveyayinevi.com.tr\/index.php\/wp-json\/wp\/v2\/product"}],"about":[{"href":"https:\/\/roveyayinevi.com.tr\/index.php\/wp-json\/wp\/v2\/types\/product"}],"wp:attachment":[{"href":"https:\/\/roveyayinevi.com.tr\/index.php\/wp-json\/wp\/v2\/media?parent=717652"}],"wp:term":[{"taxonomy":"product_brand","embeddable":true,"href":"https:\/\/roveyayinevi.com.tr\/index.php\/wp-json\/wp\/v2\/product_brand?post=717652"},{"taxonomy":"product_cat","embeddable":true,"href":"https:\/\/roveyayinevi.com.tr\/index.php\/wp-json\/wp\/v2\/product_cat?post=717652"},{"taxonomy":"product_tag","embeddable":true,"href":"https:\/\/roveyayinevi.com.tr\/index.php\/wp-json\/wp\/v2\/product_tag?post=717652"}],"curies":[{"name":"wp","href":"https:\/\/api.w.org\/{rel}","templated":true}]}}