{"id":717650,"date":"2025-08-27T17:58:28","date_gmt":"2025-08-27T14:58:28","guid":{"rendered":"https:\/\/roveyayinevi.com.tr\/index.php\/urun\/kucuk-mozartlar-icin-piyano-metodu-2\/"},"modified":"2026-04-16T02:25:50","modified_gmt":"2026-04-15T23:25:50","slug":"kucuk-mozartlar-icin-piyano-metodu-2","status":"publish","type":"product","link":"https:\/\/roveyayinevi.com.tr\/index.php\/urun\/kucuk-mozartlar-icin-piyano-metodu-2\/","title":{"rendered":"K\u00fc\u00e7\u00fck Mozartlar \u0130\u00e7in Piyano Metodu 2"},"content":{"rendered":"<p>K\u00fc\u00e7\u00fck mozartlar serimizin elinizdeki bu ikinci metoduyla e\u011flenceli kolay ve h\u0131zl\u0131 bir e\u011fitim s\u00fcrecini ge\u00e7irmenizi hedefledik. Bu metodla yabanc\u0131 eserlerin yan\u0131 s\u0131ra pop\u00fcler film m\u00fcziklerinin d\u00fcznlemelerini ve t\u00fcrk m\u00fczi\u011fi eserlerinin piyano i\u00e7in d\u00fczenlenmelerini de \u00e7alacaks\u0131n\u0131z.. Bu sayede farkl\u0131 m\u00fczik zevki olan dinleyicinize de hitap edeceksiniz. \u00d6\u011frenim s\u00fcrecinizi kolayla\u015ft\u0131rman\u0131zi\u00e7in d\u00fczenli olarak her g\u00fcn piyano \u00e7alman\u0131z\u0131 m\u00fczik dinlemenizi ve \u00fcnl\u00fc piyanistleri izleyerek g\u00f6zlem yapman\u0131z\u0131 tavsiye ederim. <\/p>\n","protected":false},"excerpt":{"rendered":"<p>K\u00fc\u00e7\u00fck mozartlar serimizin elinizdeki bu ikinci metoduyla e\u011flenceli kolay ve h\u0131zl\u0131 bir e\u011fitim s\u00fcrecini ge\u00e7irmenizi hedefledik. Bu metodla yabanc\u0131 eserlerin yan\u0131 s\u0131ra pop\u00fcler film m\u00fcziklerinin d\u00fcznlemelerini<span class=\"excerpt-hellip\"> [\u2026]<\/span><\/p>\n","protected":false},"featured_media":0,"template":"","meta":{"_monsterinsights_skip_tracking":false,"_monsterinsights_sitenote_active":false,"_monsterinsights_sitenote_note":"","_monsterinsights_sitenote_category":0},"product_brand":[],"product_cat":[14556,14557],"product_tag":[],"class_list":{"0":"post-717650","1":"product","2":"type-product","3":"status-publish","5":"product_cat-muzik","6":"product_cat-nota-kitaplari","7":"pa_cilt-ciltsiz","8":"pa_tur-kitap","9":"pa_yayinevi-katre-muzik-okulu-yayinlari","10":"pa_yazar-goksen-tosuner","12":"first","13":"instock","14":"sale","15":"shipping-taxable","16":"purchasable","17":"product-type-simple"},"_links":{"self":[{"href":"https:\/\/roveyayinevi.com.tr\/index.php\/wp-json\/wp\/v2\/product\/717650","targetHints":{"allow":["GET"]}}],"collection":[{"href":"https:\/\/roveyayinevi.com.tr\/index.php\/wp-json\/wp\/v2\/product"}],"about":[{"href":"https:\/\/roveyayinevi.com.tr\/index.php\/wp-json\/wp\/v2\/types\/product"}],"wp:attachment":[{"href":"https:\/\/roveyayinevi.com.tr\/index.php\/wp-json\/wp\/v2\/media?parent=717650"}],"wp:term":[{"taxonomy":"product_brand","embeddable":true,"href":"https:\/\/roveyayinevi.com.tr\/index.php\/wp-json\/wp\/v2\/product_brand?post=717650"},{"taxonomy":"product_cat","embeddable":true,"href":"https:\/\/roveyayinevi.com.tr\/index.php\/wp-json\/wp\/v2\/product_cat?post=717650"},{"taxonomy":"product_tag","embeddable":true,"href":"https:\/\/roveyayinevi.com.tr\/index.php\/wp-json\/wp\/v2\/product_tag?post=717650"}],"curies":[{"name":"wp","href":"https:\/\/api.w.org\/{rel}","templated":true}]}}