{"id":717648,"date":"2025-08-27T17:58:27","date_gmt":"2025-08-27T14:58:27","guid":{"rendered":"https:\/\/roveyayinevi.com.tr\/index.php\/urun\/dunyalar-savasi-2\/"},"modified":"2026-04-16T02:25:50","modified_gmt":"2026-04-15T23:25:50","slug":"dunyalar-savasi-2","status":"publish","type":"product","link":"https:\/\/roveyayinevi.com.tr\/index.php\/urun\/dunyalar-savasi-2\/","title":{"rendered":"D\u00fcnyalar Sava\u015f\u0131"},"content":{"rendered":"<p>\u201c\u0130nsan \u00f6yle kibirlidir ve bu kibri y\u00fcz\u00fcnden \u00f6yle k\u00f6rle\u015fmi\u015ftir ki hi\u00e7bir yazar, insan\u0131nkine benzer d\u00fcnyevi bir akl\u0131n veya ondan daha zeki bir ya\u015fam formunun var olabilece\u011fini on dokuzuncu y\u00fczy\u0131l\u0131n sonuna kadar \u00f6ng\u00f6rememi\u015fti. Dahas\u0131, D\u00fcnya\u2019n\u0131n y\u00fczeysel olarak yakla\u015f\u0131k d\u00f6rtte birinden meydana gelen ve G\u00fcne\u015f\u2019ten daha uzak olan Mars\u2019\u0131n, hem D\u00fcnya\u2019dan daha ya\u015fl\u0131 oldu\u011fu hem de sadece zaman\u0131n ba\u015flang\u0131c\u0131na uzak de\u011fil, ayn\u0131 zamanda zaman\u0131n sonuna yak\u0131n oldu\u011fu ger\u00e7e\u011fi de g\u00f6z ard\u0131 edilmi\u015fti.\u201dD\u00fcnya, Marsl\u0131lar\u0131n istilas\u0131na u\u011frar. Devasa boyutlarda metalik bir \u00f6r\u00fcmce\u011fi and\u0131ran yap\u0131lar\u0131 ve yayd\u0131klar\u0131 \u00f6l\u00fcmc\u00fcl Is\u0131 I\u015f\u0131n\u0131 kar\u015f\u0131s\u0131nda D\u00fcnyal\u0131lar\u0131n hi\u00e7bir \u015fans\u0131 yoktur. D\u00fcnya tarihinin en \u00f6nemli sava\u015f\u0131 ba\u015flar ve insanl\u0131\u011f\u0131n sonu h\u0131zla yakla\u015f\u0131r. \u201cBilimkurgunun Shakespeare\u2019i\u201d olarak an\u0131lan H. G. Wells\u2019in ilk defa 1898 y\u0131l\u0131nda yay\u0131mlanan D\u00fcnyalar Sava\u015f\u0131 adl\u0131 bu kitab\u0131, \u00e7a\u011f\u0131n\u0131n ilk ve en iyi bilimkurgu yap\u0131tlar\u0131 aras\u0131ndaki yerini y\u0131llard\u0131r korumaktad\u0131r.<\/p>\n","protected":false},"excerpt":{"rendered":"<p>\u201c\u0130nsan \u00f6yle kibirlidir ve bu kibri y\u00fcz\u00fcnden \u00f6yle k\u00f6rle\u015fmi\u015ftir ki hi\u00e7bir yazar, insan\u0131nkine benzer d\u00fcnyevi bir akl\u0131n veya ondan daha zeki bir ya\u015fam formunun var olabilece\u011fini<span class=\"excerpt-hellip\"> [\u2026]<\/span><\/p>\n","protected":false},"featured_media":0,"template":"","meta":{"_monsterinsights_skip_tracking":false,"_monsterinsights_sitenote_active":false,"_monsterinsights_sitenote_note":"","_monsterinsights_sitenote_category":0},"product_brand":[],"product_cat":[12291,13872],"product_tag":[],"class_list":{"0":"post-717648","1":"product","2":"type-product","3":"status-publish","5":"product_cat-edebiyat","6":"product_cat-klasikler","7":"pa_cilt-ciltsiz","8":"pa_tur-kitap","9":"pa_yayinevi-indigo-kitap","10":"pa_yazar-h-g-wells","12":"first","13":"instock","14":"sale","15":"shipping-taxable","16":"purchasable","17":"product-type-simple"},"_links":{"self":[{"href":"https:\/\/roveyayinevi.com.tr\/index.php\/wp-json\/wp\/v2\/product\/717648","targetHints":{"allow":["GET"]}}],"collection":[{"href":"https:\/\/roveyayinevi.com.tr\/index.php\/wp-json\/wp\/v2\/product"}],"about":[{"href":"https:\/\/roveyayinevi.com.tr\/index.php\/wp-json\/wp\/v2\/types\/product"}],"wp:attachment":[{"href":"https:\/\/roveyayinevi.com.tr\/index.php\/wp-json\/wp\/v2\/media?parent=717648"}],"wp:term":[{"taxonomy":"product_brand","embeddable":true,"href":"https:\/\/roveyayinevi.com.tr\/index.php\/wp-json\/wp\/v2\/product_brand?post=717648"},{"taxonomy":"product_cat","embeddable":true,"href":"https:\/\/roveyayinevi.com.tr\/index.php\/wp-json\/wp\/v2\/product_cat?post=717648"},{"taxonomy":"product_tag","embeddable":true,"href":"https:\/\/roveyayinevi.com.tr\/index.php\/wp-json\/wp\/v2\/product_tag?post=717648"}],"curies":[{"name":"wp","href":"https:\/\/api.w.org\/{rel}","templated":true}]}}