{"id":717642,"date":"2025-08-27T17:58:23","date_gmt":"2025-08-27T14:58:23","guid":{"rendered":"https:\/\/roveyayinevi.com.tr\/index.php\/urun\/kurumsal-yatirimcilarin-yatirim-kararlarina-bagimsiz-denetim-etkisi\/"},"modified":"2026-04-16T02:25:50","modified_gmt":"2026-04-15T23:25:50","slug":"kurumsal-yatirimcilarin-yatirim-kararlarina-bagimsiz-denetim-etkisi","status":"publish","type":"product","link":"https:\/\/roveyayinevi.com.tr\/index.php\/urun\/kurumsal-yatirimcilarin-yatirim-kararlarina-bagimsiz-denetim-etkisi\/","title":{"rendered":"Kurumsal Yat\u0131r\u0131mc\u0131lar\u0131n Yat\u0131r\u0131m Kararlar\u0131na Ba\u011f\u0131ms\u0131z Denetim Etkisi"},"content":{"rendered":"<p>\u0130\u00e7indekiler   \u00d6ns\u00f6z \u00d6zge\u00e7mi\u015f \u0130\u00e7indekiler Tablolar Listesi \u015eekiller Listesi K\u0131saltmalar 1. Giri\u015f 2. Kurumsal Yat\u0131r\u0131mc\u0131 3. Ba\u011f\u0131ms\u0131z Denetim 4. Literat\u00fcr Tarama 5. Kurumsal Yat\u0131r\u0131mc\u0131n\u0131n Yat\u0131r\u0131m Kararlar\u0131na Ba\u011f\u0131ms\u0131z Denetimin Etkisini Belirlemeye Y\u00f6nelik Bir Ara\u015ft\u0131rma 6. Sonu\u00e7 Kaynaklar <\/p>\n","protected":false},"excerpt":{"rendered":"<p>\u0130\u00e7indekiler \u00d6ns\u00f6z \u00d6zge\u00e7mi\u015f \u0130\u00e7indekiler Tablolar Listesi \u015eekiller Listesi K\u0131saltmalar 1. Giri\u015f 2. Kurumsal Yat\u0131r\u0131mc\u0131 3. Ba\u011f\u0131ms\u0131z Denetim 4. Literat\u00fcr Tarama 5. Kurumsal Yat\u0131r\u0131mc\u0131n\u0131n Yat\u0131r\u0131m Kararlar\u0131na Ba\u011f\u0131ms\u0131z<span class=\"excerpt-hellip\"> [\u2026]<\/span><\/p>\n","protected":false},"featured_media":0,"template":"","meta":{"_monsterinsights_skip_tracking":false,"_monsterinsights_sitenote_active":false,"_monsterinsights_sitenote_note":"","_monsterinsights_sitenote_category":0},"product_brand":[],"product_cat":[13043,14381],"product_tag":[],"class_list":{"0":"post-717642","1":"product","2":"type-product","3":"status-publish","5":"product_cat-ekonomi","6":"product_cat-isletme-muhasebe-maliye","7":"pa_cilt-ciltsiz","8":"pa_tur-kitap","9":"pa_yayinevi-gazi-kitabevi","10":"pa_yazar-atilla-karkacier","12":"first","13":"instock","14":"sale","15":"shipping-taxable","16":"purchasable","17":"product-type-simple"},"_links":{"self":[{"href":"https:\/\/roveyayinevi.com.tr\/index.php\/wp-json\/wp\/v2\/product\/717642","targetHints":{"allow":["GET"]}}],"collection":[{"href":"https:\/\/roveyayinevi.com.tr\/index.php\/wp-json\/wp\/v2\/product"}],"about":[{"href":"https:\/\/roveyayinevi.com.tr\/index.php\/wp-json\/wp\/v2\/types\/product"}],"wp:attachment":[{"href":"https:\/\/roveyayinevi.com.tr\/index.php\/wp-json\/wp\/v2\/media?parent=717642"}],"wp:term":[{"taxonomy":"product_brand","embeddable":true,"href":"https:\/\/roveyayinevi.com.tr\/index.php\/wp-json\/wp\/v2\/product_brand?post=717642"},{"taxonomy":"product_cat","embeddable":true,"href":"https:\/\/roveyayinevi.com.tr\/index.php\/wp-json\/wp\/v2\/product_cat?post=717642"},{"taxonomy":"product_tag","embeddable":true,"href":"https:\/\/roveyayinevi.com.tr\/index.php\/wp-json\/wp\/v2\/product_tag?post=717642"}],"curies":[{"name":"wp","href":"https:\/\/api.w.org\/{rel}","templated":true}]}}