{"id":717639,"date":"2025-08-27T17:58:21","date_gmt":"2025-08-27T14:58:21","guid":{"rendered":"https:\/\/roveyayinevi.com.tr\/index.php\/urun\/haytalarla-colpalar\/"},"modified":"2026-04-16T02:25:50","modified_gmt":"2026-04-15T23:25:50","slug":"haytalarla-colpalar","status":"publish","type":"product","link":"https:\/\/roveyayinevi.com.tr\/index.php\/urun\/haytalarla-colpalar\/","title":{"rendered":"Haytalarla \u00c7olpalar"},"content":{"rendered":"<p>\u201c\u00c7olpa, serseriler d\u00fcnyas\u0131nda aceminin ad\u0131d\u0131r; deneyimli haytalardan ise sak\u0131nmak gerekir, \u00f6zellikle s\u00fcr\u00fc halinde gezdikleri zaman.\u201d   Jack London, on alt\u0131 ya\u015f\u0131ndayken ABD\u2019yi bir ba\u015ftan \u00f6b\u00fcr ba\u015fa dola\u015fmak \u00fczere uzun bir yolculu\u011fa \u00e7\u0131kar. Elbette be\u015f paras\u0131zd\u0131r ve kulland\u0131\u011f\u0131 ba\u015fl\u0131ca ula\u015f\u0131m arac\u0131, ka\u00e7ak olarak bindi\u011fi posta trenleridir. \u0130\u015f buldu\u011funda \u00e7al\u0131\u015farak, bulamad\u0131\u011f\u0131nda kap\u0131lar\u0131 \u00e7al\u0131p yiyecek dilenerek, ah\u0131rlarda ya da parklarda geceleyerek s\u00fcrd\u00fcr\u00fcr yolculu\u011funu. Y\u00fck vagonlar\u0131, sokaklar, cezaevleri, kendisi gibi \u201ckopuklar\u201dla doludur.Jack London\u2019\u0131n otobiyografik anlat\u0131s\u0131, tarihe \u201c1893 pani\u011fi\u201d olarak ge\u00e7en mali krizin yaratt\u0131\u011f\u0131 insani y\u0131k\u0131ma ayna tutuyor. Mete Ergin\u2019in \u00e7evirisi, zengin sokak jargonuyla hayranl\u0131\u011f\u0131n\u0131z\u0131 kazanacak. <\/p>\n","protected":false},"excerpt":{"rendered":"<p>\u201c\u00c7olpa, serseriler d\u00fcnyas\u0131nda aceminin ad\u0131d\u0131r; deneyimli haytalardan ise sak\u0131nmak gerekir, \u00f6zellikle s\u00fcr\u00fc halinde gezdikleri zaman.\u201d Jack London, on alt\u0131 ya\u015f\u0131ndayken ABD\u2019yi bir ba\u015ftan \u00f6b\u00fcr ba\u015fa dola\u015fmak<span class=\"excerpt-hellip\"> [\u2026]<\/span><\/p>\n","protected":false},"featured_media":0,"template":"","meta":{"_monsterinsights_skip_tracking":false,"_monsterinsights_sitenote_active":false,"_monsterinsights_sitenote_note":"","_monsterinsights_sitenote_category":0},"product_brand":[],"product_cat":[12291,12711],"product_tag":[],"class_list":{"0":"post-717639","1":"product","2":"type-product","3":"status-publish","5":"product_cat-edebiyat","6":"product_cat-roman-oyku","7":"pa_cilt-ciltsiz","8":"pa_tur-kitap","9":"pa_yayinevi-yordam-kitap","10":"pa_yazar-jack-london","12":"first","13":"instock","14":"sale","15":"shipping-taxable","16":"purchasable","17":"product-type-simple"},"_links":{"self":[{"href":"https:\/\/roveyayinevi.com.tr\/index.php\/wp-json\/wp\/v2\/product\/717639","targetHints":{"allow":["GET"]}}],"collection":[{"href":"https:\/\/roveyayinevi.com.tr\/index.php\/wp-json\/wp\/v2\/product"}],"about":[{"href":"https:\/\/roveyayinevi.com.tr\/index.php\/wp-json\/wp\/v2\/types\/product"}],"wp:attachment":[{"href":"https:\/\/roveyayinevi.com.tr\/index.php\/wp-json\/wp\/v2\/media?parent=717639"}],"wp:term":[{"taxonomy":"product_brand","embeddable":true,"href":"https:\/\/roveyayinevi.com.tr\/index.php\/wp-json\/wp\/v2\/product_brand?post=717639"},{"taxonomy":"product_cat","embeddable":true,"href":"https:\/\/roveyayinevi.com.tr\/index.php\/wp-json\/wp\/v2\/product_cat?post=717639"},{"taxonomy":"product_tag","embeddable":true,"href":"https:\/\/roveyayinevi.com.tr\/index.php\/wp-json\/wp\/v2\/product_tag?post=717639"}],"curies":[{"name":"wp","href":"https:\/\/api.w.org\/{rel}","templated":true}]}}