{"id":717638,"date":"2025-08-27T17:58:20","date_gmt":"2025-08-27T14:58:20","guid":{"rendered":"https:\/\/roveyayinevi.com.tr\/index.php\/urun\/martin-eden-8\/"},"modified":"2026-04-16T02:25:50","modified_gmt":"2026-04-15T23:25:50","slug":"martin-eden-8","status":"publish","type":"product","link":"https:\/\/roveyayinevi.com.tr\/index.php\/urun\/martin-eden-8\/","title":{"rendered":"Martin Eden"},"content":{"rendered":"<p>Martin Eden, bir yan\u0131yla Jack London\u2019\u0131n ta kendisidir: Varl\u0131kl\u0131 bir ailenin \u00fcniversite \u00f6\u011frencisi narin k\u0131z\u0131na \u00fcmitsizce g\u00f6n\u00fcl veren; aradaki s\u0131n\u0131fsal mesafeyi kapatmak i\u00e7in yazar olma hayalleri kuran; bu u\u011furda \u00e7al\u0131\u015farak nice uykusuz geceler ge\u00e7iren; bakkal veresiyeyi kesti\u011finde a\u00e7 kalan; onlarca yaz\u0131s\u0131 edit\u00f6rler taraf\u0131ndan geri \u00e7evrilse de yazmay\u0131 azimle s\u00fcrd\u00fcren; derme \u00e7atma bir e\u011fitim g\u00f6rm\u00fc\u015f, eli nas\u0131rl\u0131 gen\u00e7 denizci. Martin Eden, y\u00fckselmek i\u00e7in verdi\u011fi onca m\u00fccadeleden sonra mutlu olabilecek midir? Jack London, kahraman\u0131n\u0131n ba\u015far\u0131 hik\u00e2yesi \u00fczerinden i\u00e7inde ya\u015fad\u0131\u011f\u0131 toplumun de\u011ferlerine keskin bir ele\u015ftiri getiriyor.Bir edebiyat klasi\u011fi olan Martin Eden, yaz\u0131l\u0131\u015f\u0131ndan bug\u00fcne dek t\u00fcm d\u00fcnyada hi\u00e7 eksilmeyen bir ilgiyle okundu. \u0130nan\u0131yoruz ki Mete Ergin\u2019in \u00f6zenli \u00e7evirisiyle, Yordam Edebiyat okurlar\u0131n\u0131n da ba\u015fucu kitab\u0131 olacak.   <\/p>\n","protected":false},"excerpt":{"rendered":"<p>Martin Eden, bir yan\u0131yla Jack London\u2019\u0131n ta kendisidir: Varl\u0131kl\u0131 bir ailenin \u00fcniversite \u00f6\u011frencisi narin k\u0131z\u0131na \u00fcmitsizce g\u00f6n\u00fcl veren; aradaki s\u0131n\u0131fsal mesafeyi kapatmak i\u00e7in yazar olma hayalleri<span class=\"excerpt-hellip\"> [\u2026]<\/span><\/p>\n","protected":false},"featured_media":0,"template":"","meta":{"_monsterinsights_skip_tracking":false,"_monsterinsights_sitenote_active":false,"_monsterinsights_sitenote_note":"","_monsterinsights_sitenote_category":0},"product_brand":[],"product_cat":[12291,12711],"product_tag":[],"class_list":{"0":"post-717638","1":"product","2":"type-product","3":"status-publish","5":"product_cat-edebiyat","6":"product_cat-roman-oyku","7":"pa_cilt-ciltsiz","8":"pa_tur-kitap","9":"pa_yayinevi-yordam-kitap","10":"pa_yazar-jack-london","12":"first","13":"instock","14":"sale","15":"shipping-taxable","16":"purchasable","17":"product-type-simple"},"_links":{"self":[{"href":"https:\/\/roveyayinevi.com.tr\/index.php\/wp-json\/wp\/v2\/product\/717638","targetHints":{"allow":["GET"]}}],"collection":[{"href":"https:\/\/roveyayinevi.com.tr\/index.php\/wp-json\/wp\/v2\/product"}],"about":[{"href":"https:\/\/roveyayinevi.com.tr\/index.php\/wp-json\/wp\/v2\/types\/product"}],"wp:attachment":[{"href":"https:\/\/roveyayinevi.com.tr\/index.php\/wp-json\/wp\/v2\/media?parent=717638"}],"wp:term":[{"taxonomy":"product_brand","embeddable":true,"href":"https:\/\/roveyayinevi.com.tr\/index.php\/wp-json\/wp\/v2\/product_brand?post=717638"},{"taxonomy":"product_cat","embeddable":true,"href":"https:\/\/roveyayinevi.com.tr\/index.php\/wp-json\/wp\/v2\/product_cat?post=717638"},{"taxonomy":"product_tag","embeddable":true,"href":"https:\/\/roveyayinevi.com.tr\/index.php\/wp-json\/wp\/v2\/product_tag?post=717638"}],"curies":[{"name":"wp","href":"https:\/\/api.w.org\/{rel}","templated":true}]}}