{"id":717636,"date":"2025-08-27T17:57:45","date_gmt":"2025-08-27T14:57:45","guid":{"rendered":"https:\/\/roveyayinevi.com.tr\/index.php\/urun\/john-barleycorn-2\/"},"modified":"2026-04-16T02:25:50","modified_gmt":"2026-04-15T23:25:50","slug":"john-barleycorn-2","status":"publish","type":"product","link":"https:\/\/roveyayinevi.com.tr\/index.php\/urun\/john-barleycorn-2\/","title":{"rendered":"John Barleycorn"},"content":{"rendered":"<p>John Barleycorn, bir\u00e7ok nedenle m\u00fcstesna bir kitap: \u00d6l\u00fcm\u00fcnden \u00fc\u00e7 y\u0131l \u00f6nce Jack London taraf\u0131ndan kaleme al\u0131nan otobiyografi, yazar\u0131n ya\u015fam \u00f6yk\u00fcs\u00fcne dair en g\u00fcvenilir kaynak olma \u00f6zelli\u011fini ta\u015f\u0131yor. Ayn\u0131 zamanda bir roman\u0131n ak\u0131c\u0131l\u0131\u011f\u0131na sahip. Yazar\u0131n, John Barleycorn ad\u0131n\u0131 verdi\u011fi alkolle kurdu\u011fu arkada\u015fl\u0131\u011f\u0131, hem e\u015fine az rastlanan bir d\u00fcr\u00fcstl\u00fckle hem de son derece renkli bir dille hik\u00e2ye eden kitap, ad\u0131n\u0131 eski bir \u0130ngiliz halk \u015fark\u0131s\u0131ndan al\u0131yor.\u0130lk gen\u00e7li\u011finde g\u00fc\u00e7l\u00fc denizciler aras\u0131nda erkekli\u011fin ispat\u0131 olarak tezah\u00fcr eden bu al\u0131\u015fkanl\u0131k zamanla bir ihtiya\u00e7 halini alm\u0131\u015f: \u201cBen ya\u015fland\u0131k\u00e7a, ba\u015far\u0131m b\u00fcy\u00fcd\u00fck\u00e7e, daha \u00e7ok para kazand\u0131k\u00e7a, d\u00fcnyaya sesimi duyurma olanaklar\u0131m artt\u0131k\u00e7a, John Barleycorn\u2019un da ya\u015fam\u0131mda tuttu\u011fu yer ayn\u0131 oranda b\u00fcy\u00fcd\u00fc\u201d diyor Jack London.John Barleycorn\u2019u okurlar\u0131m\u0131za Mete Ergin\u2019in \u00f6zg\u00fcn \u00e7eviri diliyle sunuyoruz. <\/p>\n","protected":false},"excerpt":{"rendered":"<p>John Barleycorn, bir\u00e7ok nedenle m\u00fcstesna bir kitap: \u00d6l\u00fcm\u00fcnden \u00fc\u00e7 y\u0131l \u00f6nce Jack London taraf\u0131ndan kaleme al\u0131nan otobiyografi, yazar\u0131n ya\u015fam \u00f6yk\u00fcs\u00fcne dair en g\u00fcvenilir kaynak olma \u00f6zelli\u011fini<span class=\"excerpt-hellip\"> [\u2026]<\/span><\/p>\n","protected":false},"featured_media":0,"template":"","meta":{"_monsterinsights_skip_tracking":false,"_monsterinsights_sitenote_active":false,"_monsterinsights_sitenote_note":"","_monsterinsights_sitenote_category":0},"product_brand":[],"product_cat":[12291,12711],"product_tag":[],"class_list":{"0":"post-717636","1":"product","2":"type-product","3":"status-publish","5":"product_cat-edebiyat","6":"product_cat-roman-oyku","7":"pa_cilt-ciltsiz","8":"pa_tur-kitap","9":"pa_yayinevi-yordam-kitap","10":"pa_yazar-jack-london","12":"first","13":"instock","14":"sale","15":"shipping-taxable","16":"purchasable","17":"product-type-simple"},"_links":{"self":[{"href":"https:\/\/roveyayinevi.com.tr\/index.php\/wp-json\/wp\/v2\/product\/717636","targetHints":{"allow":["GET"]}}],"collection":[{"href":"https:\/\/roveyayinevi.com.tr\/index.php\/wp-json\/wp\/v2\/product"}],"about":[{"href":"https:\/\/roveyayinevi.com.tr\/index.php\/wp-json\/wp\/v2\/types\/product"}],"wp:attachment":[{"href":"https:\/\/roveyayinevi.com.tr\/index.php\/wp-json\/wp\/v2\/media?parent=717636"}],"wp:term":[{"taxonomy":"product_brand","embeddable":true,"href":"https:\/\/roveyayinevi.com.tr\/index.php\/wp-json\/wp\/v2\/product_brand?post=717636"},{"taxonomy":"product_cat","embeddable":true,"href":"https:\/\/roveyayinevi.com.tr\/index.php\/wp-json\/wp\/v2\/product_cat?post=717636"},{"taxonomy":"product_tag","embeddable":true,"href":"https:\/\/roveyayinevi.com.tr\/index.php\/wp-json\/wp\/v2\/product_tag?post=717636"}],"curies":[{"name":"wp","href":"https:\/\/api.w.org\/{rel}","templated":true}]}}