{"id":717632,"date":"2025-08-27T17:57:42","date_gmt":"2025-08-27T14:57:42","guid":{"rendered":"https:\/\/roveyayinevi.com.tr\/index.php\/urun\/istiridye-korsanlari-2\/"},"modified":"2026-04-16T02:25:50","modified_gmt":"2026-04-15T23:25:50","slug":"istiridye-korsanlari-2","status":"publish","type":"product","link":"https:\/\/roveyayinevi.com.tr\/index.php\/urun\/istiridye-korsanlari-2\/","title":{"rendered":"\u0130stiridye Korsanlar\u0131"},"content":{"rendered":"<p>\u0130stiridye Korsanlar\u0131, Jack London\u2019\u0131n yeniyetmeli\u011finde ya\u015fad\u0131\u011f\u0131 ser\u00fcvenlerden esintiler ta\u015f\u0131yan, keyifli bir gen\u00e7lik roman\u0131.Hen\u00fcz on be\u015f ya\u015f\u0131nda bir \u00f6\u011frenci olan Joe Bronson, okul ve aile hayat\u0131n\u0131n monotonlu\u011fundan \u00f6lesiye s\u0131k\u0131ld\u0131\u011f\u0131 bir g\u00fcn evden ka\u00e7ar ve denizden ka\u00e7ak istiridye toplayan korsanlar\u0131n aras\u0131na kat\u0131l\u0131r. Joe denize a\u00e7\u0131lmay\u0131, yelken kullanmay\u0131, kitaplarda okudu\u011fu ser\u00fcvenleri ya\u015famay\u0131 d\u00fc\u015flerken, bu hayat\u0131n hi\u00e7 de sand\u0131\u011f\u0131 kadar \u201c\u00f6zg\u00fcr ve mutlu\u201d olmad\u0131\u011f\u0131n\u0131 anlar; derken ba\u015f\u0131na t\u00fcrl\u00fc belalar a\u00e7\u0131l\u0131r. Neyse ki k\u00f6t\u00fclerle ba\u015f edebilecek cesareti ve yan\u0131 ba\u015f\u0131nda \u00e7ok iyi bir dostu vard\u0131r.<\/p>\n","protected":false},"excerpt":{"rendered":"<p>\u0130stiridye Korsanlar\u0131, Jack London\u2019\u0131n yeniyetmeli\u011finde ya\u015fad\u0131\u011f\u0131 ser\u00fcvenlerden esintiler ta\u015f\u0131yan, keyifli bir gen\u00e7lik roman\u0131.Hen\u00fcz on be\u015f ya\u015f\u0131nda bir \u00f6\u011frenci olan Joe Bronson, okul ve aile hayat\u0131n\u0131n monotonlu\u011fundan<span class=\"excerpt-hellip\"> [\u2026]<\/span><\/p>\n","protected":false},"featured_media":0,"template":"","meta":{"_monsterinsights_skip_tracking":false,"_monsterinsights_sitenote_active":false,"_monsterinsights_sitenote_note":"","_monsterinsights_sitenote_category":0},"product_brand":[],"product_cat":[12291,12711],"product_tag":[],"class_list":{"0":"post-717632","1":"product","2":"type-product","3":"status-publish","5":"product_cat-edebiyat","6":"product_cat-roman-oyku","7":"pa_cilt-ciltsiz","8":"pa_tur-kitap","9":"pa_yayinevi-yordam-kitap","10":"pa_yazar-jack-london","12":"first","13":"instock","14":"sale","15":"shipping-taxable","16":"purchasable","17":"product-type-simple"},"_links":{"self":[{"href":"https:\/\/roveyayinevi.com.tr\/index.php\/wp-json\/wp\/v2\/product\/717632","targetHints":{"allow":["GET"]}}],"collection":[{"href":"https:\/\/roveyayinevi.com.tr\/index.php\/wp-json\/wp\/v2\/product"}],"about":[{"href":"https:\/\/roveyayinevi.com.tr\/index.php\/wp-json\/wp\/v2\/types\/product"}],"wp:attachment":[{"href":"https:\/\/roveyayinevi.com.tr\/index.php\/wp-json\/wp\/v2\/media?parent=717632"}],"wp:term":[{"taxonomy":"product_brand","embeddable":true,"href":"https:\/\/roveyayinevi.com.tr\/index.php\/wp-json\/wp\/v2\/product_brand?post=717632"},{"taxonomy":"product_cat","embeddable":true,"href":"https:\/\/roveyayinevi.com.tr\/index.php\/wp-json\/wp\/v2\/product_cat?post=717632"},{"taxonomy":"product_tag","embeddable":true,"href":"https:\/\/roveyayinevi.com.tr\/index.php\/wp-json\/wp\/v2\/product_tag?post=717632"}],"curies":[{"name":"wp","href":"https:\/\/api.w.org\/{rel}","templated":true}]}}