{"id":717631,"date":"2025-08-27T17:57:42","date_gmt":"2025-08-27T14:57:42","guid":{"rendered":"https:\/\/roveyayinevi.com.tr\/index.php\/urun\/kurt-dolu\/"},"modified":"2026-04-16T02:25:50","modified_gmt":"2026-04-15T23:25:50","slug":"kurt-dolu","status":"publish","type":"product","link":"https:\/\/roveyayinevi.com.tr\/index.php\/urun\/kurt-dolu\/","title":{"rendered":"Kurt D\u00f6l\u00fc"},"content":{"rendered":"<p>1890\u2019larda tarihin en b\u00fcy\u00fck \u201calt\u0131na h\u00fccum\u201d dalgalar\u0131ndan biri ya\u015fan\u0131r. Kanada\u2019n\u0131n kuzeybat\u0131 ucunda, Yukon Nehri civar\u0131nda yeni bir alt\u0131n yata\u011f\u0131 ke\u015ffedilmi\u015ftir. Jack London da haberi alan y\u00fcz bin civar\u0131nda Amerikal\u0131 gibi, alt\u0131n bulma \u00fcmidiyle yollara d\u00fc\u015fer. Arad\u0131\u011f\u0131n\u0131 bulamaz ama hayal g\u00fcc\u00fcn\u00fc kam\u00e7\u0131layan say\u0131s\u0131z hik\u00e2ye ve g\u00f6zlemle geri d\u00f6ner.Tamam\u0131 Yukon b\u00f6lgesinde ge\u00e7en \u00f6yk\u00fclerden olu\u015fan Kurt D\u00f6l\u00fc, Jack London\u2019\u0131n ilk kitab\u0131. Yazar, herhangi bir yerin ya da insan\u0131n en \u00f6nemli \u00f6zelliklerini bir-iki sat\u0131rla verebilen anlat\u0131m g\u00fcc\u00fcyle k\u0131sa \u00f6yk\u00fc t\u00fcr\u00fcn\u00fcn zirvesine yerle\u015fece\u011fini daha ilk kitab\u0131yla kan\u0131tlam\u0131\u015f. Kimi karakterlerin birden fazla \u00f6yk\u00fcde yer almas\u0131 anlat\u0131n\u0131n s\u00fcreklili\u011fini sa\u011fl\u0131yor.<\/p>\n","protected":false},"excerpt":{"rendered":"<p>1890\u2019larda tarihin en b\u00fcy\u00fck \u201calt\u0131na h\u00fccum\u201d dalgalar\u0131ndan biri ya\u015fan\u0131r. Kanada\u2019n\u0131n kuzeybat\u0131 ucunda, Yukon Nehri civar\u0131nda yeni bir alt\u0131n yata\u011f\u0131 ke\u015ffedilmi\u015ftir. Jack London da haberi alan y\u00fcz<span class=\"excerpt-hellip\"> [\u2026]<\/span><\/p>\n","protected":false},"featured_media":0,"template":"","meta":{"_monsterinsights_skip_tracking":false,"_monsterinsights_sitenote_active":false,"_monsterinsights_sitenote_note":"","_monsterinsights_sitenote_category":0},"product_brand":[],"product_cat":[12291,12711],"product_tag":[],"class_list":{"0":"post-717631","1":"product","2":"type-product","3":"status-publish","5":"product_cat-edebiyat","6":"product_cat-roman-oyku","7":"pa_cilt-ciltsiz","8":"pa_tur-kitap","9":"pa_yayinevi-yordam-kitap","10":"pa_yazar-jack-london","12":"first","13":"instock","14":"sale","15":"shipping-taxable","16":"purchasable","17":"product-type-simple"},"_links":{"self":[{"href":"https:\/\/roveyayinevi.com.tr\/index.php\/wp-json\/wp\/v2\/product\/717631","targetHints":{"allow":["GET"]}}],"collection":[{"href":"https:\/\/roveyayinevi.com.tr\/index.php\/wp-json\/wp\/v2\/product"}],"about":[{"href":"https:\/\/roveyayinevi.com.tr\/index.php\/wp-json\/wp\/v2\/types\/product"}],"wp:attachment":[{"href":"https:\/\/roveyayinevi.com.tr\/index.php\/wp-json\/wp\/v2\/media?parent=717631"}],"wp:term":[{"taxonomy":"product_brand","embeddable":true,"href":"https:\/\/roveyayinevi.com.tr\/index.php\/wp-json\/wp\/v2\/product_brand?post=717631"},{"taxonomy":"product_cat","embeddable":true,"href":"https:\/\/roveyayinevi.com.tr\/index.php\/wp-json\/wp\/v2\/product_cat?post=717631"},{"taxonomy":"product_tag","embeddable":true,"href":"https:\/\/roveyayinevi.com.tr\/index.php\/wp-json\/wp\/v2\/product_tag?post=717631"}],"curies":[{"name":"wp","href":"https:\/\/api.w.org\/{rel}","templated":true}]}}