{"id":717630,"date":"2025-08-27T17:57:41","date_gmt":"2025-08-27T14:57:41","guid":{"rendered":"https:\/\/roveyayinevi.com.tr\/index.php\/urun\/infernaliana\/"},"modified":"2026-04-16T02:25:50","modified_gmt":"2026-04-15T23:25:50","slug":"infernaliana","status":"publish","type":"product","link":"https:\/\/roveyayinevi.com.tr\/index.php\/urun\/infernaliana\/","title":{"rendered":"Infernaliana"},"content":{"rendered":"<p>\u201cKanl\u0131 Rahibe\u201d, \u201cVampir Arnold-Paul\u201d, \u201cBir Brukolak\u2019\u0131n \u00d6yk\u00fcs\u00fc\u201d gibi korku edebiyat\u0131 tarihinde \u00f6nemli bir yer kaplayan metinlerden olu\u015fan Infernaliana\u2019da, hem zaman\u0131nda ger\u00e7ek oldu\u011funa inan\u0131lan olaylar hem de gotik edebiyatla \u00f6zde\u015fle\u015fmi\u015f fig\u00fcrlerin \u00f6yk\u00fcleri yer al\u0131yor. Mezardan geri d\u00f6nen varl\u0131klar\u0131n, \u015feytani pazarl\u0131klara giren insanlar\u0131n, nas\u0131l ba\u015fa \u00e7\u0131k\u0131laca\u011f\u0131 bilinmeyen hayaletlerin, lanetlilerin, iblislerin, vampirlerin tekinsiz anlat\u0131lar\u0131 bu k\u00fclt kitapta bir araya geliyor. Romantik ak\u0131m\u0131n \u00f6nc\u00fcs\u00fc olan, ara\u015ft\u0131rmac\u0131 ve kurgucu kimli\u011fiyle bir\u00e7ok korku unsurunu edebiyat alan\u0131na ta\u015f\u0131yarak kara romantizmin de kurucular\u0131 aras\u0131nda yer alan Charles Nodier, Infernaliana\u2019da insan\u0131n i\u00e7ine i\u015flemi\u015f korkular\u0131n edebi anlat\u0131lara d\u00f6n\u00fc\u015f\u00fcm\u00fcn\u00fc yans\u0131t\u0131yor. \u201cCharles Nodier, Avrupa\u2019daki vampir \u00e7\u0131lg\u0131nl\u0131\u011f\u0131n\u0131 ba\u015flatan ki\u015fidir.\u201d MATTHEW BUNSON <\/p>\n","protected":false},"excerpt":{"rendered":"<p>\u201cKanl\u0131 Rahibe\u201d, \u201cVampir Arnold-Paul\u201d, \u201cBir Brukolak\u2019\u0131n \u00d6yk\u00fcs\u00fc\u201d gibi korku edebiyat\u0131 tarihinde \u00f6nemli bir yer kaplayan metinlerden olu\u015fan Infernaliana\u2019da, hem zaman\u0131nda ger\u00e7ek oldu\u011funa inan\u0131lan olaylar hem de<span class=\"excerpt-hellip\"> [\u2026]<\/span><\/p>\n","protected":false},"featured_media":0,"template":"","meta":{"_monsterinsights_skip_tracking":false,"_monsterinsights_sitenote_active":false,"_monsterinsights_sitenote_note":"","_monsterinsights_sitenote_category":0},"product_brand":[],"product_cat":[12291,17033],"product_tag":[],"class_list":{"0":"post-717630","1":"product","2":"type-product","3":"status-publish","5":"product_cat-edebiyat","6":"product_cat-korku-gerilim","7":"pa_cilt-ciltsiz","8":"pa_tur-kitap","9":"pa_yayinevi-cinar-yayinlari","10":"pa_yazar-charles-nodier","12":"first","13":"instock","14":"sale","15":"shipping-taxable","16":"purchasable","17":"product-type-simple"},"_links":{"self":[{"href":"https:\/\/roveyayinevi.com.tr\/index.php\/wp-json\/wp\/v2\/product\/717630","targetHints":{"allow":["GET"]}}],"collection":[{"href":"https:\/\/roveyayinevi.com.tr\/index.php\/wp-json\/wp\/v2\/product"}],"about":[{"href":"https:\/\/roveyayinevi.com.tr\/index.php\/wp-json\/wp\/v2\/types\/product"}],"wp:attachment":[{"href":"https:\/\/roveyayinevi.com.tr\/index.php\/wp-json\/wp\/v2\/media?parent=717630"}],"wp:term":[{"taxonomy":"product_brand","embeddable":true,"href":"https:\/\/roveyayinevi.com.tr\/index.php\/wp-json\/wp\/v2\/product_brand?post=717630"},{"taxonomy":"product_cat","embeddable":true,"href":"https:\/\/roveyayinevi.com.tr\/index.php\/wp-json\/wp\/v2\/product_cat?post=717630"},{"taxonomy":"product_tag","embeddable":true,"href":"https:\/\/roveyayinevi.com.tr\/index.php\/wp-json\/wp\/v2\/product_tag?post=717630"}],"curies":[{"name":"wp","href":"https:\/\/api.w.org\/{rel}","templated":true}]}}