{"id":717628,"date":"2025-08-27T17:57:39","date_gmt":"2025-08-27T14:57:39","guid":{"rendered":"https:\/\/roveyayinevi.com.tr\/index.php\/urun\/gizli-basyapit-kisa-klasik\/"},"modified":"2026-04-16T02:25:50","modified_gmt":"2026-04-15T23:25:50","slug":"gizli-basyapit-kisa-klasik","status":"publish","type":"product","link":"https:\/\/roveyayinevi.com.tr\/index.php\/urun\/gizli-basyapit-kisa-klasik\/","title":{"rendered":"Gizli Ba\u015fyap\u0131t (K\u0131sa Klasik)"},"content":{"rendered":"<p>Balzac, en \u00fcnl\u00fc yap\u0131tlar\u0131ndan biri olan Gizli Ba\u015fyap\u0131t\u2019ta, kusursuzlu\u011fu arayan ressam Frenhofer\u2019in ola\u011fand\u0131\u015f\u0131 \u00f6yk\u00fcs\u00fcn\u00fc anlat\u0131r. Ba\u015fyap\u0131t\u0131n\u0131n \u00fcst\u00fcnde tam on y\u0131l \u00e7al\u0131\u015fan bu 17. y\u00fczy\u0131l ressam\u0131, resmi bitirdikten sonra iki gen\u00e7 hayran\u0131na g\u00f6sterir.   Gizli Ba\u015fyap\u0131t yaln\u0131zca Picasso\u2019yu de\u011fil, C\u00e9zanne gibi bir ressam\u0131, Henry James gibi bir yazar\u0131, Jacques Rivette gibi bir sinema ustas\u0131n\u0131 da derinden etkilemi\u015f, efsanevi bir \u00f6yk\u00fc. Ressam Frenhofer\u2019in \u00e7\u0131lg\u0131nl\u0131\u011f\u0131, belki de t\u00fcm sanat\u00e7\u0131lar\u0131n \u00e7\u0131lg\u0131nl\u0131\u011f\u0131. Bu \u00f6yk\u00fc, bir anlamda modern sanat\u0131n \u00f6yk\u00fcs\u00fc.   \u201cOla\u011fan\u00fcst\u00fc&#8230; Balzac\u2019\u0131n ger\u00e7ekli\u011fin sonsuz aray\u0131\u015f\u0131 i\u00e7indeki ressam\u0131, sonunda kapkara bir belirsizli\u011fin ortas\u0131nda buluyor kendini. O kadar \u00e7ok ger\u00e7eklik var ki, insan hepsini kucaklayay\u0131m derken karanl\u0131kta buluyor kendini&#8230;\u201d Pablo Picasso<\/p>\n","protected":false},"excerpt":{"rendered":"<p>Balzac, en \u00fcnl\u00fc yap\u0131tlar\u0131ndan biri olan Gizli Ba\u015fyap\u0131t\u2019ta, kusursuzlu\u011fu arayan ressam Frenhofer\u2019in ola\u011fand\u0131\u015f\u0131 \u00f6yk\u00fcs\u00fcn\u00fc anlat\u0131r. Ba\u015fyap\u0131t\u0131n\u0131n \u00fcst\u00fcnde tam on y\u0131l \u00e7al\u0131\u015fan bu 17. y\u00fczy\u0131l ressam\u0131, resmi<span class=\"excerpt-hellip\"> [\u2026]<\/span><\/p>\n","protected":false},"featured_media":0,"template":"","meta":{"_monsterinsights_skip_tracking":false,"_monsterinsights_sitenote_active":false,"_monsterinsights_sitenote_note":"","_monsterinsights_sitenote_category":0},"product_brand":[],"product_cat":[12291,12711],"product_tag":[],"class_list":{"0":"post-717628","1":"product","2":"type-product","3":"status-publish","5":"product_cat-edebiyat","6":"product_cat-roman-oyku","7":"pa_cilt-ciltsiz","8":"pa_tur-kitap","9":"pa_yayinevi-can-yayinlari","10":"pa_yazar-honore-de-balzac","12":"first","13":"instock","14":"sale","15":"shipping-taxable","16":"purchasable","17":"product-type-simple"},"_links":{"self":[{"href":"https:\/\/roveyayinevi.com.tr\/index.php\/wp-json\/wp\/v2\/product\/717628","targetHints":{"allow":["GET"]}}],"collection":[{"href":"https:\/\/roveyayinevi.com.tr\/index.php\/wp-json\/wp\/v2\/product"}],"about":[{"href":"https:\/\/roveyayinevi.com.tr\/index.php\/wp-json\/wp\/v2\/types\/product"}],"wp:attachment":[{"href":"https:\/\/roveyayinevi.com.tr\/index.php\/wp-json\/wp\/v2\/media?parent=717628"}],"wp:term":[{"taxonomy":"product_brand","embeddable":true,"href":"https:\/\/roveyayinevi.com.tr\/index.php\/wp-json\/wp\/v2\/product_brand?post=717628"},{"taxonomy":"product_cat","embeddable":true,"href":"https:\/\/roveyayinevi.com.tr\/index.php\/wp-json\/wp\/v2\/product_cat?post=717628"},{"taxonomy":"product_tag","embeddable":true,"href":"https:\/\/roveyayinevi.com.tr\/index.php\/wp-json\/wp\/v2\/product_tag?post=717628"}],"curies":[{"name":"wp","href":"https:\/\/api.w.org\/{rel}","templated":true}]}}