{"id":717627,"date":"2025-08-27T17:57:39","date_gmt":"2025-08-27T14:57:39","guid":{"rendered":"https:\/\/roveyayinevi.com.tr\/index.php\/urun\/golgelikoyun-kucuk-dedektifleri\/"},"modified":"2026-04-16T02:25:50","modified_gmt":"2026-04-15T23:25:50","slug":"golgelikoyun-kucuk-dedektifleri","status":"publish","type":"product","link":"https:\/\/roveyayinevi.com.tr\/index.php\/urun\/golgelikoyun-kucuk-dedektifleri\/","title":{"rendered":"G\u00f6lgelik\u00f6y\u2019\u00fcn K\u00fc\u00e7\u00fck Dedektifleri"},"content":{"rendered":"<p>\u201cV\u0131zzz&#8230; V\u0131zzz&#8230;\u201d   Luca Azzolini\u2019den s\u00fcr\u00fckleyici, sayfalar hi\u00e7 bitmesin diyece\u011finiz, bir yandan dameraktan h\u0131zla okuyaca\u011f\u0131n\u0131z bir hik\u00e2ye.   Ottavia, Danny, Emma ve Leo Ba\u015f\u0131bo\u015f Ar\u0131lar \u0130zci Kamp\u0131\u2019nda yaz\u0131n tad\u0131n\u0131 \u00e7\u0131karmaktayd\u0131lar, ta ki kamp\u0131n yak\u0131n\u0131ndaki G\u00f6lgelik\u00f6y\u2019de bir h\u0131rs\u0131z oldu\u011fu s\u00f6ylentisini duyana kadar! Eli \u00e7abuk ve kurnaz bir h\u0131rs\u0131z, k\u00f6y sakinlerinin k\u0131ymetli bir s\u00fcr\u00fc e\u015fyas\u0131n\u0131 \u00e7alm\u0131\u015ft\u0131 ve \u015fimdiye kadar h\u0131rs\u0131z\u0131 ne g\u00f6ren ne de duyan olmu\u015ftu. \u0130\u015fte bu tam G\u00f6lgelik\u00f6y\u2019\u00fcn K\u00fc\u00e7\u00fck Dedektifleri\u2019ne g\u00f6re bir i\u015f! Bakal\u0131m bu gizemli h\u0131rs\u0131zl\u0131k olay\u0131n\u0131 ayd\u0131nlatacak ipu\u00e7lar\u0131n\u0131 bulabilecekler mi? <\/p>\n","protected":false},"excerpt":{"rendered":"<p>\u201cV\u0131zzz&#8230; V\u0131zzz&#8230;\u201d Luca Azzolini\u2019den s\u00fcr\u00fckleyici, sayfalar hi\u00e7 bitmesin diyece\u011finiz, bir yandan dameraktan h\u0131zla okuyaca\u011f\u0131n\u0131z bir hik\u00e2ye. Ottavia, Danny, Emma ve Leo Ba\u015f\u0131bo\u015f Ar\u0131lar \u0130zci Kamp\u0131\u2019nda yaz\u0131n<span class=\"excerpt-hellip\"> [\u2026]<\/span><\/p>\n","protected":false},"featured_media":0,"template":"","meta":{"_monsterinsights_skip_tracking":false,"_monsterinsights_sitenote_active":false,"_monsterinsights_sitenote_note":"","_monsterinsights_sitenote_category":0},"product_brand":[],"product_cat":[12274,12284],"product_tag":[],"class_list":{"0":"post-717627","1":"product","2":"type-product","3":"status-publish","5":"product_cat-cocuk-ve-genclik-kitaplari","6":"product_cat-hikayeler","7":"pa_cilt-ciltsiz","8":"pa_tur-kitap","9":"pa_yayinevi-yapi-kredi-yayinlari","10":"pa_yazar-luca-azzolini","12":"first","13":"instock","14":"sale","15":"shipping-taxable","16":"purchasable","17":"product-type-simple"},"_links":{"self":[{"href":"https:\/\/roveyayinevi.com.tr\/index.php\/wp-json\/wp\/v2\/product\/717627","targetHints":{"allow":["GET"]}}],"collection":[{"href":"https:\/\/roveyayinevi.com.tr\/index.php\/wp-json\/wp\/v2\/product"}],"about":[{"href":"https:\/\/roveyayinevi.com.tr\/index.php\/wp-json\/wp\/v2\/types\/product"}],"wp:attachment":[{"href":"https:\/\/roveyayinevi.com.tr\/index.php\/wp-json\/wp\/v2\/media?parent=717627"}],"wp:term":[{"taxonomy":"product_brand","embeddable":true,"href":"https:\/\/roveyayinevi.com.tr\/index.php\/wp-json\/wp\/v2\/product_brand?post=717627"},{"taxonomy":"product_cat","embeddable":true,"href":"https:\/\/roveyayinevi.com.tr\/index.php\/wp-json\/wp\/v2\/product_cat?post=717627"},{"taxonomy":"product_tag","embeddable":true,"href":"https:\/\/roveyayinevi.com.tr\/index.php\/wp-json\/wp\/v2\/product_tag?post=717627"}],"curies":[{"name":"wp","href":"https:\/\/api.w.org\/{rel}","templated":true}]}}