{"id":717626,"date":"2025-08-27T17:57:38","date_gmt":"2025-08-27T14:57:38","guid":{"rendered":"https:\/\/roveyayinevi.com.tr\/index.php\/urun\/haydi-kavus-artik\/"},"modified":"2026-04-16T02:25:50","modified_gmt":"2026-04-15T23:25:50","slug":"haydi-kavus-artik","status":"publish","type":"product","link":"https:\/\/roveyayinevi.com.tr\/index.php\/urun\/haydi-kavus-artik\/","title":{"rendered":"Haydi Kavu\u015f Art\u0131k"},"content":{"rendered":"<p>Bir k\u00f6t\u00fcl\u00fc\u011fe, karanl\u0131\u011fa m\u0131 maruz kald\u0131n?   Tehdit mi ediliyorsun?   \u015eantaja m\u0131 u\u011frad\u0131n?   Haks\u0131zl\u0131klar\u0131n en a\u011f\u0131r\u0131n\u0131 m\u0131 ya\u015f\u0131yorsun? Terk mi edildin? Aldat\u0131ld\u0131n m\u0131?   Ac\u0131 m\u0131 \u00e7ekiyorsun?   B\u00fct\u00fcn g\u00fcc\u00fcn elinden mi al\u0131nd\u0131?   \u00d6yleyse kendini zay\u0131f hissediyor olabilirsin. \u0130kilemlerden olu\u015fan bu d\u00fcnyada iyiler ve k\u00f6t\u00fcler vard\u0131r: I\u015f\u0131k ve karanl\u0131k\u2026 Bir de Efendiler ve K\u00f6leler\u2026 Efendiler, k\u00f6leleri \u00fczerinde g\u00fc\u00e7 kullan\u0131rlar. Bunu \u00e7o\u011funlukla duygular, korkular, para ve seks enerjisiyle yaparlar. B\u00f6yle bir durumda, kendini k\u00fc\u00e7\u00fcc\u00fck hissediyor olabilirsin.   Unutma! Bu kitap, g\u00fcc\u00fc bir grupta, parada, sava\u015fta, ac\u0131mas\u0131zl\u0131kta, duygusuzlukta de\u011fil de, \u0130lahi G\u00fc\u00e7\u2019te olaca\u011f\u0131n\u0131 ve o \u0130lahi G\u00fc\u00e7\u2019\u00fcn elini tutman\u0131z\u0131 \u00f6\u011fretiyor. <\/p>\n","protected":false},"excerpt":{"rendered":"<p>Bir k\u00f6t\u00fcl\u00fc\u011fe, karanl\u0131\u011fa m\u0131 maruz kald\u0131n? Tehdit mi ediliyorsun? \u015eantaja m\u0131 u\u011frad\u0131n? Haks\u0131zl\u0131klar\u0131n en a\u011f\u0131r\u0131n\u0131 m\u0131 ya\u015f\u0131yorsun? Terk mi edildin? Aldat\u0131ld\u0131n m\u0131? Ac\u0131 m\u0131 \u00e7ekiyorsun? B\u00fct\u00fcn<span class=\"excerpt-hellip\"> [\u2026]<\/span><\/p>\n","protected":false},"featured_media":0,"template":"","meta":{"_monsterinsights_skip_tracking":false,"_monsterinsights_sitenote_active":false,"_monsterinsights_sitenote_note":"","_monsterinsights_sitenote_category":0},"product_brand":[],"product_cat":[12291,12711],"product_tag":[],"class_list":{"0":"post-717626","1":"product","2":"type-product","3":"status-publish","5":"product_cat-edebiyat","6":"product_cat-roman-oyku","7":"pa_cilt-ciltsiz","8":"pa_tur-kitap","9":"pa_yayinevi-inkilap-kitabevi","10":"pa_yazar-seda-diker","12":"first","13":"instock","14":"sale","15":"shipping-taxable","16":"purchasable","17":"product-type-simple"},"_links":{"self":[{"href":"https:\/\/roveyayinevi.com.tr\/index.php\/wp-json\/wp\/v2\/product\/717626","targetHints":{"allow":["GET"]}}],"collection":[{"href":"https:\/\/roveyayinevi.com.tr\/index.php\/wp-json\/wp\/v2\/product"}],"about":[{"href":"https:\/\/roveyayinevi.com.tr\/index.php\/wp-json\/wp\/v2\/types\/product"}],"wp:attachment":[{"href":"https:\/\/roveyayinevi.com.tr\/index.php\/wp-json\/wp\/v2\/media?parent=717626"}],"wp:term":[{"taxonomy":"product_brand","embeddable":true,"href":"https:\/\/roveyayinevi.com.tr\/index.php\/wp-json\/wp\/v2\/product_brand?post=717626"},{"taxonomy":"product_cat","embeddable":true,"href":"https:\/\/roveyayinevi.com.tr\/index.php\/wp-json\/wp\/v2\/product_cat?post=717626"},{"taxonomy":"product_tag","embeddable":true,"href":"https:\/\/roveyayinevi.com.tr\/index.php\/wp-json\/wp\/v2\/product_tag?post=717626"}],"curies":[{"name":"wp","href":"https:\/\/api.w.org\/{rel}","templated":true}]}}