{"id":717625,"date":"2025-08-27T17:57:38","date_gmt":"2025-08-27T14:57:38","guid":{"rendered":"https:\/\/roveyayinevi.com.tr\/index.php\/urun\/seytan-tuyu-var-sende\/"},"modified":"2026-04-16T02:25:50","modified_gmt":"2026-04-15T23:25:50","slug":"seytan-tuyu-var-sende","status":"publish","type":"product","link":"https:\/\/roveyayinevi.com.tr\/index.php\/urun\/seytan-tuyu-var-sende\/","title":{"rendered":"\u015eeytan T\u00fcy\u00fc Var Sende"},"content":{"rendered":"<p>Herkes ikiz ruhunu arar. Bu d\u00fcnyada ikiz ruh deyince, m\u00fckemmel, eksiksiz, birbirimize sonsuz doyum ve tamamlanm\u0131\u015fl\u0131k hissi verece\u011fimizi d\u00fc\u015f\u00fcnd\u00fc\u011f\u00fcm\u00fcz ki\u015fiyi d\u00fc\u015f\u00fcn\u00fcyoruz. Oysaki, ger\u00e7ek bir ikiz ruh, ki\u015finin kendi ruhsal tek\u00e2m\u00fcl\u00fcn\u00fc h\u0131zland\u0131rabilmesi i\u00e7in, hatta kendi karanl\u0131k yanlar\u0131n\u0131 fark edebilmesi i\u00e7in ona kusursuz bir ayna g\u00f6revi g\u00f6ren biridir. Bu kitap, ho\u015fland\u0131\u011f\u0131n insanda ve kendinde, ger\u00e7ek sevgiyi, g\u00fcveni, a\u015fk\u0131, heyecan\u0131 ve bir ili\u015fkiye dair t\u00fcm g\u00fczel duygular\u0131 olu\u015fturmak sanat\u0131n\u0131 \u00f6\u011fretmek i\u00e7in yaz\u0131lm\u0131\u015ft\u0131r. Bu kitapta, duygu olu\u015fturma sanat\u0131n\u0131 anlatan ger\u00e7ek diyalog ve oyunlar\u0131n \u00f6rneklerini bulacaks\u0131n. Bu kitapta, karanl\u0131k ile \u0131\u015f\u0131\u011f\u0131n birbiriyle ili\u015fki \u00fczerinden sava\u015f\u0131n\u0131 ve bu karanl\u0131k yolu nas\u0131l ayd\u0131nlataca\u011f\u0131m\u0131z anlat\u0131l\u0131yor\u2026 \u00c7\u00fcnk\u00fc marifet, ne s\u00f6yledi\u011finde de\u011fil, nas\u0131l s\u00f6yledi\u011findedir. Ne yapt\u0131\u011f\u0131nda de\u011fil, nas\u0131l yapt\u0131\u011f\u0131ndad\u0131r.<\/p>\n","protected":false},"excerpt":{"rendered":"<p>Herkes ikiz ruhunu arar. Bu d\u00fcnyada ikiz ruh deyince, m\u00fckemmel, eksiksiz, birbirimize sonsuz doyum ve tamamlanm\u0131\u015fl\u0131k hissi verece\u011fimizi d\u00fc\u015f\u00fcnd\u00fc\u011f\u00fcm\u00fcz ki\u015fiyi d\u00fc\u015f\u00fcn\u00fcyoruz. Oysaki, ger\u00e7ek bir ikiz ruh,<span class=\"excerpt-hellip\"> [\u2026]<\/span><\/p>\n","protected":false},"featured_media":0,"template":"","meta":{"_monsterinsights_skip_tracking":false,"_monsterinsights_sitenote_active":false,"_monsterinsights_sitenote_note":"","_monsterinsights_sitenote_category":0},"product_brand":[],"product_cat":[12364,12376],"product_tag":[],"class_list":{"0":"post-717625","1":"product","2":"type-product","3":"status-publish","5":"product_cat-genel-konular","6":"product_cat-kisisel-gelisim","7":"pa_cilt-ciltsiz","8":"pa_tur-kitap","9":"pa_yayinevi-inkilap-kitabevi","10":"pa_yazar-seda-diker","12":"first","13":"instock","14":"sale","15":"shipping-taxable","16":"purchasable","17":"product-type-simple"},"_links":{"self":[{"href":"https:\/\/roveyayinevi.com.tr\/index.php\/wp-json\/wp\/v2\/product\/717625","targetHints":{"allow":["GET"]}}],"collection":[{"href":"https:\/\/roveyayinevi.com.tr\/index.php\/wp-json\/wp\/v2\/product"}],"about":[{"href":"https:\/\/roveyayinevi.com.tr\/index.php\/wp-json\/wp\/v2\/types\/product"}],"wp:attachment":[{"href":"https:\/\/roveyayinevi.com.tr\/index.php\/wp-json\/wp\/v2\/media?parent=717625"}],"wp:term":[{"taxonomy":"product_brand","embeddable":true,"href":"https:\/\/roveyayinevi.com.tr\/index.php\/wp-json\/wp\/v2\/product_brand?post=717625"},{"taxonomy":"product_cat","embeddable":true,"href":"https:\/\/roveyayinevi.com.tr\/index.php\/wp-json\/wp\/v2\/product_cat?post=717625"},{"taxonomy":"product_tag","embeddable":true,"href":"https:\/\/roveyayinevi.com.tr\/index.php\/wp-json\/wp\/v2\/product_tag?post=717625"}],"curies":[{"name":"wp","href":"https:\/\/api.w.org\/{rel}","templated":true}]}}