{"id":717624,"date":"2025-08-27T17:57:37","date_gmt":"2025-08-27T14:57:37","guid":{"rendered":"https:\/\/roveyayinevi.com.tr\/index.php\/urun\/duygu-simyacisi\/"},"modified":"2026-04-03T02:32:16","modified_gmt":"2026-04-02T23:32:16","slug":"duygu-simyacisi","status":"publish","type":"product","link":"https:\/\/roveyayinevi.com.tr\/index.php\/urun\/duygu-simyacisi\/","title":{"rendered":"Duygu Simyac\u0131s\u0131"},"content":{"rendered":"<p>\u00c7ekim Yasas\u0131 ile de\u011fil, sadece Yaradan\u2019a teslimiyet yolculu\u011fu ile hayat\u0131nda mucizeler yaratma fikrine ne dersin?   Peki ya \u00e7ok zahmetli oldu\u011funu d\u00fc\u015f\u00fcnd\u00fc\u011f\u00fcn ki\u015fisel duygu temizli\u011fini ve dolay\u0131s\u0131yla ili\u015fkilerini do\u011fru y\u00f6netebilmeyi tek ba\u015f\u0131na, hi\u00e7 kimseden yard\u0131m almaks\u0131z\u0131n ba\u015farmak ister misin?   A\u015fk\/\u0130li\u015fkiler, Sa\u011fl\u0131k, Para\/Bolluk, Sosyal Ba\u015far\u0131 alanlar\u0131nda hepimizin k\u0131s\u0131rd\u00f6ng\u00fcleri var. Hele ili\u015fkilerde de\u011fi\u015ftiremedi\u011fin, d\u00fczeltemedi\u011fin insanlar var. \u0130\u00e7inden \u00e7\u0131kamad\u0131\u011f\u0131n ama sana zarar veren durumlar var.   Kaderine k\u00fcsme! Bu kitap bir \u00d6ZG\u00dcRL\u00dcK kitab\u0131d\u0131r.  <\/p>\n","protected":false},"excerpt":{"rendered":"<p>\u00c7ekim Yasas\u0131 ile de\u011fil, sadece Yaradan\u2019a teslimiyet yolculu\u011fu ile hayat\u0131nda mucizeler yaratma fikrine ne dersin? Peki ya \u00e7ok zahmetli oldu\u011funu d\u00fc\u015f\u00fcnd\u00fc\u011f\u00fcn ki\u015fisel duygu temizli\u011fini ve dolay\u0131s\u0131yla<span class=\"excerpt-hellip\"> [\u2026]<\/span><\/p>\n","protected":false},"featured_media":0,"template":"","meta":{"_monsterinsights_skip_tracking":false,"_monsterinsights_sitenote_active":false,"_monsterinsights_sitenote_note":"","_monsterinsights_sitenote_category":0},"product_brand":[],"product_cat":[12364,12376],"product_tag":[],"class_list":{"0":"post-717624","1":"product","2":"type-product","3":"status-publish","5":"product_cat-genel-konular","6":"product_cat-kisisel-gelisim","7":"pa_cilt-ciltsiz","8":"pa_tur-kitap","9":"pa_yayinevi-inkilap-kitabevi","10":"pa_yazar-seda-diker","12":"first","13":"instock","14":"sale","15":"shipping-taxable","16":"purchasable","17":"product-type-simple"},"_links":{"self":[{"href":"https:\/\/roveyayinevi.com.tr\/index.php\/wp-json\/wp\/v2\/product\/717624","targetHints":{"allow":["GET"]}}],"collection":[{"href":"https:\/\/roveyayinevi.com.tr\/index.php\/wp-json\/wp\/v2\/product"}],"about":[{"href":"https:\/\/roveyayinevi.com.tr\/index.php\/wp-json\/wp\/v2\/types\/product"}],"wp:attachment":[{"href":"https:\/\/roveyayinevi.com.tr\/index.php\/wp-json\/wp\/v2\/media?parent=717624"}],"wp:term":[{"taxonomy":"product_brand","embeddable":true,"href":"https:\/\/roveyayinevi.com.tr\/index.php\/wp-json\/wp\/v2\/product_brand?post=717624"},{"taxonomy":"product_cat","embeddable":true,"href":"https:\/\/roveyayinevi.com.tr\/index.php\/wp-json\/wp\/v2\/product_cat?post=717624"},{"taxonomy":"product_tag","embeddable":true,"href":"https:\/\/roveyayinevi.com.tr\/index.php\/wp-json\/wp\/v2\/product_tag?post=717624"}],"curies":[{"name":"wp","href":"https:\/\/api.w.org\/{rel}","templated":true}]}}