{"id":717623,"date":"2025-08-27T17:57:37","date_gmt":"2025-08-27T14:57:37","guid":{"rendered":"https:\/\/roveyayinevi.com.tr\/index.php\/urun\/haz\/"},"modified":"2026-04-16T02:25:50","modified_gmt":"2026-04-15T23:25:50","slug":"haz","status":"publish","type":"product","link":"https:\/\/roveyayinevi.com.tr\/index.php\/urun\/haz\/","title":{"rendered":"Haz"},"content":{"rendered":"<p>Yasaklarla bast\u0131r\u0131lm\u0131\u015f bir toplum, hi\u00e7 duygusal bir e\u011fitimden ge\u00e7meden elektronik \u00e7a\u011fa ad\u0131m atarsa ne olur? Ailelerin \u00e7ocuklar\u0131n\u0131 tamamen \u00f6zg\u00fcr b\u0131rakmas\u0131 do\u011fru mu? Gen\u00e7lerin bask\u0131lanmas\u0131 neye yol a\u00e7ar? E\u011fer sevi\u015fmenin okulu olsayd\u0131, acaba bug\u00fcn d\u00fcnya bamba\u015fka bir yer olabilir miydi? Haz, bu ve buna benzer sorular\u0131n yan\u0131tlar\u0131n\u0131 t\u00fcm a\u00e7\u0131kl\u0131\u011f\u0131yla anlat\u0131yor. Kitapta,  \u00e7\u00f6z\u00fcm istiyorsak daha fazla yasaklayarak de\u011fil bu i\u015fin do\u011frusunu \u00f6\u011freterek bir yerlere varabilece\u011fimizin alt\u0131 \u00e7iziliyor.  Kontroll\u00fc bir \u015fekilde cinsel deneyim kazanman\u0131n sa\u011fl\u0131kl\u0131 birey ve toplum olman\u0131n \u00f6n\u00fcn\u00fc a\u00e7t\u0131\u011f\u0131n\u0131 s\u00f6yleyen yazar,  duygular\u0131, hazz\u0131 ve ili\u015fkileri \u0130lahi Sevgi\u2019ye d\u00f6n\u00fc\u015ft\u00fcrebilmenin yollar\u0131n\u0131 sunuyor. <\/p>\n","protected":false},"excerpt":{"rendered":"<p>Yasaklarla bast\u0131r\u0131lm\u0131\u015f bir toplum, hi\u00e7 duygusal bir e\u011fitimden ge\u00e7meden elektronik \u00e7a\u011fa ad\u0131m atarsa ne olur? Ailelerin \u00e7ocuklar\u0131n\u0131 tamamen \u00f6zg\u00fcr b\u0131rakmas\u0131 do\u011fru mu? Gen\u00e7lerin bask\u0131lanmas\u0131 neye yol<span class=\"excerpt-hellip\"> [\u2026]<\/span><\/p>\n","protected":false},"featured_media":0,"template":"","meta":{"_monsterinsights_skip_tracking":false,"_monsterinsights_sitenote_active":false,"_monsterinsights_sitenote_note":"","_monsterinsights_sitenote_category":0},"product_brand":[],"product_cat":[12291,12711],"product_tag":[],"class_list":{"0":"post-717623","1":"product","2":"type-product","3":"status-publish","5":"product_cat-edebiyat","6":"product_cat-roman-oyku","7":"pa_cilt-ciltsiz","8":"pa_tur-kitap","9":"pa_yayinevi-inkilap-kitabevi","10":"pa_yazar-seda-diker","12":"first","13":"instock","14":"sale","15":"shipping-taxable","16":"purchasable","17":"product-type-simple"},"_links":{"self":[{"href":"https:\/\/roveyayinevi.com.tr\/index.php\/wp-json\/wp\/v2\/product\/717623","targetHints":{"allow":["GET"]}}],"collection":[{"href":"https:\/\/roveyayinevi.com.tr\/index.php\/wp-json\/wp\/v2\/product"}],"about":[{"href":"https:\/\/roveyayinevi.com.tr\/index.php\/wp-json\/wp\/v2\/types\/product"}],"wp:attachment":[{"href":"https:\/\/roveyayinevi.com.tr\/index.php\/wp-json\/wp\/v2\/media?parent=717623"}],"wp:term":[{"taxonomy":"product_brand","embeddable":true,"href":"https:\/\/roveyayinevi.com.tr\/index.php\/wp-json\/wp\/v2\/product_brand?post=717623"},{"taxonomy":"product_cat","embeddable":true,"href":"https:\/\/roveyayinevi.com.tr\/index.php\/wp-json\/wp\/v2\/product_cat?post=717623"},{"taxonomy":"product_tag","embeddable":true,"href":"https:\/\/roveyayinevi.com.tr\/index.php\/wp-json\/wp\/v2\/product_tag?post=717623"}],"curies":[{"name":"wp","href":"https:\/\/api.w.org\/{rel}","templated":true}]}}