{"id":717616,"date":"2025-08-27T17:57:32","date_gmt":"2025-08-27T14:57:32","guid":{"rendered":"https:\/\/roveyayinevi.com.tr\/index.php\/urun\/zoraki-tabip\/"},"modified":"2026-04-07T02:33:15","modified_gmt":"2026-04-06T23:33:15","slug":"zoraki-tabip","status":"publish","type":"product","link":"https:\/\/roveyayinevi.com.tr\/index.php\/urun\/zoraki-tabip\/","title":{"rendered":"Zoraki Tabip"},"content":{"rendered":"<p>Devlet adaml\u0131\u011f\u0131 yan\u0131nda edebiyat sahas\u0131nda da \u00e7al\u0131\u015fmalar yapan Ahmet Vefik Pa\u015fa, halk\u0131 tiyatroya al\u0131\u015ft\u0131rmak i\u00e7in Moli\u00e8re\u2019in \u00e7ok say\u0131daki oyununu dilimize kazand\u0131rm\u0131\u015ft\u0131r. Moli\u00e8re\u2019in Le M\u00e9decin Malgr\u00e9 Lui adl\u0131 komedisini sosyal hayat\u0131m\u0131za ve \u00e2detlerimize uyarlayarak Zoraki Tabip ad\u0131yla yay\u0131mlam\u0131\u015f ve Bursa\u2019da yapt\u0131rd\u0131\u011f\u0131 tiyatroda sahneye koymu\u015ftur. Zoraki Tabip\u2019te olaylar, zengin bir a\u011fa k\u0131z\u0131n\u0131n gen\u00e7 bir \u015fairi sevmesi ve babas\u0131n\u0131n k\u0131z\u0131n\u0131 zengin bir adamla evlendirmek istemesi etraf\u0131nda geli\u015fir. Kocas\u0131 \u0130vaz\u2019dan dayak yiyen Selime ondan intikam almay\u0131 kafas\u0131na koyar. Selime, Hamza A\u011fa\u2019n\u0131n hasta k\u0131z\u0131n\u0131 iyile\u015ftirecek doktoru arayan Himmet ile Korkut\u2019u kand\u0131rarak onlara kocas\u0131n\u0131n iyi bir doktor oldu\u011funu ancak dayak yemedik\u00e7e bunu kabullenmedi\u011fini s\u00f6yler ve olaylar b\u00f6ylece geli\u015fir. Zoraki Tabip Tiyatro Klasikleri serisi i\u00e7inde ba\u015far\u0131l\u0131 bir uyarlamad\u0131r. Ahmet Vefik Pa\u015fa\u2019n\u0131n \u00fc\u00e7 perdelik bu adapte eserine, komedi sevgisi bilinen okurumuzun ilgi g\u00f6sterece\u011fini umuyoruz. <\/p>\n","protected":false},"excerpt":{"rendered":"<p>Devlet adaml\u0131\u011f\u0131 yan\u0131nda edebiyat sahas\u0131nda da \u00e7al\u0131\u015fmalar yapan Ahmet Vefik Pa\u015fa, halk\u0131 tiyatroya al\u0131\u015ft\u0131rmak i\u00e7in Moli\u00e8re\u2019in \u00e7ok say\u0131daki oyununu dilimize kazand\u0131rm\u0131\u015ft\u0131r. Moli\u00e8re\u2019in Le M\u00e9decin Malgr\u00e9 Lui<span class=\"excerpt-hellip\"> [\u2026]<\/span><\/p>\n","protected":false},"featured_media":0,"template":"","meta":{"_monsterinsights_skip_tracking":false,"_monsterinsights_sitenote_active":false,"_monsterinsights_sitenote_note":"","_monsterinsights_sitenote_category":0},"product_brand":[],"product_cat":[12566,13473],"product_tag":[],"class_list":{"0":"post-717616","1":"product","2":"type-product","3":"status-publish","5":"product_cat-egitim","6":"product_cat-sinavlara-hazirlik-okula-yardimci-kaynaklar","7":"pa_cilt-ciltsiz","8":"pa_tur-kitap","9":"pa_yayinevi-bilge-kultur-sanat","10":"pa_yazar-ahmet-vefik-pasa","12":"first","13":"instock","14":"sale","15":"shipping-taxable","16":"purchasable","17":"product-type-simple"},"_links":{"self":[{"href":"https:\/\/roveyayinevi.com.tr\/index.php\/wp-json\/wp\/v2\/product\/717616","targetHints":{"allow":["GET"]}}],"collection":[{"href":"https:\/\/roveyayinevi.com.tr\/index.php\/wp-json\/wp\/v2\/product"}],"about":[{"href":"https:\/\/roveyayinevi.com.tr\/index.php\/wp-json\/wp\/v2\/types\/product"}],"wp:attachment":[{"href":"https:\/\/roveyayinevi.com.tr\/index.php\/wp-json\/wp\/v2\/media?parent=717616"}],"wp:term":[{"taxonomy":"product_brand","embeddable":true,"href":"https:\/\/roveyayinevi.com.tr\/index.php\/wp-json\/wp\/v2\/product_brand?post=717616"},{"taxonomy":"product_cat","embeddable":true,"href":"https:\/\/roveyayinevi.com.tr\/index.php\/wp-json\/wp\/v2\/product_cat?post=717616"},{"taxonomy":"product_tag","embeddable":true,"href":"https:\/\/roveyayinevi.com.tr\/index.php\/wp-json\/wp\/v2\/product_tag?post=717616"}],"curies":[{"name":"wp","href":"https:\/\/api.w.org\/{rel}","templated":true}]}}