{"id":717615,"date":"2025-08-27T17:57:31","date_gmt":"2025-08-27T14:57:31","guid":{"rendered":"https:\/\/roveyayinevi.com.tr\/index.php\/urun\/gulnihal-2\/"},"modified":"2026-04-16T02:25:49","modified_gmt":"2026-04-15T23:25:49","slug":"gulnihal-2","status":"publish","type":"product","link":"https:\/\/roveyayinevi.com.tr\/index.php\/urun\/gulnihal-2\/","title":{"rendered":"G\u00fclnihal"},"content":{"rendered":"<p>Nam\u0131k Kemal, tiyatronun Bat\u0131 k\u00fclt\u00fcr\u00fcnde oynad\u0131\u011f\u0131 rol\u00fc yak\u0131ndan g\u00f6rm\u00fc\u015f, kendisi de milletinin ilerlemesini sa\u011flamak i\u00e7in tiyatrodan faydalanm\u0131\u015ft\u0131r. Nam\u0131k Kemal\u2019in Magosa\u2019da s\u00fcrg\u00fcnde iken yazd\u0131\u011f\u0131 be\u015f perdelik G\u00fclnihal ilk olarak Osmanl\u0131 Tiyatrosu\u2019nda sahnelendi. Nam\u0131k Kemal G\u00fclnihal\u2019de hem birka\u00e7 a\u015fk hik\u00e2yesini hem de k\u00f6t\u00fc bir idarecinin memleketi ne h\u00e2le getirdi\u011fini anlat\u0131r. Kaplan Pa\u015fa, sanca\u011f\u0131nda ileri gelen pek \u00e7ok ki\u015fiyi \u00f6ld\u00fcrd\u00fc\u011f\u00fc i\u00e7in halk\u0131n tepkisini \u00e7eker. Amcas\u0131n\u0131n o\u011flu Muhtar Bey\u2019i \u00f6ld\u00fcr\u00fcp onun ni\u015fanl\u0131s\u0131 \u0130smet Han\u0131m\u2019la evlenmeyi planlar. Olaylar\u0131n \u00e7\u00f6z\u00fcm\u00fcnde \u00f6nemli rol oynayan G\u00fclnihal, karde\u015fini zehirletti\u011fi i\u00e7in Kaplan Pa\u015fa\u2019ya kin besleyen Z\u00fclfikar\u2019\u0131n kendisine olan a\u015fk\u0131ndan faydalan\u0131r. Muhtar Bey\u2019in hapisten kurtar\u0131lmas\u0131nda ve Kaplan Pa\u015fa\u2019n\u0131n cezaland\u0131r\u0131lmas\u0131nda \u00f6n planda olan hep G\u00fclnihal\u2019dir. Nam\u0131k Kemal\u2019in kurgu y\u00f6n\u00fcnden ba\u015far\u0131l\u0131 eserlerinden biri olan G\u00fclnihal\u2019in Tiyatro Klasikleri serisi i\u00e7inde gerekli ilgiyi g\u00f6rece\u011fini d\u00fc\u015f\u00fcn\u00fcyoruz. <\/p>\n","protected":false},"excerpt":{"rendered":"<p>Nam\u0131k Kemal, tiyatronun Bat\u0131 k\u00fclt\u00fcr\u00fcnde oynad\u0131\u011f\u0131 rol\u00fc yak\u0131ndan g\u00f6rm\u00fc\u015f, kendisi de milletinin ilerlemesini sa\u011flamak i\u00e7in tiyatrodan faydalanm\u0131\u015ft\u0131r. Nam\u0131k Kemal\u2019in Magosa\u2019da s\u00fcrg\u00fcnde iken yazd\u0131\u011f\u0131 be\u015f perdelik G\u00fclnihal<span class=\"excerpt-hellip\"> [\u2026]<\/span><\/p>\n","protected":false},"featured_media":0,"template":"","meta":{"_monsterinsights_skip_tracking":false,"_monsterinsights_sitenote_active":false,"_monsterinsights_sitenote_note":"","_monsterinsights_sitenote_category":0},"product_brand":[],"product_cat":[12291,15566],"product_tag":[],"class_list":{"0":"post-717615","1":"product","2":"type-product","3":"status-publish","5":"product_cat-edebiyat","6":"product_cat-oyun","7":"pa_cilt-ciltsiz","8":"pa_tur-kitap","9":"pa_yayinevi-bilge-kultur-sanat","10":"pa_yazar-namik-kemal","12":"first","13":"instock","14":"sale","15":"shipping-taxable","16":"purchasable","17":"product-type-simple"},"_links":{"self":[{"href":"https:\/\/roveyayinevi.com.tr\/index.php\/wp-json\/wp\/v2\/product\/717615","targetHints":{"allow":["GET"]}}],"collection":[{"href":"https:\/\/roveyayinevi.com.tr\/index.php\/wp-json\/wp\/v2\/product"}],"about":[{"href":"https:\/\/roveyayinevi.com.tr\/index.php\/wp-json\/wp\/v2\/types\/product"}],"wp:attachment":[{"href":"https:\/\/roveyayinevi.com.tr\/index.php\/wp-json\/wp\/v2\/media?parent=717615"}],"wp:term":[{"taxonomy":"product_brand","embeddable":true,"href":"https:\/\/roveyayinevi.com.tr\/index.php\/wp-json\/wp\/v2\/product_brand?post=717615"},{"taxonomy":"product_cat","embeddable":true,"href":"https:\/\/roveyayinevi.com.tr\/index.php\/wp-json\/wp\/v2\/product_cat?post=717615"},{"taxonomy":"product_tag","embeddable":true,"href":"https:\/\/roveyayinevi.com.tr\/index.php\/wp-json\/wp\/v2\/product_tag?post=717615"}],"curies":[{"name":"wp","href":"https:\/\/api.w.org\/{rel}","templated":true}]}}