{"id":717614,"date":"2025-08-27T17:57:31","date_gmt":"2025-08-27T14:57:31","guid":{"rendered":"https:\/\/roveyayinevi.com.tr\/index.php\/urun\/cok-bilen-cok-yanilir-2\/"},"modified":"2026-04-16T02:25:49","modified_gmt":"2026-04-15T23:25:49","slug":"cok-bilen-cok-yanilir-2","status":"publish","type":"product","link":"https:\/\/roveyayinevi.com.tr\/index.php\/urun\/cok-bilen-cok-yanilir-2\/","title":{"rendered":"\u00c7ok Bilen \u00c7ok Yan\u0131l\u0131r"},"content":{"rendered":"<p>Recaizade Mahmut Ekrem, \u00c7ok Bilen \u00c7ok Yan\u0131l\u0131r\u2019da g\u00f6r\u00fcc\u00fc usul\u00fcyle evlilik konusunun alay etmeye elveri\u015fli taraflar\u0131n\u0131 bularak ba\u015far\u0131l\u0131 bir komedi yazm\u0131\u015ft\u0131r. Eserde k\u0131skan\u00e7l\u0131k, makam\u0131n\u0131 k\u00f6t\u00fcye kullanma, h\u0131rs ve intikam ba\u015fl\u0131ca temalar olarak dikkati \u00e7eker. D\u00fczenbaz ve k\u0131skan\u00e7 bir insan olan Azmi Efendi, Kaymakam Edip Efendi ile anla\u015famamaktad\u0131r. O s\u0131rada kaymakam\u0131n k\u0131z\u0131 L\u00fctfiye Han\u0131m\u2019\u0131, Halep valisinin o\u011flu \u0130hsan Bey istemi\u015f ve \u0130hsan Bey, evlenece\u011fi k\u0131z\u0131 g\u00f6rmek amac\u0131yla bir dervi\u015f k\u0131l\u0131\u011f\u0131nda Mara\u015f\u2019a gelmi\u015ftir. Azmi Efendi, \u0130hsan\u2019\u0131 yoksul bir dervi\u015f sand\u0131\u011f\u0131 h\u00e2lde, s\u0131rf kaymakama k\u00f6t\u00fcl\u00fck yapmak i\u00e7in onu \u201cHalep valisinin o\u011flu\u201d olarak tan\u0131t\u0131r ve L\u00fctfiye ile evlenmesini sa\u011flar. B\u00fct\u00fcn ger\u00e7e\u011fi \u00f6\u011frenen L\u00fctfiye, Azmi Efendi\u2019den intikam almaya karar verir. As\u0131l olay bundan sonra ba\u015flar. Tiyatro Klasikleri serisi i\u00e7inde mutlaka okunmas\u0131 gereken eserlerin ba\u015f\u0131nda gelen \u00c7ok Bilen \u00c7ok Yan\u0131l\u0131r pek \u00e7ok defa sahnelenmi\u015f, T\u00fcrk seyircisinin be\u011fenisini kazanm\u0131\u015ft\u0131r. <\/p>\n","protected":false},"excerpt":{"rendered":"<p>Recaizade Mahmut Ekrem, \u00c7ok Bilen \u00c7ok Yan\u0131l\u0131r\u2019da g\u00f6r\u00fcc\u00fc usul\u00fcyle evlilik konusunun alay etmeye elveri\u015fli taraflar\u0131n\u0131 bularak ba\u015far\u0131l\u0131 bir komedi yazm\u0131\u015ft\u0131r. Eserde k\u0131skan\u00e7l\u0131k, makam\u0131n\u0131 k\u00f6t\u00fcye kullanma, h\u0131rs<span class=\"excerpt-hellip\"> [\u2026]<\/span><\/p>\n","protected":false},"featured_media":0,"template":"","meta":{"_monsterinsights_skip_tracking":false,"_monsterinsights_sitenote_active":false,"_monsterinsights_sitenote_note":"","_monsterinsights_sitenote_category":0},"product_brand":[],"product_cat":[12291,15566],"product_tag":[],"class_list":{"0":"post-717614","1":"product","2":"type-product","3":"status-publish","5":"product_cat-edebiyat","6":"product_cat-oyun","7":"pa_cilt-ciltsiz","8":"pa_tur-kitap","9":"pa_yayinevi-bilge-kultur-sanat","10":"pa_yazar-recaizade-mahmut-ekrem","12":"first","13":"instock","14":"sale","15":"shipping-taxable","16":"purchasable","17":"product-type-simple"},"_links":{"self":[{"href":"https:\/\/roveyayinevi.com.tr\/index.php\/wp-json\/wp\/v2\/product\/717614","targetHints":{"allow":["GET"]}}],"collection":[{"href":"https:\/\/roveyayinevi.com.tr\/index.php\/wp-json\/wp\/v2\/product"}],"about":[{"href":"https:\/\/roveyayinevi.com.tr\/index.php\/wp-json\/wp\/v2\/types\/product"}],"wp:attachment":[{"href":"https:\/\/roveyayinevi.com.tr\/index.php\/wp-json\/wp\/v2\/media?parent=717614"}],"wp:term":[{"taxonomy":"product_brand","embeddable":true,"href":"https:\/\/roveyayinevi.com.tr\/index.php\/wp-json\/wp\/v2\/product_brand?post=717614"},{"taxonomy":"product_cat","embeddable":true,"href":"https:\/\/roveyayinevi.com.tr\/index.php\/wp-json\/wp\/v2\/product_cat?post=717614"},{"taxonomy":"product_tag","embeddable":true,"href":"https:\/\/roveyayinevi.com.tr\/index.php\/wp-json\/wp\/v2\/product_tag?post=717614"}],"curies":[{"name":"wp","href":"https:\/\/api.w.org\/{rel}","templated":true}]}}