{"id":717613,"date":"2025-08-27T17:57:30","date_gmt":"2025-08-27T14:57:30","guid":{"rendered":"https:\/\/roveyayinevi.com.tr\/index.php\/urun\/ayyar-hamza\/"},"modified":"2026-04-16T02:25:49","modified_gmt":"2026-04-15T23:25:49","slug":"ayyar-hamza","status":"publish","type":"product","link":"https:\/\/roveyayinevi.com.tr\/index.php\/urun\/ayyar-hamza\/","title":{"rendered":"Ayyar Hamza"},"content":{"rendered":"<p>Direkt\u00f6r \u00c2li Bey, Ayyar Hamza\u2019y\u0131 Moli\u00e8re\u2019in Les Fourberies de Scapin adl\u0131 eserinden Osmanl\u0131-T\u00fcrk sosyal hayat\u0131na g\u00f6re uyarlam\u0131\u015ft\u0131r (1871). Muhterem ve Zuhuri Efendiler \u0130stanbullu zengin iki ki\u015fidir. Cimri ve otoriter olan bu babalar, o\u011fullar\u0131n\u0131 onlar\u0131n bilgileri d\u0131\u015f\u0131nda kendi se\u00e7tikleri zengin k\u0131zlarla evlendirmeye kalk\u0131\u015f\u0131rlar. Ama Sena Bey ve Nimet Bey sevdikleri k\u0131zlarla evlenmeyi istemektedir. Piyesin as\u0131l olay\u0131 \u015fudur: \u0130ki delikanl\u0131 gayet s\u0131k\u0131\u015f\u0131k bir durumda para ihtiyac\u0131 i\u00e7indedir; bunlardan Nimet Bey\u2019in u\u015fa\u011f\u0131 olan Hamza, delikanl\u0131lar\u0131n cimri babalar\u0131ndan, \u00e7e\u015fitli kurnazl\u0131klarla bu paray\u0131 almay\u0131 ba\u015far\u0131r; piyes de u\u015fa\u011f\u0131n \u00e7evirdi\u011fi bu dolaplardan meydana gelir. T\u00fcrk Klasikleri serisi i\u00e7inde olmas\u0131 gereken eserlerden biri olan Ayyar Hamza\u2019da Direkt\u00f6r \u00c2li Bey\u2019in y\u00fcksek mizah seviyesi g\u00f6r\u00fclmektedir. Komedi sevgisi bilinen okuyucumuz taraf\u0131ndan ilgi ve be\u011feniyle okunaca\u011f\u0131n\u0131 \u00fcmit ediyoruz.  <\/p>\n","protected":false},"excerpt":{"rendered":"<p>Direkt\u00f6r \u00c2li Bey, Ayyar Hamza\u2019y\u0131 Moli\u00e8re\u2019in Les Fourberies de Scapin adl\u0131 eserinden Osmanl\u0131-T\u00fcrk sosyal hayat\u0131na g\u00f6re uyarlam\u0131\u015ft\u0131r (1871). Muhterem ve Zuhuri Efendiler \u0130stanbullu zengin iki ki\u015fidir.<span class=\"excerpt-hellip\"> [\u2026]<\/span><\/p>\n","protected":false},"featured_media":0,"template":"","meta":{"_monsterinsights_skip_tracking":false,"_monsterinsights_sitenote_active":false,"_monsterinsights_sitenote_note":"","_monsterinsights_sitenote_category":0},"product_brand":[],"product_cat":[12291,15566],"product_tag":[],"class_list":{"0":"post-717613","1":"product","2":"type-product","3":"status-publish","5":"product_cat-edebiyat","6":"product_cat-oyun","7":"pa_cilt-ciltsiz","8":"pa_tur-kitap","9":"pa_yayinevi-bilge-kultur-sanat","10":"pa_yazar-direktor-ali-bey","12":"first","13":"instock","14":"sale","15":"shipping-taxable","16":"purchasable","17":"product-type-simple"},"_links":{"self":[{"href":"https:\/\/roveyayinevi.com.tr\/index.php\/wp-json\/wp\/v2\/product\/717613","targetHints":{"allow":["GET"]}}],"collection":[{"href":"https:\/\/roveyayinevi.com.tr\/index.php\/wp-json\/wp\/v2\/product"}],"about":[{"href":"https:\/\/roveyayinevi.com.tr\/index.php\/wp-json\/wp\/v2\/types\/product"}],"wp:attachment":[{"href":"https:\/\/roveyayinevi.com.tr\/index.php\/wp-json\/wp\/v2\/media?parent=717613"}],"wp:term":[{"taxonomy":"product_brand","embeddable":true,"href":"https:\/\/roveyayinevi.com.tr\/index.php\/wp-json\/wp\/v2\/product_brand?post=717613"},{"taxonomy":"product_cat","embeddable":true,"href":"https:\/\/roveyayinevi.com.tr\/index.php\/wp-json\/wp\/v2\/product_cat?post=717613"},{"taxonomy":"product_tag","embeddable":true,"href":"https:\/\/roveyayinevi.com.tr\/index.php\/wp-json\/wp\/v2\/product_tag?post=717613"}],"curies":[{"name":"wp","href":"https:\/\/api.w.org\/{rel}","templated":true}]}}