{"id":717612,"date":"2025-08-27T17:57:29","date_gmt":"2025-08-27T14:57:29","guid":{"rendered":"https:\/\/roveyayinevi.com.tr\/index.php\/urun\/akif-bey-2\/"},"modified":"2026-04-16T02:25:49","modified_gmt":"2026-04-15T23:25:49","slug":"akif-bey-2","status":"publish","type":"product","link":"https:\/\/roveyayinevi.com.tr\/index.php\/urun\/akif-bey-2\/","title":{"rendered":"Akif Bey"},"content":{"rendered":"<p>T\u00fcrk edebiyat\u0131n\u0131n deniz konulu ilk piyesi oldu\u011fu i\u00e7in tiyatro tarihimiz a\u00e7\u0131s\u0131ndan \u00f6nemli olan Akif Bey\u2019de, denizin g\u00fczelli\u011fi ve insan\u0131 etkileyen taraflar\u0131 Akif Bey\u2019in a\u011fz\u0131ndan dile getirilir. Bir sava\u015f gemisinin kaptan\u0131 olan Akif Bey, Dilr\u00fcba ad\u0131nda ahlak y\u00f6n\u00fcnden d\u00fc\u015f\u00fck bir kad\u0131nla evlidir. Dilr\u00fcba ile evlenmek isteyen Esat Bey Ruslar\u0131n T\u00fcrk donanmas\u0131n\u0131 Sinop\u2019ta yakmalar\u0131 \u00fczerine Akif Bey\u2019in sava\u015fta \u00f6ld\u00fc\u011f\u00fc haberini yayar. Dilr\u00fcba da kocas\u0131n\u0131n Sinop\u2019taki deniz sava\u015f\u0131nda \u00f6ld\u00fc\u011f\u00fcn\u00fc iki yalanc\u0131 \u015fahitle ispat edip ba\u015fkas\u0131yla evlenmek i\u00e7in gerekli belgeyi al\u0131r ve Esat Bey\u2019le d\u00fc\u011f\u00fcn haz\u0131rl\u0131klar\u0131na ba\u015flar. Sinop bask\u0131n\u0131ndan sa\u011f olarak kurtulan Akif Bey, Dilr\u00fcba ile ilgili b\u00fct\u00fcn ger\u00e7ekleri babas\u0131ndan \u00f6\u011frenir. \u0130ntikam almak amac\u0131yla d\u00fc\u011f\u00fcn gecesi Dilr\u00fcba\u2019n\u0131n evine gider ve ard\u0131ndan trajik olaylar ya\u015fan\u0131r. Eserin tiyatro severlerin ilgisini \u00e7ekece\u011fini umuyor, Tiyatro Klasikleri serisi i\u00e7inde yay\u0131mlaman\u0131n tiyatromuza katk\u0131da bulunaca\u011f\u0131n\u0131 d\u00fc\u015f\u00fcn\u00fcyoruz. <\/p>\n","protected":false},"excerpt":{"rendered":"<p>T\u00fcrk edebiyat\u0131n\u0131n deniz konulu ilk piyesi oldu\u011fu i\u00e7in tiyatro tarihimiz a\u00e7\u0131s\u0131ndan \u00f6nemli olan Akif Bey\u2019de, denizin g\u00fczelli\u011fi ve insan\u0131 etkileyen taraflar\u0131 Akif Bey\u2019in a\u011fz\u0131ndan dile getirilir.<span class=\"excerpt-hellip\"> [\u2026]<\/span><\/p>\n","protected":false},"featured_media":0,"template":"","meta":{"_monsterinsights_skip_tracking":false,"_monsterinsights_sitenote_active":false,"_monsterinsights_sitenote_note":"","_monsterinsights_sitenote_category":0},"product_brand":[],"product_cat":[12291,15566],"product_tag":[],"class_list":{"0":"post-717612","1":"product","2":"type-product","3":"status-publish","5":"product_cat-edebiyat","6":"product_cat-oyun","7":"pa_cilt-ciltsiz","8":"pa_tur-kitap","9":"pa_yayinevi-bilge-kultur-sanat","10":"pa_yazar-namik-kemal","12":"first","13":"instock","14":"sale","15":"shipping-taxable","16":"purchasable","17":"product-type-simple"},"_links":{"self":[{"href":"https:\/\/roveyayinevi.com.tr\/index.php\/wp-json\/wp\/v2\/product\/717612","targetHints":{"allow":["GET"]}}],"collection":[{"href":"https:\/\/roveyayinevi.com.tr\/index.php\/wp-json\/wp\/v2\/product"}],"about":[{"href":"https:\/\/roveyayinevi.com.tr\/index.php\/wp-json\/wp\/v2\/types\/product"}],"wp:attachment":[{"href":"https:\/\/roveyayinevi.com.tr\/index.php\/wp-json\/wp\/v2\/media?parent=717612"}],"wp:term":[{"taxonomy":"product_brand","embeddable":true,"href":"https:\/\/roveyayinevi.com.tr\/index.php\/wp-json\/wp\/v2\/product_brand?post=717612"},{"taxonomy":"product_cat","embeddable":true,"href":"https:\/\/roveyayinevi.com.tr\/index.php\/wp-json\/wp\/v2\/product_cat?post=717612"},{"taxonomy":"product_tag","embeddable":true,"href":"https:\/\/roveyayinevi.com.tr\/index.php\/wp-json\/wp\/v2\/product_tag?post=717612"}],"curies":[{"name":"wp","href":"https:\/\/api.w.org\/{rel}","templated":true}]}}