{"id":717609,"date":"2025-08-27T17:57:28","date_gmt":"2025-08-27T14:57:28","guid":{"rendered":"https:\/\/roveyayinevi.com.tr\/index.php\/urun\/aslinda-giden-erkek-yoktur\/"},"modified":"2026-04-16T02:25:49","modified_gmt":"2026-04-15T23:25:49","slug":"aslinda-giden-erkek-yoktur","status":"publish","type":"product","link":"https:\/\/roveyayinevi.com.tr\/index.php\/urun\/aslinda-giden-erkek-yoktur\/","title":{"rendered":"Asl\u0131nda Giden Erkek Yoktur"},"content":{"rendered":"<p>Binlerce y\u0131ld\u0131r a\u015fk hayat\u0131m\u0131z problemlerle doluydu. \u00c7ok az\u0131m\u0131z ger\u00e7ek mutlulu\u011fu ve \u00f6m\u00fcr boyu huzuru yakalayabildi. \u0130li\u015fkilerimizi, birbirimizi mutlu etmek de\u011fil, adeta \u00fczmek, s\u0131namak, aldatmak \u00fczerine kurduk. Farkl\u0131 senaryolarla ba\u015flayan ama hep sonu benzer \u015fekilde biten ili\u015fkilerden yorulduk. Bilin\u00e7alt\u0131m\u0131z kirlendik\u00e7e, kad\u0131nla erke\u011fin b\u00fct\u00fcnle\u015febilmek i\u00e7in bilmesi gereken baz\u0131 kadim bilgiler de unutuldu. Zaman i\u00e7inde kad\u0131nlar\u0131n \u201cdi\u015filik\u201d, erkeklerin \u201cerillik\u201d yetenekleri kayboldu. Bu kitab\u0131n yaz\u0131l\u0131\u015f amac\u0131, kad\u0131n erkek ili\u015fkilerinde eksik olan, bug\u00fcne kadar ke\u015ffedilmemi\u015f bir \u00f6\u011feyi tamamlamakt\u0131r. \u0130li\u015fkilerinizi a\u015fka ve sevgiye d\u00f6n\u00fc\u015ft\u00fcrebilmek, do\u011fru e\u015fi se\u00e7mek, sevdi\u011finiz ki\u015fiyle duygusal, ruhsal, zihinsel ve bedensel ba\u011f\u0131 kurup g\u00fc\u00e7lendirebilmeniz i\u00e7in bu bilgiler size \u0131\u015f\u0131k tutacakt\u0131r. <\/p>\n","protected":false},"excerpt":{"rendered":"<p>Binlerce y\u0131ld\u0131r a\u015fk hayat\u0131m\u0131z problemlerle doluydu. \u00c7ok az\u0131m\u0131z ger\u00e7ek mutlulu\u011fu ve \u00f6m\u00fcr boyu huzuru yakalayabildi. \u0130li\u015fkilerimizi, birbirimizi mutlu etmek de\u011fil, adeta \u00fczmek, s\u0131namak, aldatmak \u00fczerine kurduk.<span class=\"excerpt-hellip\"> [\u2026]<\/span><\/p>\n","protected":false},"featured_media":0,"template":"","meta":{"_monsterinsights_skip_tracking":false,"_monsterinsights_sitenote_active":false,"_monsterinsights_sitenote_note":"","_monsterinsights_sitenote_category":0},"product_brand":[],"product_cat":[12364,12376],"product_tag":[],"class_list":{"0":"post-717609","1":"product","2":"type-product","3":"status-publish","5":"product_cat-genel-konular","6":"product_cat-kisisel-gelisim","7":"pa_cilt-ciltsiz","8":"pa_tur-kitap","9":"pa_yayinevi-inkilap-kitabevi","10":"pa_yazar-seda-diker","12":"first","13":"instock","14":"sale","15":"shipping-taxable","16":"purchasable","17":"product-type-simple"},"_links":{"self":[{"href":"https:\/\/roveyayinevi.com.tr\/index.php\/wp-json\/wp\/v2\/product\/717609","targetHints":{"allow":["GET"]}}],"collection":[{"href":"https:\/\/roveyayinevi.com.tr\/index.php\/wp-json\/wp\/v2\/product"}],"about":[{"href":"https:\/\/roveyayinevi.com.tr\/index.php\/wp-json\/wp\/v2\/types\/product"}],"wp:attachment":[{"href":"https:\/\/roveyayinevi.com.tr\/index.php\/wp-json\/wp\/v2\/media?parent=717609"}],"wp:term":[{"taxonomy":"product_brand","embeddable":true,"href":"https:\/\/roveyayinevi.com.tr\/index.php\/wp-json\/wp\/v2\/product_brand?post=717609"},{"taxonomy":"product_cat","embeddable":true,"href":"https:\/\/roveyayinevi.com.tr\/index.php\/wp-json\/wp\/v2\/product_cat?post=717609"},{"taxonomy":"product_tag","embeddable":true,"href":"https:\/\/roveyayinevi.com.tr\/index.php\/wp-json\/wp\/v2\/product_tag?post=717609"}],"curies":[{"name":"wp","href":"https:\/\/api.w.org\/{rel}","templated":true}]}}