{"id":717608,"date":"2025-08-27T17:57:27","date_gmt":"2025-08-27T14:57:27","guid":{"rendered":"https:\/\/roveyayinevi.com.tr\/index.php\/urun\/aslinda-ayrilik-da-yoktur\/"},"modified":"2026-04-16T02:25:49","modified_gmt":"2026-04-15T23:25:49","slug":"aslinda-ayrilik-da-yoktur","status":"publish","type":"product","link":"https:\/\/roveyayinevi.com.tr\/index.php\/urun\/aslinda-ayrilik-da-yoktur\/","title":{"rendered":"Asl\u0131nda Ayr\u0131l\u0131k da Yoktur"},"content":{"rendered":"<p>Ego, olumsuz duygular\u0131 sever. Onlardan beslenir. Melankoli, melodram, abart\u0131l\u0131 sahnelerden ho\u015flan\u0131r. \u00c7\u00fcnk\u00fc ki\u015fi ac\u0131 \u00e7ekmekten ho\u015flanmayaca\u011f\u0131 ve bundan ka\u00e7\u0131naca\u011f\u0131 i\u00e7in, i\u00e7indeki \u0130lahi Sevgi\u2019yi ve Yaradan\u2019\u0131n varl\u0131\u011f\u0131n\u0131 bulamadan yeniden egoya ba\u015fvuracakt\u0131r. Ve biz bu duygular\u0131 ya\u015fad\u0131\u011f\u0131m\u0131z durumla \u00f6zde\u015fle\u015ftiririz. Kar\u015f\u0131m\u0131zdaki ki\u015fiyi kontrol etmeye, durumu manip\u00fcle etmeye \u00e7al\u0131\u015f\u0131r hayat enerjimizi bo\u015fa harcar\u0131z. B\u00fct\u00fcn bunlar, ili\u015fkimizi daha da k\u00f6t\u00fcye g\u00f6t\u00fcrmekten ba\u015fka bir i\u015fe yaramaz.   Bu kitap, bilin\u00e7alt\u0131ndaki terk edilmek, tercih edilmemek, yaln\u0131z kalmak, aldat\u0131lmak, kaybetmek, yok say\u0131lmak, de\u011fersizlik hissetmek gibi duygular\u0131n en az yar\u0131s\u0131n\u0131 temizleyebilmi\u015f, kalbindeki \u0130lahi Sevgi paydas\u0131n\u0131 art\u0131rm\u0131\u015f ki\u015filerin, tamamen egonun ili\u015fkilerdeki yan\u0131lsamalar\u0131ndan kurtularak ger\u00e7ek sevgiye ve sa\u011fl\u0131kl\u0131 bir ba\u011f kurabilmeye yapacaklar\u0131 yolculu\u011fu anlat\u0131yor. <\/p>\n","protected":false},"excerpt":{"rendered":"<p>Ego, olumsuz duygular\u0131 sever. Onlardan beslenir. Melankoli, melodram, abart\u0131l\u0131 sahnelerden ho\u015flan\u0131r. \u00c7\u00fcnk\u00fc ki\u015fi ac\u0131 \u00e7ekmekten ho\u015flanmayaca\u011f\u0131 ve bundan ka\u00e7\u0131naca\u011f\u0131 i\u00e7in, i\u00e7indeki \u0130lahi Sevgi\u2019yi ve Yaradan\u2019\u0131n varl\u0131\u011f\u0131n\u0131<span class=\"excerpt-hellip\"> [\u2026]<\/span><\/p>\n","protected":false},"featured_media":0,"template":"","meta":{"_monsterinsights_skip_tracking":false,"_monsterinsights_sitenote_active":false,"_monsterinsights_sitenote_note":"","_monsterinsights_sitenote_category":0},"product_brand":[],"product_cat":[12364,12376],"product_tag":[],"class_list":{"0":"post-717608","1":"product","2":"type-product","3":"status-publish","5":"product_cat-genel-konular","6":"product_cat-kisisel-gelisim","7":"pa_cilt-ciltsiz","8":"pa_tur-kitap","9":"pa_yayinevi-inkilap-kitabevi","10":"pa_yazar-seda-diker","12":"first","13":"instock","14":"sale","15":"shipping-taxable","16":"purchasable","17":"product-type-simple"},"_links":{"self":[{"href":"https:\/\/roveyayinevi.com.tr\/index.php\/wp-json\/wp\/v2\/product\/717608","targetHints":{"allow":["GET"]}}],"collection":[{"href":"https:\/\/roveyayinevi.com.tr\/index.php\/wp-json\/wp\/v2\/product"}],"about":[{"href":"https:\/\/roveyayinevi.com.tr\/index.php\/wp-json\/wp\/v2\/types\/product"}],"wp:attachment":[{"href":"https:\/\/roveyayinevi.com.tr\/index.php\/wp-json\/wp\/v2\/media?parent=717608"}],"wp:term":[{"taxonomy":"product_brand","embeddable":true,"href":"https:\/\/roveyayinevi.com.tr\/index.php\/wp-json\/wp\/v2\/product_brand?post=717608"},{"taxonomy":"product_cat","embeddable":true,"href":"https:\/\/roveyayinevi.com.tr\/index.php\/wp-json\/wp\/v2\/product_cat?post=717608"},{"taxonomy":"product_tag","embeddable":true,"href":"https:\/\/roveyayinevi.com.tr\/index.php\/wp-json\/wp\/v2\/product_tag?post=717608"}],"curies":[{"name":"wp","href":"https:\/\/api.w.org\/{rel}","templated":true}]}}