{"id":717607,"date":"2025-08-27T17:57:27","date_gmt":"2025-08-27T14:57:27","guid":{"rendered":"https:\/\/roveyayinevi.com.tr\/index.php\/urun\/dracula-2\/"},"modified":"2026-04-12T02:31:03","modified_gmt":"2026-04-11T23:31:03","slug":"dracula-2","status":"publish","type":"product","link":"https:\/\/roveyayinevi.com.tr\/index.php\/urun\/dracula-2\/","title":{"rendered":"Dracula"},"content":{"rendered":"<p>Hava karard\u0131\u011f\u0131 zaman yolcular aras\u0131nda bir heyecan dalgas\u0131n\u0131n dola\u015ft\u0131\u011f\u0131n\u0131 hissettim, birbirlerinin pe\u015fi s\u0131ra hepsi s\u00fcr\u00fcc\u00fcye daha h\u0131zl\u0131 gitmesi i\u00e7in \u0131srar ediyor gibiydiler. Uzun kam\u00e7\u0131s\u0131yla atlar\u0131 ac\u0131mas\u0131zca k\u0131rba\u00e7lad\u0131, hoyrat hoyrat ba\u011f\u0131r\u0131p atlar\u0131 h\u0131zland\u0131rmaya \u00e7al\u0131\u015ft\u0131&#8230; Dracula\u2019n\u0131n geldi\u011fi d\u00fcnyan\u0131n bir bak\u0131ma belirsiz olu\u015fu, iki d\u00fcnya aras\u0131ndaki s\u0131k\u0131\u015fm\u0131\u015fl\u0131\u011f\u0131, ayd\u0131nlanma Avrupas\u0131 i\u00e7in \u201cd\u0131\u015f\u201d bir co\u011frafyay\u0131 temsil etmesi, akl\u0131n denetim s\u0131n\u0131rlar\u0131 d\u0131\u015f\u0131nda kalmas\u0131, tekinsiz olan\u0131n uyanmas\u0131 kural\u0131na uymaktad\u0131r. Denetlenemez olan, d\u00fcnyan\u0131n bildik bilimsel-akli ara\u00e7lar\u0131yla geri \u00e7evrilemez olan \u015fey \u201c\u00fclkeye s\u0131zm\u0131\u015ft\u0131r.\u201d Bir \u00f6l\u00fcms\u00fcz olarak Dracula, romanda iki olu\u015f\/durum aras\u0131nda, tan\u0131mlanamayan bir yerdedir: Teritorium incognito. B\u00f6yle iki olu\u015f aras\u0131nda kalm\u0131\u015f, varl\u0131\u011f\u0131 belirsiz biri oldu\u011fu i\u00e7in de ne bir g\u00f6lgeye sahiptir ne de aynada bir yans\u0131maya&#8230; <\/p>\n","protected":false},"excerpt":{"rendered":"<p>Hava karard\u0131\u011f\u0131 zaman yolcular aras\u0131nda bir heyecan dalgas\u0131n\u0131n dola\u015ft\u0131\u011f\u0131n\u0131 hissettim, birbirlerinin pe\u015fi s\u0131ra hepsi s\u00fcr\u00fcc\u00fcye daha h\u0131zl\u0131 gitmesi i\u00e7in \u0131srar ediyor gibiydiler. Uzun kam\u00e7\u0131s\u0131yla atlar\u0131 ac\u0131mas\u0131zca<span class=\"excerpt-hellip\"> [\u2026]<\/span><\/p>\n","protected":false},"featured_media":0,"template":"","meta":{"_monsterinsights_skip_tracking":false,"_monsterinsights_sitenote_active":false,"_monsterinsights_sitenote_note":"","_monsterinsights_sitenote_category":0},"product_brand":[],"product_cat":[12291,12711],"product_tag":[],"class_list":{"0":"post-717607","1":"product","2":"type-product","3":"status-publish","5":"product_cat-edebiyat","6":"product_cat-roman-oyku","7":"pa_cilt-ciltsiz","8":"pa_tur-kitap","9":"pa_yayinevi-ayrinti-yayinlari","10":"pa_yazar-bram-stoker","12":"first","13":"instock","14":"sale","15":"shipping-taxable","16":"purchasable","17":"product-type-simple"},"_links":{"self":[{"href":"https:\/\/roveyayinevi.com.tr\/index.php\/wp-json\/wp\/v2\/product\/717607","targetHints":{"allow":["GET"]}}],"collection":[{"href":"https:\/\/roveyayinevi.com.tr\/index.php\/wp-json\/wp\/v2\/product"}],"about":[{"href":"https:\/\/roveyayinevi.com.tr\/index.php\/wp-json\/wp\/v2\/types\/product"}],"wp:attachment":[{"href":"https:\/\/roveyayinevi.com.tr\/index.php\/wp-json\/wp\/v2\/media?parent=717607"}],"wp:term":[{"taxonomy":"product_brand","embeddable":true,"href":"https:\/\/roveyayinevi.com.tr\/index.php\/wp-json\/wp\/v2\/product_brand?post=717607"},{"taxonomy":"product_cat","embeddable":true,"href":"https:\/\/roveyayinevi.com.tr\/index.php\/wp-json\/wp\/v2\/product_cat?post=717607"},{"taxonomy":"product_tag","embeddable":true,"href":"https:\/\/roveyayinevi.com.tr\/index.php\/wp-json\/wp\/v2\/product_tag?post=717607"}],"curies":[{"name":"wp","href":"https:\/\/api.w.org\/{rel}","templated":true}]}}