{"id":717605,"date":"2025-08-27T17:57:25","date_gmt":"2025-08-27T14:57:25","guid":{"rendered":"https:\/\/roveyayinevi.com.tr\/index.php\/urun\/gunisigi-kapisi\/"},"modified":"2026-04-16T02:25:49","modified_gmt":"2026-04-15T23:25:49","slug":"gunisigi-kapisi","status":"publish","type":"product","link":"https:\/\/roveyayinevi.com.tr\/index.php\/urun\/gunisigi-kapisi\/","title":{"rendered":"G\u00fcn\u0131\u015f\u0131\u011f\u0131 Kap\u0131s\u0131"},"content":{"rendered":"<p>\u015eeytanla\u015ft\u0131r\u0131lan muhalefet, t\u00fcm toplumu saran paranoya, bitmek bilmeyen siyasi komplolar, din ve Tanr\u0131 ad\u0131na i\u015flenen cinayetler, sefalet: Jeanette Winterson, G\u00fcn\u0131\u015f\u0131\u011f\u0131 Kap\u0131s\u0131\u2019nda kad\u0131n\u0131n toplumdaki yeri kadar, dinin siyasetteki etkisiyle de son derece i\u00e7 i\u00e7e ge\u00e7mi\u015f kanl\u0131 bir hesapla\u015fmaya, \u0130ngiltere\u2019deki cad\u0131 yarg\u0131lamalar\u0131n\u0131n en korkuncuna \u0131\u015f\u0131k tutuyor.Winterson, \u0130ngiltere Kral\u0131 I. James\u2019in 1600\u2019l\u00fc y\u0131llar\u0131n ba\u015f\u0131nda hem Katoliklerin hem de b\u00fcy\u00fcc\u00fclerin k\u00f6k\u00fcn\u00fc kaz\u0131maya y\u00f6nelik ba\u015flatt\u0131\u011f\u0131 ve t\u00fcm \u00fclkeyi esir alan \u201ccad\u0131 av\u0131\u201dn\u0131n ger\u00e7ek hik\u00e2yesini ustal\u0131kl\u0131 bir kurguyla yeniden yarat\u0131rken \u0131\u015f\u0131\u011f\u0131n tiranl\u0131\u011f\u0131n\u0131 ve cad\u0131l\u0131\u011f\u0131n kadim bilgeli\u011fini bir kez daha hat\u0131rlat\u0131yor.<\/p>\n","protected":false},"excerpt":{"rendered":"<p>\u015eeytanla\u015ft\u0131r\u0131lan muhalefet, t\u00fcm toplumu saran paranoya, bitmek bilmeyen siyasi komplolar, din ve Tanr\u0131 ad\u0131na i\u015flenen cinayetler, sefalet: Jeanette Winterson, G\u00fcn\u0131\u015f\u0131\u011f\u0131 Kap\u0131s\u0131\u2019nda kad\u0131n\u0131n toplumdaki yeri kadar, dinin<span class=\"excerpt-hellip\"> [\u2026]<\/span><\/p>\n","protected":false},"featured_media":0,"template":"","meta":{"_monsterinsights_skip_tracking":false,"_monsterinsights_sitenote_active":false,"_monsterinsights_sitenote_note":"","_monsterinsights_sitenote_category":0},"product_brand":[],"product_cat":[12291,12711],"product_tag":[],"class_list":{"0":"post-717605","1":"product","2":"type-product","3":"status-publish","5":"product_cat-edebiyat","6":"product_cat-roman-oyku","7":"pa_cilt-ciltsiz","8":"pa_tur-kitap","9":"pa_yayinevi-sel-yayincilik","10":"pa_yazar-jeanette-winterson","12":"first","13":"instock","14":"sale","15":"shipping-taxable","16":"purchasable","17":"product-type-simple"},"_links":{"self":[{"href":"https:\/\/roveyayinevi.com.tr\/index.php\/wp-json\/wp\/v2\/product\/717605","targetHints":{"allow":["GET"]}}],"collection":[{"href":"https:\/\/roveyayinevi.com.tr\/index.php\/wp-json\/wp\/v2\/product"}],"about":[{"href":"https:\/\/roveyayinevi.com.tr\/index.php\/wp-json\/wp\/v2\/types\/product"}],"wp:attachment":[{"href":"https:\/\/roveyayinevi.com.tr\/index.php\/wp-json\/wp\/v2\/media?parent=717605"}],"wp:term":[{"taxonomy":"product_brand","embeddable":true,"href":"https:\/\/roveyayinevi.com.tr\/index.php\/wp-json\/wp\/v2\/product_brand?post=717605"},{"taxonomy":"product_cat","embeddable":true,"href":"https:\/\/roveyayinevi.com.tr\/index.php\/wp-json\/wp\/v2\/product_cat?post=717605"},{"taxonomy":"product_tag","embeddable":true,"href":"https:\/\/roveyayinevi.com.tr\/index.php\/wp-json\/wp\/v2\/product_tag?post=717605"}],"curies":[{"name":"wp","href":"https:\/\/api.w.org\/{rel}","templated":true}]}}