{"id":717597,"date":"2025-08-27T17:57:20","date_gmt":"2025-08-27T14:57:20","guid":{"rendered":"https:\/\/roveyayinevi.com.tr\/index.php\/urun\/eglenceli-gezi-guzel-ulkem-turkiye-3\/"},"modified":"2026-04-16T02:25:49","modified_gmt":"2026-04-15T23:25:49","slug":"eglenceli-gezi-guzel-ulkem-turkiye-3","status":"publish","type":"product","link":"https:\/\/roveyayinevi.com.tr\/index.php\/urun\/eglenceli-gezi-guzel-ulkem-turkiye-3\/","title":{"rendered":"E\u011flenceli Gezi &#8211; G\u00fczel \u00dclkem T\u00fcrkiye 3"},"content":{"rendered":"<p>G\u00fczel \u00dclkem T\u00fcrkiye serisi t\u00fcm h\u0131z\u0131yla devam ediyor. Serinin bu \u00fc\u00e7\u00fcnc\u00fc kitab\u0131nda yine heyecan, merak, e\u011flence, bilgi ve ke\u015fif dolu rotalar bizi bekliyor. Bu sefer de Gezgin&#8217;in rehberli\u011finde \u00f6nce Do\u011fu Ekspresi ile masals\u0131 bir yolculu\u011fa \u00e7\u0131kacak, ard\u0131ndan sosyal medyan\u0131n son d\u00f6nemdeki fenomenleri Salda G\u00f6l\u00fc&#8217;n\u00fc ve Isparta&#8217;n\u0131n lavanta bah\u00e7elerini gezece\u011fiz. S\u00f6\u011f\u00fct&#8217;te Osmanl\u0131 Devleti&#8217;nin do\u011fdu\u011fu topraklarda ve \u0130stiklal Yolu&#8217;nda atalar\u0131m\u0131za sayg\u0131 duru\u015funda bulunacak, sonras\u0131nda g\u00fczel \u00fclkemizi do\u011fudan bat\u0131ya, kuzeyden g\u00fcneye dola\u015faca\u011f\u0131z.F\u0131rt\u0131na Vadisi&#8217;nde kulaklar\u0131m\u0131z do\u011fan\u0131n armonisine, Mudurnu&#8217;da midemiz e\u015fsiz lezzetlere, Artvin Camili Biyosfer Alan\u0131nda g\u00f6zlerimiz e\u015fsiz manzaraya, Kaunos Kral Mezarlar\u0131nda ruhumuz gizeme; nihayetinde, biz; gezmeye, \u00f6\u011frenmeye, lezzetlere, tarihe, co\u011frafyaya doyamayaca\u011f\u0131z. Haz\u0131r m\u0131s\u0131n\u0131z? \u00dclkemizi gezmek hi\u00e7 bu kadar e\u011flenceli olmam\u0131\u015ft\u0131!<\/p>\n","protected":false},"excerpt":{"rendered":"<p>G\u00fczel \u00dclkem T\u00fcrkiye serisi t\u00fcm h\u0131z\u0131yla devam ediyor. Serinin bu \u00fc\u00e7\u00fcnc\u00fc kitab\u0131nda yine heyecan, merak, e\u011flence, bilgi ve ke\u015fif dolu rotalar bizi bekliyor. Bu sefer de<span class=\"excerpt-hellip\"> [\u2026]<\/span><\/p>\n","protected":false},"featured_media":0,"template":"","meta":{"_monsterinsights_skip_tracking":false,"_monsterinsights_sitenote_active":false,"_monsterinsights_sitenote_note":"","_monsterinsights_sitenote_category":0},"product_brand":[],"product_cat":[12274,12631],"product_tag":[],"class_list":{"0":"post-717597","1":"product","2":"type-product","3":"status-publish","5":"product_cat-cocuk-ve-genclik-kitaplari","6":"product_cat-diger-cocuk-ve-genclik-kitaplari","7":"pa_cilt-ciltsiz","8":"pa_tur-kitap","9":"pa_yayinevi-eglenceli-bilgi-yayinlari","10":"pa_yazar-metin-ozdamarlar","12":"first","13":"instock","14":"sale","15":"shipping-taxable","16":"purchasable","17":"product-type-simple"},"_links":{"self":[{"href":"https:\/\/roveyayinevi.com.tr\/index.php\/wp-json\/wp\/v2\/product\/717597","targetHints":{"allow":["GET"]}}],"collection":[{"href":"https:\/\/roveyayinevi.com.tr\/index.php\/wp-json\/wp\/v2\/product"}],"about":[{"href":"https:\/\/roveyayinevi.com.tr\/index.php\/wp-json\/wp\/v2\/types\/product"}],"wp:attachment":[{"href":"https:\/\/roveyayinevi.com.tr\/index.php\/wp-json\/wp\/v2\/media?parent=717597"}],"wp:term":[{"taxonomy":"product_brand","embeddable":true,"href":"https:\/\/roveyayinevi.com.tr\/index.php\/wp-json\/wp\/v2\/product_brand?post=717597"},{"taxonomy":"product_cat","embeddable":true,"href":"https:\/\/roveyayinevi.com.tr\/index.php\/wp-json\/wp\/v2\/product_cat?post=717597"},{"taxonomy":"product_tag","embeddable":true,"href":"https:\/\/roveyayinevi.com.tr\/index.php\/wp-json\/wp\/v2\/product_tag?post=717597"}],"curies":[{"name":"wp","href":"https:\/\/api.w.org\/{rel}","templated":true}]}}