{"id":717596,"date":"2025-08-27T17:57:20","date_gmt":"2025-08-27T14:57:20","guid":{"rendered":"https:\/\/roveyayinevi.com.tr\/index.php\/urun\/icindeki-sen\/"},"modified":"2026-04-16T02:25:49","modified_gmt":"2026-04-15T23:25:49","slug":"icindeki-sen","status":"publish","type":"product","link":"https:\/\/roveyayinevi.com.tr\/index.php\/urun\/icindeki-sen\/","title":{"rendered":"\u0130\u00e7indeki Sen"},"content":{"rendered":"<p>\u00d6nemli olan mucize diyetlerle kilo vermek de\u011fil, her zaman g\u00fc\u00e7l\u00fc, sa\u011fl\u0131kl\u0131 ve mutlu hissetmektir. Squatgirl\u2019\u00fcn ikinci kitab\u0131nda sa\u011fl\u0131ks\u0131z tariflerin sa\u011fl\u0131kl\u0131 versiyonlar\u0131n\u0131 bulabilir, en iyi dostun olan v\u00fccuduna neyin iyi gelece\u011fini \u00f6\u011frenebilir, hem i\u015f hem de \u00f6zel hayat\u0131n\u0131 g\u00fczelle\u015ftirme yollar\u0131n\u0131 ke\u015ffederek hedeflerine ula\u015fabilir, enerjini y\u00fckseltebilirsin. Haz\u0131r ve kararl\u0131ysan simdi i\u00e7indeki Sen\u2019e d\u00f6nme vakti\u2026Doris Hofer bizi sa\u011fl\u0131kl\u0131 beslenmeye y\u00f6neltirken, k\u00fc\u00e7\u00fck dokunu\u015flarla i\u00e7 d\u00fcnyam\u0131zda olumlu etkiler yarat\u0131p, a\u00e7\u0131\u011fa \u00e7\u0131kan enerjiyle hayallerimizi ger\u00e7ekle\u015ftirmeye davet ediyor.<\/p>\n","protected":false},"excerpt":{"rendered":"<p>\u00d6nemli olan mucize diyetlerle kilo vermek de\u011fil, her zaman g\u00fc\u00e7l\u00fc, sa\u011fl\u0131kl\u0131 ve mutlu hissetmektir. Squatgirl\u2019\u00fcn ikinci kitab\u0131nda sa\u011fl\u0131ks\u0131z tariflerin sa\u011fl\u0131kl\u0131 versiyonlar\u0131n\u0131 bulabilir, en iyi dostun olan<span class=\"excerpt-hellip\"> [\u2026]<\/span><\/p>\n","protected":false},"featured_media":0,"template":"","meta":{"_monsterinsights_skip_tracking":false,"_monsterinsights_sitenote_active":false,"_monsterinsights_sitenote_note":"","_monsterinsights_sitenote_category":0},"product_brand":[],"product_cat":[13005,38128],"product_tag":[],"class_list":{"0":"post-717596","1":"product","2":"type-product","3":"status-publish","5":"product_cat-bilim-muhendislik","6":"product_cat-tip-bilimleri","7":"pa_cilt-ciltsiz","8":"pa_tur-kitap","9":"pa_yayinevi-libros-yayinlari","10":"pa_yazar-doris-hofer","12":"first","13":"instock","14":"sale","15":"shipping-taxable","16":"purchasable","17":"product-type-simple"},"_links":{"self":[{"href":"https:\/\/roveyayinevi.com.tr\/index.php\/wp-json\/wp\/v2\/product\/717596","targetHints":{"allow":["GET"]}}],"collection":[{"href":"https:\/\/roveyayinevi.com.tr\/index.php\/wp-json\/wp\/v2\/product"}],"about":[{"href":"https:\/\/roveyayinevi.com.tr\/index.php\/wp-json\/wp\/v2\/types\/product"}],"wp:attachment":[{"href":"https:\/\/roveyayinevi.com.tr\/index.php\/wp-json\/wp\/v2\/media?parent=717596"}],"wp:term":[{"taxonomy":"product_brand","embeddable":true,"href":"https:\/\/roveyayinevi.com.tr\/index.php\/wp-json\/wp\/v2\/product_brand?post=717596"},{"taxonomy":"product_cat","embeddable":true,"href":"https:\/\/roveyayinevi.com.tr\/index.php\/wp-json\/wp\/v2\/product_cat?post=717596"},{"taxonomy":"product_tag","embeddable":true,"href":"https:\/\/roveyayinevi.com.tr\/index.php\/wp-json\/wp\/v2\/product_tag?post=717596"}],"curies":[{"name":"wp","href":"https:\/\/api.w.org\/{rel}","templated":true}]}}