{"id":717594,"date":"2025-08-27T17:57:18","date_gmt":"2025-08-27T14:57:18","guid":{"rendered":"https:\/\/roveyayinevi.com.tr\/index.php\/urun\/congolos\/"},"modified":"2026-04-16T02:25:49","modified_gmt":"2026-04-15T23:25:49","slug":"congolos","status":"publish","type":"product","link":"https:\/\/roveyayinevi.com.tr\/index.php\/urun\/congolos\/","title":{"rendered":"Congolos"},"content":{"rendered":"<p>Anadolu halk k\u00fclt\u00fcr\u00fcnde, k\u0131\u015f\u0131n en so\u011fuk g\u00fcnlerinde ortaya \u00e7\u0131kan ve insanlar\u0131, sevdikleri ki\u015filerin seslerini taklit ederek b\u00fcy\u00fclemesiyle bilinen bir habis ruh: Congolos!  \u201cY\u00fcre\u011fine bir kor gibi d\u00fc\u015fen bu sesin cazibesine kay\u0131ts\u0131z kalabilecek \u00e2demo\u011flu yoktu yery\u00fcz\u00fcnde. Y\u0131llar i\u00e7erisinde bozk\u0131rda olgunla\u015fm\u0131\u015f, yank\u0131s\u0131 me\u015fe a\u011fa\u00e7lar\u0131ndan binbir \u00e7e\u015fit yabani otlara, \u00e7i\u011f damlalar\u0131ndan ekin ba\u015faklar\u0131na, buz gibi akan p\u0131nar oluklar\u0131ndan kelebek kanatlar\u0131na de\u011fip durmu\u015f; tatlanm\u0131\u015f gibiydi. Da\u011flara \u00e7arpsa unufak edebilecek g\u00fcc\u00fcn\u00fc buradan al\u0131yordu belki de. Narin oldu\u011fu kadar da tehlikeliydi. Bildi\u011fi b\u00fct\u00fcn anlamlar\u0131 bar\u0131nd\u0131r\u0131yordu bu \u00e7\u0131\u011fl\u0131k.\u201d <\/p>\n","protected":false},"excerpt":{"rendered":"<p>Anadolu halk k\u00fclt\u00fcr\u00fcnde, k\u0131\u015f\u0131n en so\u011fuk g\u00fcnlerinde ortaya \u00e7\u0131kan ve insanlar\u0131, sevdikleri ki\u015filerin seslerini taklit ederek b\u00fcy\u00fclemesiyle bilinen bir habis ruh: Congolos! \u201cY\u00fcre\u011fine bir kor gibi<span class=\"excerpt-hellip\"> [\u2026]<\/span><\/p>\n","protected":false},"featured_media":0,"template":"","meta":{"_monsterinsights_skip_tracking":false,"_monsterinsights_sitenote_active":false,"_monsterinsights_sitenote_note":"","_monsterinsights_sitenote_category":0},"product_brand":[],"product_cat":[12291,12292],"product_tag":[],"class_list":{"0":"post-717594","1":"product","2":"type-product","3":"status-publish","5":"product_cat-edebiyat","6":"product_cat-turk-edebiyati","7":"pa_cilt-ciltsiz","8":"pa_tur-kitap","9":"pa_yayinevi-profil-kitap","10":"pa_yazar-samet-dogan","12":"first","13":"instock","14":"sale","15":"shipping-taxable","16":"purchasable","17":"product-type-simple"},"_links":{"self":[{"href":"https:\/\/roveyayinevi.com.tr\/index.php\/wp-json\/wp\/v2\/product\/717594","targetHints":{"allow":["GET"]}}],"collection":[{"href":"https:\/\/roveyayinevi.com.tr\/index.php\/wp-json\/wp\/v2\/product"}],"about":[{"href":"https:\/\/roveyayinevi.com.tr\/index.php\/wp-json\/wp\/v2\/types\/product"}],"wp:attachment":[{"href":"https:\/\/roveyayinevi.com.tr\/index.php\/wp-json\/wp\/v2\/media?parent=717594"}],"wp:term":[{"taxonomy":"product_brand","embeddable":true,"href":"https:\/\/roveyayinevi.com.tr\/index.php\/wp-json\/wp\/v2\/product_brand?post=717594"},{"taxonomy":"product_cat","embeddable":true,"href":"https:\/\/roveyayinevi.com.tr\/index.php\/wp-json\/wp\/v2\/product_cat?post=717594"},{"taxonomy":"product_tag","embeddable":true,"href":"https:\/\/roveyayinevi.com.tr\/index.php\/wp-json\/wp\/v2\/product_tag?post=717594"}],"curies":[{"name":"wp","href":"https:\/\/api.w.org\/{rel}","templated":true}]}}