{"id":717593,"date":"2025-08-27T17:57:18","date_gmt":"2025-08-27T14:57:18","guid":{"rendered":"https:\/\/roveyayinevi.com.tr\/index.php\/urun\/dugong-dugoyu-kim-uzdu\/"},"modified":"2026-04-16T02:25:49","modified_gmt":"2026-04-15T23:25:49","slug":"dugong-dugoyu-kim-uzdu","status":"publish","type":"product","link":"https:\/\/roveyayinevi.com.tr\/index.php\/urun\/dugong-dugoyu-kim-uzdu\/","title":{"rendered":"Dugong Dugo\u2019yu Kim \u00dczd\u00fc?"},"content":{"rendered":"<p>Dugong Dugo, tropikal denizlerin a\u00e7\u0131klar\u0131nda g\u00fcnlerdir d\u00fc\u015f\u00fcnceli d\u00fc\u015f\u00fcnceli y\u00fcz\u00fcyordu. G\u00fcne\u015f \u0131\u015f\u0131\u011f\u0131n\u0131n yans\u0131malar\u0131na bak\u0131p g\u00f6lgesini inceliyordu. Uzun g\u00f6vdeli su bitkilerinin aras\u0131na giriyor, k\u00fct y\u00fczge\u00e7leriyle bitkileri kuyru\u011funa doluyordu. Bir \u015feyleri gizlemek mi istiyordu? Yoksa can s\u0131k\u0131nt\u0131s\u0131n\u0131 oyuna m\u0131 d\u00f6n\u00fc\u015ft\u00fcrm\u00fc\u015ft\u00fc?   Sayfalar deniz misali dalgaland\u0131. Ne olduysa oldu, Dugo birden canland\u0131. G\u00f6zlerinden incecik ya\u015flar akt\u0131.   Afacan \u015fa\u015f\u0131rd\u0131, do\u011frulup sayfaya yakla\u015ft\u0131. Uzand\u0131, Dugo\u2019nun g\u00f6zya\u015f\u0131n\u0131 sildi. \u201cNeler oluyor, s\u00f6yle,\u201d dedi afacan. \u201cS\u00f6yle bana, kim \u00fczd\u00fc seni?\u201d <\/p>\n","protected":false},"excerpt":{"rendered":"<p>Dugong Dugo, tropikal denizlerin a\u00e7\u0131klar\u0131nda g\u00fcnlerdir d\u00fc\u015f\u00fcnceli d\u00fc\u015f\u00fcnceli y\u00fcz\u00fcyordu. G\u00fcne\u015f \u0131\u015f\u0131\u011f\u0131n\u0131n yans\u0131malar\u0131na bak\u0131p g\u00f6lgesini inceliyordu. Uzun g\u00f6vdeli su bitkilerinin aras\u0131na giriyor, k\u00fct y\u00fczge\u00e7leriyle bitkileri kuyru\u011funa doluyordu.<span class=\"excerpt-hellip\"> [\u2026]<\/span><\/p>\n","protected":false},"featured_media":0,"template":"","meta":{"_monsterinsights_skip_tracking":false,"_monsterinsights_sitenote_active":false,"_monsterinsights_sitenote_note":"","_monsterinsights_sitenote_category":0},"product_brand":[],"product_cat":[12274,12284],"product_tag":[],"class_list":{"0":"post-717593","1":"product","2":"type-product","3":"status-publish","5":"product_cat-cocuk-ve-genclik-kitaplari","6":"product_cat-hikayeler","7":"pa_cilt-ciltsiz","8":"pa_tur-kitap","9":"pa_yayinevi-abm-yayinevi","10":"pa_yazar-betul-kanbolat","12":"first","13":"instock","14":"sale","15":"shipping-taxable","16":"purchasable","17":"product-type-simple"},"_links":{"self":[{"href":"https:\/\/roveyayinevi.com.tr\/index.php\/wp-json\/wp\/v2\/product\/717593","targetHints":{"allow":["GET"]}}],"collection":[{"href":"https:\/\/roveyayinevi.com.tr\/index.php\/wp-json\/wp\/v2\/product"}],"about":[{"href":"https:\/\/roveyayinevi.com.tr\/index.php\/wp-json\/wp\/v2\/types\/product"}],"wp:attachment":[{"href":"https:\/\/roveyayinevi.com.tr\/index.php\/wp-json\/wp\/v2\/media?parent=717593"}],"wp:term":[{"taxonomy":"product_brand","embeddable":true,"href":"https:\/\/roveyayinevi.com.tr\/index.php\/wp-json\/wp\/v2\/product_brand?post=717593"},{"taxonomy":"product_cat","embeddable":true,"href":"https:\/\/roveyayinevi.com.tr\/index.php\/wp-json\/wp\/v2\/product_cat?post=717593"},{"taxonomy":"product_tag","embeddable":true,"href":"https:\/\/roveyayinevi.com.tr\/index.php\/wp-json\/wp\/v2\/product_tag?post=717593"}],"curies":[{"name":"wp","href":"https:\/\/api.w.org\/{rel}","templated":true}]}}