{"id":717592,"date":"2025-08-27T17:57:17","date_gmt":"2025-08-27T14:57:17","guid":{"rendered":"https:\/\/roveyayinevi.com.tr\/index.php\/urun\/bizim-evin-halleri-2\/"},"modified":"2026-04-03T02:32:15","modified_gmt":"2026-04-02T23:32:15","slug":"bizim-evin-halleri-2","status":"publish","type":"product","link":"https:\/\/roveyayinevi.com.tr\/index.php\/urun\/bizim-evin-halleri-2\/","title":{"rendered":"Bizim Evin Halleri"},"content":{"rendered":"<p>Ba\u015fka t\u00fcrl\u00fcs\u00fc olamazd\u0131. S\u0131n\u0131f\u0131n yenisi tabii ki Bert\u2019in yan\u0131na d\u00fc\u015fecekti. Sonu\u00e7ta ondan ba\u015fka masas\u0131nda yaln\u0131z oturan yok.  Ama Bert\u2019in, s\u0131n\u0131fta hemen g\u00fcl\u00fc\u015fmelere neden olan eski moda ismi d\u0131\u015f\u0131nda, her \u015feyiyle yeni izlenimi veren yeni s\u0131ra arkada\u015f\u0131 gibi parlak ayakkab\u0131lar\u0131, parlak notlar\u0131 ve ona \u015fahane \u00f6\u011fle yemekleri haz\u0131rlayan bir hizmetlisi de yok. Bert, bula\u015f\u0131k\u00e7\u0131l\u0131k yapan babas\u0131, temizli\u011fe giden annesi ve \u00fc\u00e7 karde\u015fiyle birlikte \u201cbildi\u011fin kaos\u201d ortam\u0131nda ya\u015f\u0131yor. En az\u0131ndan annesi, bazen \u00f6denmeyen faturalar y\u00fcz\u00fcnden elektriklerin kesildi\u011fi, bazen alacakl\u0131lar\u0131n kap\u0131ya dayand\u0131\u011f\u0131, herkesin birbirinin laf\u0131n\u0131 kesti\u011fi, kahkahalar\u0131n eksik olmad\u0131\u011f\u0131 evin haline s\u0131k\u00e7a b\u00f6yle diyor. Ama anne-babas\u0131 uzun bir i\u015f seyahatine \u00e7\u0131k\u0131nca \u015fu parlak \u00e7ocuk yine de zengin ve s\u0131k\u0131c\u0131 aile dostlar\u0131n\u0131n yan\u0131nda kalmaktansa Bert\u2019e misafir olmay\u0131 se\u00e7iyor. \u00c7\u00fcnk\u00fc bazen \u201cbildi\u011fin kaos\u201d insana d\u00fczenden, temizlikten ve koca bir sessizlikten \u00e7ok daha \u00e7ekici gelebiliyor\u2026 <\/p>\n","protected":false},"excerpt":{"rendered":"<p>Ba\u015fka t\u00fcrl\u00fcs\u00fc olamazd\u0131. S\u0131n\u0131f\u0131n yenisi tabii ki Bert\u2019in yan\u0131na d\u00fc\u015fecekti. Sonu\u00e7ta ondan ba\u015fka masas\u0131nda yaln\u0131z oturan yok. Ama Bert\u2019in, s\u0131n\u0131fta hemen g\u00fcl\u00fc\u015fmelere neden olan eski moda<span class=\"excerpt-hellip\"> [\u2026]<\/span><\/p>\n","protected":false},"featured_media":0,"template":"","meta":{"_monsterinsights_skip_tracking":false,"_monsterinsights_sitenote_active":false,"_monsterinsights_sitenote_note":"","_monsterinsights_sitenote_category":0},"product_brand":[],"product_cat":[12274,12284],"product_tag":[],"class_list":{"0":"post-717592","1":"product","2":"type-product","3":"status-publish","5":"product_cat-cocuk-ve-genclik-kitaplari","6":"product_cat-hikayeler","7":"pa_cilt-ciltsiz","8":"pa_tur-kitap","9":"pa_yayinevi-ginko-kitap","10":"pa_yazar-will-gmehling","12":"first","13":"instock","14":"sale","15":"shipping-taxable","16":"purchasable","17":"product-type-simple"},"_links":{"self":[{"href":"https:\/\/roveyayinevi.com.tr\/index.php\/wp-json\/wp\/v2\/product\/717592","targetHints":{"allow":["GET"]}}],"collection":[{"href":"https:\/\/roveyayinevi.com.tr\/index.php\/wp-json\/wp\/v2\/product"}],"about":[{"href":"https:\/\/roveyayinevi.com.tr\/index.php\/wp-json\/wp\/v2\/types\/product"}],"wp:attachment":[{"href":"https:\/\/roveyayinevi.com.tr\/index.php\/wp-json\/wp\/v2\/media?parent=717592"}],"wp:term":[{"taxonomy":"product_brand","embeddable":true,"href":"https:\/\/roveyayinevi.com.tr\/index.php\/wp-json\/wp\/v2\/product_brand?post=717592"},{"taxonomy":"product_cat","embeddable":true,"href":"https:\/\/roveyayinevi.com.tr\/index.php\/wp-json\/wp\/v2\/product_cat?post=717592"},{"taxonomy":"product_tag","embeddable":true,"href":"https:\/\/roveyayinevi.com.tr\/index.php\/wp-json\/wp\/v2\/product_tag?post=717592"}],"curies":[{"name":"wp","href":"https:\/\/api.w.org\/{rel}","templated":true}]}}