{"id":717591,"date":"2025-08-27T17:57:16","date_gmt":"2025-08-27T14:57:16","guid":{"rendered":"https:\/\/roveyayinevi.com.tr\/index.php\/urun\/gome-engillilerde-egitim-ve-spor\/"},"modified":"2026-04-16T02:25:49","modified_gmt":"2026-04-15T23:25:49","slug":"gome-engillilerde-egitim-ve-spor","status":"publish","type":"product","link":"https:\/\/roveyayinevi.com.tr\/index.php\/urun\/gome-engillilerde-egitim-ve-spor\/","title":{"rendered":"G\u00f6me Engillilerde E\u011fitim ve Spor"},"content":{"rendered":"<p>\u00d6ns\u00f6z 1.Giri\u015f 2.G\u00f6rme Engelliler 3.G\u00f6z\u00fcn Yap\u0131s\u0131 4.G\u00f6rme Engelli \u00c7ocuklar\u0131n Tan\u0131lanmas\u0131 5.G\u00f6rme Engellili\u011fin Nedenleri 6.G\u00f6rme Engellilerin S\u0131n\u0131fland\u0131r\u0131lmas\u0131 7.G\u00f6rme Engelli \u00c7ocuklar\u0131n Geli\u015fim \u00d6zellikleri 8.G\u00f6rme Engellilerde Duyum ve Alg\u0131 9.G\u00f6rme Engellili\u011fin Olu\u015fumunu \u00d6nleme 10.G\u00f6rme Engelli \u00c7ocuklar\u0131n Ya\u015fad\u0131\u011f\u0131 \u0130leti\u015fim Zorluklar\u0131 11.E\u011fitim Kavram\u0131 12.E\u011fitim Kavram\u0131n\u0131n Tarihsel Geli\u015fimi 13.T\u00fcrklerde E\u011fitimin Tarihsel Temelleri 14.Osmanl\u0131 D\u00f6neminde G\u00f6rme Engelliler 15.G\u00f6rme Engellilerde E\u011fitim  16.G\u00f6rme Engellilerde \u0130lk Okuma Yazma \u00d6\u011fretim Y\u00f6ntemi 17.G\u00f6rme Engellilerde E\u011fitimin Ama\u00e7lar\u0131 18.G\u00f6rme Engelli \u00d6\u011frenciler \u0130\u00e7in E\u011fitim Ortamlar\u0131 19.\u00d6\u011frenci Ba\u015far\u0131s\u0131n\u0131n De\u011ferlendirmesi 20.G\u00f6rme Engellilerin E\u011fitiminde Kullan\u0131lan Ara\u00e7 Gere\u00e7ler 21.G\u00f6rme Engelliler \u0130\u00e7in Uygun Etkinlikler 22.G\u00f6rme Engellilerde Spor ve Baz\u0131 Bran\u015flar  Kaynaklar <\/p>\n","protected":false},"excerpt":{"rendered":"<p>\u00d6ns\u00f6z 1.Giri\u015f 2.G\u00f6rme Engelliler 3.G\u00f6z\u00fcn Yap\u0131s\u0131 4.G\u00f6rme Engelli \u00c7ocuklar\u0131n Tan\u0131lanmas\u0131 5.G\u00f6rme Engellili\u011fin Nedenleri 6.G\u00f6rme Engellilerin S\u0131n\u0131fland\u0131r\u0131lmas\u0131 7.G\u00f6rme Engelli \u00c7ocuklar\u0131n Geli\u015fim \u00d6zellikleri 8.G\u00f6rme Engellilerde Duyum ve Alg\u0131<span class=\"excerpt-hellip\"> [\u2026]<\/span><\/p>\n","protected":false},"featured_media":0,"template":"","meta":{"_monsterinsights_skip_tracking":false,"_monsterinsights_sitenote_active":false,"_monsterinsights_sitenote_note":"","_monsterinsights_sitenote_category":0},"product_brand":[],"product_cat":[15563,15564],"product_tag":[],"class_list":{"0":"post-717591","1":"product","2":"type-product","3":"status-publish","5":"product_cat-hobi","6":"product_cat-spor","7":"pa_cilt-ciltsiz","8":"pa_tur-kitap","9":"pa_yayinevi-gazi-kitabevi","10":"pa_yazar-emine-ozkatar-kaya-mustafa-kaya","12":"first","13":"instock","14":"sale","15":"shipping-taxable","16":"purchasable","17":"product-type-simple"},"_links":{"self":[{"href":"https:\/\/roveyayinevi.com.tr\/index.php\/wp-json\/wp\/v2\/product\/717591","targetHints":{"allow":["GET"]}}],"collection":[{"href":"https:\/\/roveyayinevi.com.tr\/index.php\/wp-json\/wp\/v2\/product"}],"about":[{"href":"https:\/\/roveyayinevi.com.tr\/index.php\/wp-json\/wp\/v2\/types\/product"}],"wp:attachment":[{"href":"https:\/\/roveyayinevi.com.tr\/index.php\/wp-json\/wp\/v2\/media?parent=717591"}],"wp:term":[{"taxonomy":"product_brand","embeddable":true,"href":"https:\/\/roveyayinevi.com.tr\/index.php\/wp-json\/wp\/v2\/product_brand?post=717591"},{"taxonomy":"product_cat","embeddable":true,"href":"https:\/\/roveyayinevi.com.tr\/index.php\/wp-json\/wp\/v2\/product_cat?post=717591"},{"taxonomy":"product_tag","embeddable":true,"href":"https:\/\/roveyayinevi.com.tr\/index.php\/wp-json\/wp\/v2\/product_tag?post=717591"}],"curies":[{"name":"wp","href":"https:\/\/api.w.org\/{rel}","templated":true}]}}