{"id":717589,"date":"2025-08-27T17:57:15","date_gmt":"2025-08-27T14:57:15","guid":{"rendered":"https:\/\/roveyayinevi.com.tr\/index.php\/urun\/gercekten-oyle-mi-olmus\/"},"modified":"2026-04-16T02:25:49","modified_gmt":"2026-04-15T23:25:49","slug":"gercekten-oyle-mi-olmus","status":"publish","type":"product","link":"https:\/\/roveyayinevi.com.tr\/index.php\/urun\/gercekten-oyle-mi-olmus\/","title":{"rendered":"Ger\u00e7ekte(n) \u00d6yle mi Olmu\u015f ?"},"content":{"rendered":"<p>\u201cGer\u00e7ekten\u00d6yle mi Olmu\u015f?\u201d kitab\u0131nda, tarih disiplininin nas\u0131l bir s\u00fcre\u00e7ten ge\u00e7ti\u011fine k\u0131saca de\u011finilerek k\u00fcresel geli\u015fmeler \u0131\u015f\u0131\u011f\u0131nda hangi y\u00f6nlere evirildi\u011fi konu edildi.  \u00c7al\u0131\u015fma, bir anlamda tarihin ve tarih e\u011fitiminin varl\u0131k-ama\u00e7 i\u015flevlerinin belirlenmesinin temelinde yatan nedenleri, ge\u00e7mi\u015f-gelecek diyalekti\u011fi \u00e7er\u00e7evesinde sorgulamaya dayand\u0131. Bu ba\u011flamda ge\u00e7mi\u015fin \u00e7a\u011fr\u0131\u015f\u0131m\u0131n\u0131n siyasetle ili\u015fkisi, g\u00fcn\u00fcm\u00fcz bilgi teknolojilerindeki de\u011fi\u015fim, d\u00f6rd\u00fcnc\u00fc sanayi devrimiyle d\u00f6n\u00fc\u015fecek toplumsal yap\u0131n\u0131n dinamikleri ve en nihayetinde toplumun ge\u00e7mi\u015f ve gelecek alg\u0131s\u0131 ile bu alg\u0131n\u0131n post-truth (ger\u00e7ek \u00f6tesi) d\u00f6nemdeki yans\u0131malar\u0131\u00f6rneklerleeleal\u0131nd\u0131.Post-truth olarak adland\u0131r\u0131lan bu yeni d\u00f6nemde, tarih\u00e7ilik a\u00e7\u0131s\u0131ndan problematik g\u00f6r\u00fcnen \u00fc\u00e7 ana konu incelendi. Bunlardan ilki, tarihin ve tarih\u00e7ili\u011fin gelece\u011fine ili\u015fkin riskler ve tehditler. Di\u011feri,ilkiyle ba\u011flant\u0131l\u0131 olarak tarihin \u00f6teden beri siyasiler taraf\u0131ndan bir me\u015fruiyet arac\u0131 olarak kullan\u0131l\u0131yor olmas\u0131n\u0131n g\u00fcn\u00fcm\u00fczdeki durumu ve suistimaller. Son olarak da yeni medyada \u00fcretilen tarihsel bilginin ger\u00e7ekli\u011finin denetlenememesiyle ortaya \u00e7\u0131kan ve toplumsal kutupla\u015fmalara yol a\u00e7an bilgi kirlili\u011fi. B\u00f6ylelikle, post-truth \u00e7a\u011f\u0131nda ger\u00e7e\u011fin pe\u015finden ko\u015fan tarih\u00e7ilerin ve tarih severlerin, yeni medya ve onun uzant\u0131lar\u0131yla nas\u0131l y\u00fcz y\u00fcze kalaca\u011f\u0131 konusunda bir resim sunulmaya \u00e7al\u0131\u015f\u0131ld\u0131. Amac\u0131m\u0131z, bu \u00fc\u00e7 soruna \u00e7\u00f6z\u00fcmler getirerek konu sonland\u0131rmak olmay\u0131p konunun \u00f6zellikle akademisyenlertaraf\u0131ndantart\u0131\u015f\u0131lmas\u0131n\u0131sa\u011flayacakbirg\u00fcndeminolu\u015fturulmas\u0131d\u0131r. <\/p>\n","protected":false},"excerpt":{"rendered":"<p>\u201cGer\u00e7ekten\u00d6yle mi Olmu\u015f?\u201d kitab\u0131nda, tarih disiplininin nas\u0131l bir s\u00fcre\u00e7ten ge\u00e7ti\u011fine k\u0131saca de\u011finilerek k\u00fcresel geli\u015fmeler \u0131\u015f\u0131\u011f\u0131nda hangi y\u00f6nlere evirildi\u011fi konu edildi. \u00c7al\u0131\u015fma, bir anlamda tarihin ve tarih<span class=\"excerpt-hellip\"> [\u2026]<\/span><\/p>\n","protected":false},"featured_media":0,"template":"","meta":{"_monsterinsights_skip_tracking":false,"_monsterinsights_sitenote_active":false,"_monsterinsights_sitenote_note":"","_monsterinsights_sitenote_category":0},"product_brand":[],"product_cat":[12370,12304],"product_tag":[],"class_list":{"0":"post-717589","1":"product","2":"type-product","3":"status-publish","5":"product_cat-arastirma-inceleme","6":"product_cat-tarih","7":"pa_cilt-ciltsiz","8":"pa_tur-kitap","9":"pa_yayinevi-yeni-insan-yayinlari","10":"pa_yazar-ahmet-simsek-sibel-yali","12":"first","13":"instock","14":"sale","15":"shipping-taxable","16":"purchasable","17":"product-type-simple"},"_links":{"self":[{"href":"https:\/\/roveyayinevi.com.tr\/index.php\/wp-json\/wp\/v2\/product\/717589","targetHints":{"allow":["GET"]}}],"collection":[{"href":"https:\/\/roveyayinevi.com.tr\/index.php\/wp-json\/wp\/v2\/product"}],"about":[{"href":"https:\/\/roveyayinevi.com.tr\/index.php\/wp-json\/wp\/v2\/types\/product"}],"wp:attachment":[{"href":"https:\/\/roveyayinevi.com.tr\/index.php\/wp-json\/wp\/v2\/media?parent=717589"}],"wp:term":[{"taxonomy":"product_brand","embeddable":true,"href":"https:\/\/roveyayinevi.com.tr\/index.php\/wp-json\/wp\/v2\/product_brand?post=717589"},{"taxonomy":"product_cat","embeddable":true,"href":"https:\/\/roveyayinevi.com.tr\/index.php\/wp-json\/wp\/v2\/product_cat?post=717589"},{"taxonomy":"product_tag","embeddable":true,"href":"https:\/\/roveyayinevi.com.tr\/index.php\/wp-json\/wp\/v2\/product_tag?post=717589"}],"curies":[{"name":"wp","href":"https:\/\/api.w.org\/{rel}","templated":true}]}}