{"id":717586,"date":"2025-08-27T17:57:13","date_gmt":"2025-08-27T14:57:13","guid":{"rendered":"https:\/\/roveyayinevi.com.tr\/index.php\/urun\/destanlar-cagi\/"},"modified":"2025-12-30T10:21:12","modified_gmt":"2025-12-30T07:21:12","slug":"destanlar-cagi","status":"publish","type":"product","link":"https:\/\/roveyayinevi.com.tr\/index.php\/urun\/destanlar-cagi\/","title":{"rendered":"Destanlar \u00c7a\u011f\u0131"},"content":{"rendered":"<p>Michael J. Sullivan, Destanlar \u00c7a\u011f\u0131 ile efsanelerle ger\u00e7e\u011fi, insanlarla tanr\u0131lar\u0131 kar\u015f\u0131 kar\u015f\u0131ya getirecek yepyeni bir seriye ba\u015fl\u0131yor\u2026 \u0130nsanl\u0131k tarihinin ba\u015flang\u0131c\u0131ndan beri \u0130nsanlar, Fhrey denen ilahi yarat\u0131klarla beraber ya\u015fam\u0131\u015flard\u0131. Fhreyler b\u00fcy\u00fc \u00fczerinde h\u00e2kimiyet kurmu\u015f, yenilmez, \u00f6l\u00fcms\u00fcz, insanlardan tamamen ayr\u0131 bir \u0131rkt\u0131. Ancak bir Fhrey bir insan\u0131n ellerinde can verdi\u011finde, insanlar ve kendilerini tanr\u0131 olarak g\u00f6renler aras\u0131ndaki y\u00fczy\u0131llard\u0131r s\u00fcregelen denge bozulacakt\u0131. Yakla\u015fmakta olan sava\u015fta insanl\u0131\u011f\u0131n kurtulu\u015fuyla yok olu\u015fu aras\u0131nda duran sadece birka\u00e7 ki\u015fi vard\u0131: Tanr\u0131 Katili olarak kaderini kabullenmekte zorlanan Raithe, yakla\u015fan felaketin i\u015faretlerinden ka\u00e7amayan gen\u00e7 k\u00e2hin Suri ve halk\u0131n\u0131n gelece\u011fini tayin edebilmek i\u00e7in ki\u015fisel bir trajediyle ba\u015fa \u00e7\u0131kmas\u0131 gereken Persephone. Destanlar \u00c7a\u011f\u0131 sona erdi. \u015eimdi isyan zaman\u0131. <\/p>\n","protected":false},"excerpt":{"rendered":"<p>Michael J. Sullivan, Destanlar \u00c7a\u011f\u0131 ile efsanelerle ger\u00e7e\u011fi, insanlarla tanr\u0131lar\u0131 kar\u015f\u0131 kar\u015f\u0131ya getirecek yepyeni bir seriye ba\u015fl\u0131yor\u2026 \u0130nsanl\u0131k tarihinin ba\u015flang\u0131c\u0131ndan beri \u0130nsanlar, Fhrey denen ilahi yarat\u0131klarla<span class=\"excerpt-hellip\"> [\u2026]<\/span><\/p>\n","protected":false},"featured_media":0,"template":"","meta":{"_monsterinsights_skip_tracking":false,"_monsterinsights_sitenote_active":false,"_monsterinsights_sitenote_note":"","_monsterinsights_sitenote_category":0},"product_brand":[],"product_cat":[12291,14777],"product_tag":[],"class_list":{"0":"post-717586","1":"product","2":"type-product","3":"status-publish","5":"product_cat-edebiyat","6":"product_cat-fantastik","7":"pa_cilt-ciltsiz","8":"pa_tur-kitap","9":"pa_yayinevi-ithaki-yayinlari","10":"pa_yazar-michael-j-sullivan","12":"first","13":"instock","14":"sale","15":"shipping-taxable","16":"purchasable","17":"product-type-simple"},"_links":{"self":[{"href":"https:\/\/roveyayinevi.com.tr\/index.php\/wp-json\/wp\/v2\/product\/717586","targetHints":{"allow":["GET"]}}],"collection":[{"href":"https:\/\/roveyayinevi.com.tr\/index.php\/wp-json\/wp\/v2\/product"}],"about":[{"href":"https:\/\/roveyayinevi.com.tr\/index.php\/wp-json\/wp\/v2\/types\/product"}],"wp:attachment":[{"href":"https:\/\/roveyayinevi.com.tr\/index.php\/wp-json\/wp\/v2\/media?parent=717586"}],"wp:term":[{"taxonomy":"product_brand","embeddable":true,"href":"https:\/\/roveyayinevi.com.tr\/index.php\/wp-json\/wp\/v2\/product_brand?post=717586"},{"taxonomy":"product_cat","embeddable":true,"href":"https:\/\/roveyayinevi.com.tr\/index.php\/wp-json\/wp\/v2\/product_cat?post=717586"},{"taxonomy":"product_tag","embeddable":true,"href":"https:\/\/roveyayinevi.com.tr\/index.php\/wp-json\/wp\/v2\/product_tag?post=717586"}],"curies":[{"name":"wp","href":"https:\/\/api.w.org\/{rel}","templated":true}]}}