{"id":717585,"date":"2025-08-27T17:57:12","date_gmt":"2025-08-27T14:57:12","guid":{"rendered":"https:\/\/roveyayinevi.com.tr\/index.php\/urun\/dr-jekyll-ile-bay-hyde-2\/"},"modified":"2026-04-16T02:25:49","modified_gmt":"2026-04-15T23:25:49","slug":"dr-jekyll-ile-bay-hyde-2","status":"publish","type":"product","link":"https:\/\/roveyayinevi.com.tr\/index.php\/urun\/dr-jekyll-ile-bay-hyde-2\/","title":{"rendered":"Dr.Jekyll Ile Bay Hyde"},"content":{"rendered":"<p>\u201cYaln\u0131zca iyi bir \u2018\u00f6c\u00fc masal\u0131\u2019 de\u011fil ayn\u0131 zamanda nesirden ziyade \u015fiire yak\u0131n bir hik\u00e2ye. Bu y\u00fczden yeri Madam Bovary ve \u00d6l\u00fc Canlar gibi \u015faheserlerin yan\u0131.\u201d Vladimir Nabokov \u00c7a\u011f\u0131n\u0131n \u00f6nde gelen yazarlar\u0131ndan Robert Louis Stevenson\u2019\u0131n en \u00f6nemli eserlerinden biri olarak g\u00f6r\u00fclen Dr. Jekyll ile Bay Hyde, Viktoryen d\u00f6nemin ahlak\u00e7\u0131 paranoyas\u0131n\u0131n insan bilincinde yaratt\u0131\u011f\u0131 yar\u0131lmay\u0131 yans\u0131tan bir ba\u015fyap\u0131t. Avukat Bay Utterson, kadim dostu Doktor Henry Jekyll\u2019\u0131n son iste\u011finin ard\u0131ndaki gizemin pe\u015fine d\u00fc\u015fmekten kendini alamaz. Dr. Jekyll\u2019\u0131n t\u00fcm miras\u0131n\u0131 b\u0131rakt\u0131\u011f\u0131 \u015fu gizemli Bay Hyde kimdir? Soylu S\u00f6r Danvers\u2019\u0131 kim \u00f6ld\u00fcrm\u00fc\u015ft\u00fcr? Stevenson, bir insan\u0131n ruhundaki iki farkl\u0131 ki\u015fili\u011fi, saf iyiyle saf k\u00f6t\u00fcn\u00fcn temsillerini yans\u0131tt\u0131\u011f\u0131 \u00fcrk\u00fct\u00fcc\u00fc eseriyle hem gizem hem korku hem de bilimkurgu t\u00fcr\u00fcnde \u00e7\u0131\u011f\u0131r a\u00e7may\u0131 ba\u015far\u0131yor.  <\/p>\n","protected":false},"excerpt":{"rendered":"<p>\u201cYaln\u0131zca iyi bir \u2018\u00f6c\u00fc masal\u0131\u2019 de\u011fil ayn\u0131 zamanda nesirden ziyade \u015fiire yak\u0131n bir hik\u00e2ye. Bu y\u00fczden yeri Madam Bovary ve \u00d6l\u00fc Canlar gibi \u015faheserlerin yan\u0131.\u201d Vladimir<span class=\"excerpt-hellip\"> [\u2026]<\/span><\/p>\n","protected":false},"featured_media":0,"template":"","meta":{"_monsterinsights_skip_tracking":false,"_monsterinsights_sitenote_active":false,"_monsterinsights_sitenote_note":"","_monsterinsights_sitenote_category":0},"product_brand":[],"product_cat":[12291,17033],"product_tag":[],"class_list":{"0":"post-717585","1":"product","2":"type-product","3":"status-publish","5":"product_cat-edebiyat","6":"product_cat-korku-gerilim","7":"pa_cilt-ciltsiz","8":"pa_tur-kitap","9":"pa_yayinevi-ithaki-yayinlari","10":"pa_yazar-robert-louis-stevenson","12":"first","13":"instock","14":"sale","15":"shipping-taxable","16":"purchasable","17":"product-type-simple"},"_links":{"self":[{"href":"https:\/\/roveyayinevi.com.tr\/index.php\/wp-json\/wp\/v2\/product\/717585","targetHints":{"allow":["GET"]}}],"collection":[{"href":"https:\/\/roveyayinevi.com.tr\/index.php\/wp-json\/wp\/v2\/product"}],"about":[{"href":"https:\/\/roveyayinevi.com.tr\/index.php\/wp-json\/wp\/v2\/types\/product"}],"wp:attachment":[{"href":"https:\/\/roveyayinevi.com.tr\/index.php\/wp-json\/wp\/v2\/media?parent=717585"}],"wp:term":[{"taxonomy":"product_brand","embeddable":true,"href":"https:\/\/roveyayinevi.com.tr\/index.php\/wp-json\/wp\/v2\/product_brand?post=717585"},{"taxonomy":"product_cat","embeddable":true,"href":"https:\/\/roveyayinevi.com.tr\/index.php\/wp-json\/wp\/v2\/product_cat?post=717585"},{"taxonomy":"product_tag","embeddable":true,"href":"https:\/\/roveyayinevi.com.tr\/index.php\/wp-json\/wp\/v2\/product_tag?post=717585"}],"curies":[{"name":"wp","href":"https:\/\/api.w.org\/{rel}","templated":true}]}}