{"id":717583,"date":"2025-08-27T17:57:11","date_gmt":"2025-08-27T14:57:11","guid":{"rendered":"https:\/\/roveyayinevi.com.tr\/index.php\/urun\/populizm-kisa-bir-giris\/"},"modified":"2026-04-16T02:25:49","modified_gmt":"2026-04-15T23:25:49","slug":"populizm-kisa-bir-giris","status":"publish","type":"product","link":"https:\/\/roveyayinevi.com.tr\/index.php\/urun\/populizm-kisa-bir-giris\/","title":{"rendered":"Pop\u00fclizm: K\u0131sa Bir Giri\u015f"},"content":{"rendered":"<p>Popu\u0308lizm yirmibirinci yu\u0308zy\u0131l\u0131n bas\u0327l\u0131ca siyasi kavramlar\u0131ndan biridir. Bu kavram Latin Amerika\u2019da solcu bas\u0327kanlar\u0131, Avrupa\u2019da sag\u0306da yu\u0308kselen partileri ve Birles\u0327ik Devletler\u2019de hem solcu, hem de sag\u0306c\u0131 bas\u0327kanlar\u0131 tan\u0131mlamak ic\u0327in kullan\u0131lmaktad\u0131r. Birc\u0327ok gazeteci ve okuyucuya c\u0327ekici gelse de, kavram\u0131n bu kadar yayg\u0131n kullan\u0131m\u0131 kafa kar\u0131s\u0327\u0131kl\u0131g\u0306\u0131 ve can s\u0131k\u0131nt\u0131s\u0131 yaratmaktad\u0131r. Bu kitap popu\u0308lizm go\u0308ru\u0308ngu\u0308su\u0308ne ac\u0327\u0131kl\u0131k kazand\u0131rmay\u0131 ve onun c\u0327a\u011fdas\u0327 siyasetteki o\u0308nemini vurgulamay\u0131 amac\u0327lamaktad\u0131r. Popu\u0308lizmin o\u0308zu\u0308 u\u0308zerinde su\u0308regelen tart\u0131s\u0327ma, baz\u0131 akademisyenlerin popu\u0308lizmin sosyal bilimlerde anlaml\u0131 bir kavram olamayacag\u0306\u0131n\u0131 ileri su\u0308rmesine; baz\u0131lar\u0131n\u0131n da, onu, medya ve siyasetle s\u0131n\u0131rlanmas\u0131 gereken normatif bir terim olarak go\u0308rmesine neden olmus\u0327tur. Sonuc\u0327suzluk anlas\u0327\u0131labilir olsa da, popu\u0308lizm terimi, d\u00fcnyan\u0131n pek \u00e7ok b\u00f6lgesinde siyaset hakk\u0131ndaki tart\u0131s\u0327malarda kenara at\u0131lamayacak kadar merkezidir. <\/p>\n","protected":false},"excerpt":{"rendered":"<p>Popu\u0308lizm yirmibirinci yu\u0308zy\u0131l\u0131n bas\u0327l\u0131ca siyasi kavramlar\u0131ndan biridir. Bu kavram Latin Amerika\u2019da solcu bas\u0327kanlar\u0131, Avrupa\u2019da sag\u0306da yu\u0308kselen partileri ve Birles\u0327ik Devletler\u2019de hem solcu, hem de sag\u0306c\u0131 bas\u0327kanlar\u0131<span class=\"excerpt-hellip\"> [\u2026]<\/span><\/p>\n","protected":false},"featured_media":0,"template":"","meta":{"_monsterinsights_skip_tracking":false,"_monsterinsights_sitenote_active":false,"_monsterinsights_sitenote_note":"","_monsterinsights_sitenote_category":0},"product_brand":[],"product_cat":[12965,12337],"product_tag":[],"class_list":{"0":"post-717583","1":"product","2":"type-product","3":"status-publish","5":"product_cat-genel-politika","6":"product_cat-politika-siyaset","7":"pa_cilt-ciltsiz","8":"pa_tur-kitap","9":"pa_yayinevi-nika-yayinevi","10":"pa_yazar-cas-mudde-cristobal-rovira-kaltwasser","12":"first","13":"instock","14":"sale","15":"shipping-taxable","16":"purchasable","17":"product-type-simple"},"_links":{"self":[{"href":"https:\/\/roveyayinevi.com.tr\/index.php\/wp-json\/wp\/v2\/product\/717583","targetHints":{"allow":["GET"]}}],"collection":[{"href":"https:\/\/roveyayinevi.com.tr\/index.php\/wp-json\/wp\/v2\/product"}],"about":[{"href":"https:\/\/roveyayinevi.com.tr\/index.php\/wp-json\/wp\/v2\/types\/product"}],"wp:attachment":[{"href":"https:\/\/roveyayinevi.com.tr\/index.php\/wp-json\/wp\/v2\/media?parent=717583"}],"wp:term":[{"taxonomy":"product_brand","embeddable":true,"href":"https:\/\/roveyayinevi.com.tr\/index.php\/wp-json\/wp\/v2\/product_brand?post=717583"},{"taxonomy":"product_cat","embeddable":true,"href":"https:\/\/roveyayinevi.com.tr\/index.php\/wp-json\/wp\/v2\/product_cat?post=717583"},{"taxonomy":"product_tag","embeddable":true,"href":"https:\/\/roveyayinevi.com.tr\/index.php\/wp-json\/wp\/v2\/product_tag?post=717583"}],"curies":[{"name":"wp","href":"https:\/\/api.w.org\/{rel}","templated":true}]}}