{"id":717582,"date":"2025-08-27T17:57:10","date_gmt":"2025-08-27T14:57:10","guid":{"rendered":"https:\/\/roveyayinevi.com.tr\/index.php\/urun\/yaslilik-ve-sosyal-hizmet\/"},"modified":"2026-04-16T02:25:49","modified_gmt":"2026-04-15T23:25:49","slug":"yaslilik-ve-sosyal-hizmet","status":"publish","type":"product","link":"https:\/\/roveyayinevi.com.tr\/index.php\/urun\/yaslilik-ve-sosyal-hizmet\/","title":{"rendered":"Ya\u015fl\u0131l\u0131k Ve Sosyal Hizmet"},"content":{"rendered":"<p>Ya\u015fl\u0131l\u0131k ve Sosyal Hizmet kitab\u0131yla, ya\u015fl\u0131l\u0131k alan\u0131nda sosyal hizmet mesle\u011fini ilgilendiren t\u00fcm boyutlar ele al\u0131nmaya \u00e7al\u0131\u015f\u0131lm\u0131\u015ft\u0131r. Her ne kadar sosyal hizmet kuram ve yakla\u015f\u0131mlar\u0131 uygulay\u0131c\u0131lar i\u00e7in evrensel bir \u00e7er\u00e7eve sunsa da s\u00f6z konusu ihtiyac\u0131n giderilmesine y\u00f6nelik bu kitap gibi \u00e7al\u0131\u015fmalar\u0131n, sosyal hizmet kuram ve yakla\u015f\u0131mlar\u0131n\u0131n uygulamada nas\u0131l kullan\u0131laca\u011f\u0131na dair yerel bilginin \u00fcretilmesine katk\u0131 sa\u011flayaca\u011f\u0131n\u0131 d\u00fc\u015f\u00fcnmekteyiz. Bir ba\u015fka deyi\u015fle, bu kaynak ve bu kaynakla benzer nitelikte kaynaklar\u0131n, \u00f6zg\u00fcn ara\u015ft\u0131rmalardan ve uygulamadan gelen bilginin payla\u015f\u0131lmas\u0131na zemin haz\u0131rlayacak niteliktedir. Bu \u00e7er\u00e7evede haz\u0131rlanan kitap, genelci sosyal hizmet yakla\u015f\u0131m\u0131na g\u00f6re haz\u0131rlanan \u201cmikro d\u00fczey, mezzo d\u00fczey ve makro d\u00fczey, uygulama alan\u0131 ve mevzuat\u201d olmak \u00fczere pek \u00e7ok boyutu kapsamaktad\u0131r. <\/p>\n","protected":false},"excerpt":{"rendered":"<p>Ya\u015fl\u0131l\u0131k ve Sosyal Hizmet kitab\u0131yla, ya\u015fl\u0131l\u0131k alan\u0131nda sosyal hizmet mesle\u011fini ilgilendiren t\u00fcm boyutlar ele al\u0131nmaya \u00e7al\u0131\u015f\u0131lm\u0131\u015ft\u0131r. Her ne kadar sosyal hizmet kuram ve yakla\u015f\u0131mlar\u0131 uygulay\u0131c\u0131lar i\u00e7in<span class=\"excerpt-hellip\"> [\u2026]<\/span><\/p>\n","protected":false},"featured_media":0,"template":"","meta":{"_monsterinsights_skip_tracking":false,"_monsterinsights_sitenote_active":false,"_monsterinsights_sitenote_note":"","_monsterinsights_sitenote_category":0},"product_brand":[],"product_cat":[12325,12324],"product_tag":[],"class_list":{"0":"post-717582","1":"product","2":"type-product","3":"status-publish","5":"product_cat-diger-sosyoloji","6":"product_cat-sosyoloji","7":"pa_cilt-ciltsiz","8":"pa_tur-kitap","9":"pa_yayinevi-nika-yayinevi","10":"pa_yazar-umut-yanardag-melek-zubaroglu-yanardag","12":"first","13":"instock","14":"sale","15":"shipping-taxable","16":"purchasable","17":"product-type-simple"},"_links":{"self":[{"href":"https:\/\/roveyayinevi.com.tr\/index.php\/wp-json\/wp\/v2\/product\/717582","targetHints":{"allow":["GET"]}}],"collection":[{"href":"https:\/\/roveyayinevi.com.tr\/index.php\/wp-json\/wp\/v2\/product"}],"about":[{"href":"https:\/\/roveyayinevi.com.tr\/index.php\/wp-json\/wp\/v2\/types\/product"}],"wp:attachment":[{"href":"https:\/\/roveyayinevi.com.tr\/index.php\/wp-json\/wp\/v2\/media?parent=717582"}],"wp:term":[{"taxonomy":"product_brand","embeddable":true,"href":"https:\/\/roveyayinevi.com.tr\/index.php\/wp-json\/wp\/v2\/product_brand?post=717582"},{"taxonomy":"product_cat","embeddable":true,"href":"https:\/\/roveyayinevi.com.tr\/index.php\/wp-json\/wp\/v2\/product_cat?post=717582"},{"taxonomy":"product_tag","embeddable":true,"href":"https:\/\/roveyayinevi.com.tr\/index.php\/wp-json\/wp\/v2\/product_tag?post=717582"}],"curies":[{"name":"wp","href":"https:\/\/api.w.org\/{rel}","templated":true}]}}