{"id":717581,"date":"2025-08-27T17:57:09","date_gmt":"2025-08-27T14:57:09","guid":{"rendered":"https:\/\/roveyayinevi.com.tr\/index.php\/urun\/adam-olduren-kadinlar\/"},"modified":"2026-04-16T02:25:49","modified_gmt":"2026-04-15T23:25:49","slug":"adam-olduren-kadinlar","status":"publish","type":"product","link":"https:\/\/roveyayinevi.com.tr\/index.php\/urun\/adam-olduren-kadinlar\/","title":{"rendered":"Adam \u00d6ld\u00fcren Kad\u0131nlar"},"content":{"rendered":"<p>\u201cK\u0131z oldu\u011fumuz i\u00e7in bask\u0131 g\u00f6rd\u00fck. Bir \u015feyi fazla yiyemiyorsun, bir yere gidemiyorsun. K\u0131z \u00e7ocu\u011fu bu kadar yemez, k\u0131z \u00e7ocu\u011fu her yere gitmez diye s\u00fcrekli engellendik. Ama erkek karde\u015fime her \u015fey serbestti. Bu durum bende k\u0131skan\u00e7l\u0131k olu\u015fturdu. Ben de k\u00f6\u015felerde onu s\u0131k\u0131\u015ft\u0131r\u0131p vururdum.\u201d \u201cOlay g\u00fcn\u00fc e\u015fim beni d\u00f6vd\u00fc. \u00d6lm\u00fc\u015f anneme k\u00fcfretti. Zoruma gitti. Aram\u0131zda m\u00fcnaka\u015fa ba\u015flad\u0131 ve beni d\u00f6vd\u00fc. Bir ara elinden kurtulup di\u011fer odaya ka\u00e7t\u0131m. T\u00fcfek vard\u0131. Elinden kurtuldum \u00f6ld\u00fcrd\u00fcm. Bir anda olay oldu. Daha \u00f6nce \u00f6ld\u00fcrmeyi hi\u00e7 d\u00fc\u015f\u00fcnmedim. \u00c7ok k\u00f6t\u00fc d\u00f6vm\u00fc\u015ft\u00fc.\u201d  Adam \u00f6ld\u00fcrme su\u00e7undan cezaevine giren kad\u0131nlar\u0131 su\u00e7a g\u00f6t\u00fcren patikalar ve cezaevi ya\u015famlar\u0131n\u0131 inceleyen bu ara\u015ft\u0131rmada kad\u0131nlar\u0131n cezaevi \u00f6ncesi ya\u015famlar\u0131na, kad\u0131n olduklar\u0131 i\u00e7in ya\u015fad\u0131klar\u0131 bask\u0131ya, ataerkinin kad\u0131nlar \u00fczerindeki kurdu\u011fu egemenli\u011fe ve kad\u0131nlar\u0131n buna kar\u015f\u0131 ba\u015fkald\u0131r\u0131\u015f\u0131na, sonras\u0131nda ise cezaevi ya\u015famlar\u0131na tan\u0131k olacaks\u0131n\u0131z&#8230; <\/p>\n","protected":false},"excerpt":{"rendered":"<p>\u201cK\u0131z oldu\u011fumuz i\u00e7in bask\u0131 g\u00f6rd\u00fck. Bir \u015feyi fazla yiyemiyorsun, bir yere gidemiyorsun. K\u0131z \u00e7ocu\u011fu bu kadar yemez, k\u0131z \u00e7ocu\u011fu her yere gitmez diye s\u00fcrekli engellendik. Ama<span class=\"excerpt-hellip\"> [\u2026]<\/span><\/p>\n","protected":false},"featured_media":0,"template":"","meta":{"_monsterinsights_skip_tracking":false,"_monsterinsights_sitenote_active":false,"_monsterinsights_sitenote_note":"","_monsterinsights_sitenote_category":0},"product_brand":[],"product_cat":[12358,12357],"product_tag":[],"class_list":{"0":"post-717581","1":"product","2":"type-product","3":"status-publish","5":"product_cat-genel-psikoloji","6":"product_cat-psikoloji","7":"pa_cilt-ciltsiz","8":"pa_tur-kitap","9":"pa_yayinevi-nika-yayinevi","10":"pa_yazar-rumeysa-akgun","12":"first","13":"instock","14":"sale","15":"shipping-taxable","16":"purchasable","17":"product-type-simple"},"_links":{"self":[{"href":"https:\/\/roveyayinevi.com.tr\/index.php\/wp-json\/wp\/v2\/product\/717581","targetHints":{"allow":["GET"]}}],"collection":[{"href":"https:\/\/roveyayinevi.com.tr\/index.php\/wp-json\/wp\/v2\/product"}],"about":[{"href":"https:\/\/roveyayinevi.com.tr\/index.php\/wp-json\/wp\/v2\/types\/product"}],"wp:attachment":[{"href":"https:\/\/roveyayinevi.com.tr\/index.php\/wp-json\/wp\/v2\/media?parent=717581"}],"wp:term":[{"taxonomy":"product_brand","embeddable":true,"href":"https:\/\/roveyayinevi.com.tr\/index.php\/wp-json\/wp\/v2\/product_brand?post=717581"},{"taxonomy":"product_cat","embeddable":true,"href":"https:\/\/roveyayinevi.com.tr\/index.php\/wp-json\/wp\/v2\/product_cat?post=717581"},{"taxonomy":"product_tag","embeddable":true,"href":"https:\/\/roveyayinevi.com.tr\/index.php\/wp-json\/wp\/v2\/product_tag?post=717581"}],"curies":[{"name":"wp","href":"https:\/\/api.w.org\/{rel}","templated":true}]}}