{"id":717577,"date":"2025-08-27T17:57:07","date_gmt":"2025-08-27T14:57:07","guid":{"rendered":"https:\/\/roveyayinevi.com.tr\/index.php\/urun\/titresim-tibbi\/"},"modified":"2026-03-02T02:40:41","modified_gmt":"2026-03-01T23:40:41","slug":"titresim-tibbi","status":"publish","type":"product","link":"https:\/\/roveyayinevi.com.tr\/index.php\/urun\/titresim-tibbi\/","title":{"rendered":"Titre\u015fim T\u0131bb\u0131"},"content":{"rendered":"<p>Titre\u015fim T\u0131bb\u0131&#8230; Yeni bir tan\u0131mlama ve yeni bir paradigmadan s\u00f6z ediyoruz. Her ne kadar yeni olarak nitelendirsek de binlerce y\u0131ll\u0131k kadim bir bilgi. Geleneksel \u00c7in T\u0131bb\u0131&#8217;ndan b\u00f6lgesel \u015famanik uygulamalara kadar pek \u00e7ok yerde ve farkl\u0131 zaman dilimlerinde uygulanm\u0131\u015f ve kullan\u0131lm\u0131\u015f. Esas ald\u0131\u011f\u0131 temel bilgi \u015fu: \u201cHer \u015fey enerji ile titre\u015fir ve t\u00fcm bu enerjiler bir bilgi i\u00e7erir.\u201d Fiziksel bedenimiz de bir enerji alan\u0131 ile \u00e7evrilidir. Bu alan hem bilgi merkezi hem de son derece hassas bir alg\u0131lama sistemidir. Bizi \u00e7evreleyen bu alan, olumlu ya da olumsuz, i\u00e7 ve d\u0131\u015f deneyimlerimiz taraf\u0131ndan ortaya \u00e7\u0131kan duygusal titre\u015fimleri de i\u00e7inde bar\u0131nd\u0131r\u0131r. Art\u0131k bu bilgi, sisteme kay\u0131t olmu\u015f demektir. Bunun etkisi kendini fizik bedende de g\u00f6r\u00fcn\u00fcr hale getirir. Yani hayat\u0131m\u0131z, deneyimlerimiz, ya\u015fad\u0131klar\u0131m\u0131z, travmalar\u0131m\u0131z k\u0131saca, \u201cbiyografimiz, biyolojimizi belirler\u201d. Akustik terminoloji ile konu\u015facak olursak, bedenimizden y\u00fckselen ses detone yani bozuk de\u011filse sa\u011fl\u0131\u011f\u0131m\u0131z yerinde demektir. E\u011fer fiziksel bedenimizin herhangi bir b\u00f6lgesinden detone bir ses y\u00fckseliyor ise hastal\u0131k ba\u015flam\u0131\u015f demektir. Frekans yo\u011funlu\u011fundaki bir de\u011fi\u015fiklik, hastal\u0131\u011f\u0131n \u00f6zellikleri konusunda da bize birtak\u0131m bilgiler verebilir. \u0130\u015fte buradan bilgi al\u0131p yorumlayan t\u0131p paradigmas\u0131na \u201cTitre\u015fim T\u0131bb\u0131\u201d diyoruz. Ve titre\u015fimsel iyile\u015ftiriciler sayesinde bedeni akort ediyor, fabrika ayarlar\u0131na geri d\u00f6nd\u00fcr\u00fcyoruz. Yani insanlara b\u00fct\u00fcnc\u00fcl bir \u015fifa sistemi sunuyoruz. <\/p>\n","protected":false},"excerpt":{"rendered":"<p>Titre\u015fim T\u0131bb\u0131&#8230; Yeni bir tan\u0131mlama ve yeni bir paradigmadan s\u00f6z ediyoruz. Her ne kadar yeni olarak nitelendirsek de binlerce y\u0131ll\u0131k kadim bir bilgi. Geleneksel \u00c7in T\u0131bb\u0131&#8217;ndan<span class=\"excerpt-hellip\"> [\u2026]<\/span><\/p>\n","protected":false},"featured_media":0,"template":"","meta":{"_monsterinsights_skip_tracking":false,"_monsterinsights_sitenote_active":false,"_monsterinsights_sitenote_note":"","_monsterinsights_sitenote_category":0},"product_brand":[],"product_cat":[13366,13365],"product_tag":[],"class_list":{"0":"post-717577","1":"product","2":"type-product","3":"status-publish","5":"product_cat-diger-saglik","6":"product_cat-saglik","7":"pa_cilt-ciltsiz","8":"pa_tur-kitap","9":"pa_yayinevi-hayykitap","10":"pa_yazar-murat-balanli","12":"first","13":"instock","14":"sale","15":"shipping-taxable","16":"purchasable","17":"product-type-simple"},"_links":{"self":[{"href":"https:\/\/roveyayinevi.com.tr\/index.php\/wp-json\/wp\/v2\/product\/717577","targetHints":{"allow":["GET"]}}],"collection":[{"href":"https:\/\/roveyayinevi.com.tr\/index.php\/wp-json\/wp\/v2\/product"}],"about":[{"href":"https:\/\/roveyayinevi.com.tr\/index.php\/wp-json\/wp\/v2\/types\/product"}],"wp:attachment":[{"href":"https:\/\/roveyayinevi.com.tr\/index.php\/wp-json\/wp\/v2\/media?parent=717577"}],"wp:term":[{"taxonomy":"product_brand","embeddable":true,"href":"https:\/\/roveyayinevi.com.tr\/index.php\/wp-json\/wp\/v2\/product_brand?post=717577"},{"taxonomy":"product_cat","embeddable":true,"href":"https:\/\/roveyayinevi.com.tr\/index.php\/wp-json\/wp\/v2\/product_cat?post=717577"},{"taxonomy":"product_tag","embeddable":true,"href":"https:\/\/roveyayinevi.com.tr\/index.php\/wp-json\/wp\/v2\/product_tag?post=717577"}],"curies":[{"name":"wp","href":"https:\/\/api.w.org\/{rel}","templated":true}]}}