{"id":717576,"date":"2025-08-27T17:57:06","date_gmt":"2025-08-27T14:57:06","guid":{"rendered":"https:\/\/roveyayinevi.com.tr\/index.php\/urun\/askin-tarifi\/"},"modified":"2026-04-16T02:25:49","modified_gmt":"2026-04-15T23:25:49","slug":"askin-tarifi","status":"publish","type":"product","link":"https:\/\/roveyayinevi.com.tr\/index.php\/urun\/askin-tarifi\/","title":{"rendered":"A\u015fk\u0131n Tarifi"},"content":{"rendered":"<p>Her yeme\u011fin, onu kusursuz k\u0131lacak kilit bir malzemeye ihtiyac\u0131 vard\u0131r. T\u0131pk\u0131 a\u015fk gibi\u2026 Annie Harlow\u2019un, herkesin g\u0131ptayla bakt\u0131\u011f\u0131 bir hayat\u0131 vard\u0131r. Fakat tam da hamilelik haberini ald\u0131\u011f\u0131 g\u00fcn ge\u00e7irdi\u011fi b\u00fcy\u00fck kaza y\u00fcz\u00fcnden sahip oldu\u011fu her \u015fey tuzla buz olur. Bir sene sonra komadan uyand\u0131\u011f\u0131nda, kaybetti\u011fi tek \u015feyin ge\u00e7en zaman olmad\u0131\u011f\u0131n\u0131 anlayacakt\u0131r. Yaralar\u0131n\u0131 sarmak i\u00e7in aile evine d\u00f6nd\u00fc\u011f\u00fcnde, hem kendisini hem de da\u011f\u0131lm\u0131\u015f ailesini i\u00e7ine d\u00fc\u015ft\u00fckleri umutsuzluktan \u00e7\u0131karacak olan anahtar\u0131 bulur: B\u00fcy\u00fckannesinin eski yemek kitab\u0131. Ellerinin aras\u0131ndan kay\u0131p giden her \u015feyi sayfalar\u0131 aras\u0131ndan tek tek toplayaca\u011f\u0131 bu mucize sayesinde, ikinci \u015fanslar ve ger\u00e7ek a\u015fk art\u0131k onun i\u00e7in imk\u00e2ns\u0131z de\u011fildir. <\/p>\n","protected":false},"excerpt":{"rendered":"<p>Her yeme\u011fin, onu kusursuz k\u0131lacak kilit bir malzemeye ihtiyac\u0131 vard\u0131r. T\u0131pk\u0131 a\u015fk gibi\u2026 Annie Harlow\u2019un, herkesin g\u0131ptayla bakt\u0131\u011f\u0131 bir hayat\u0131 vard\u0131r. Fakat tam da hamilelik haberini<span class=\"excerpt-hellip\"> [\u2026]<\/span><\/p>\n","protected":false},"featured_media":0,"template":"","meta":{"_monsterinsights_skip_tracking":false,"_monsterinsights_sitenote_active":false,"_monsterinsights_sitenote_note":"","_monsterinsights_sitenote_category":0},"product_brand":[],"product_cat":[14643,12291],"product_tag":[],"class_list":{"0":"post-717576","1":"product","2":"type-product","3":"status-publish","5":"product_cat-ask","6":"product_cat-edebiyat","7":"pa_cilt-ciltsiz","8":"pa_tur-kitap","9":"pa_yayinevi-yabanci-yayinevi","10":"pa_yazar-susan-wiggs","12":"first","13":"instock","14":"sale","15":"shipping-taxable","16":"purchasable","17":"product-type-simple"},"_links":{"self":[{"href":"https:\/\/roveyayinevi.com.tr\/index.php\/wp-json\/wp\/v2\/product\/717576","targetHints":{"allow":["GET"]}}],"collection":[{"href":"https:\/\/roveyayinevi.com.tr\/index.php\/wp-json\/wp\/v2\/product"}],"about":[{"href":"https:\/\/roveyayinevi.com.tr\/index.php\/wp-json\/wp\/v2\/types\/product"}],"wp:attachment":[{"href":"https:\/\/roveyayinevi.com.tr\/index.php\/wp-json\/wp\/v2\/media?parent=717576"}],"wp:term":[{"taxonomy":"product_brand","embeddable":true,"href":"https:\/\/roveyayinevi.com.tr\/index.php\/wp-json\/wp\/v2\/product_brand?post=717576"},{"taxonomy":"product_cat","embeddable":true,"href":"https:\/\/roveyayinevi.com.tr\/index.php\/wp-json\/wp\/v2\/product_cat?post=717576"},{"taxonomy":"product_tag","embeddable":true,"href":"https:\/\/roveyayinevi.com.tr\/index.php\/wp-json\/wp\/v2\/product_tag?post=717576"}],"curies":[{"name":"wp","href":"https:\/\/api.w.org\/{rel}","templated":true}]}}