{"id":717574,"date":"2025-08-27T17:57:05","date_gmt":"2025-08-27T14:57:05","guid":{"rendered":"https:\/\/roveyayinevi.com.tr\/index.php\/urun\/misafir-sin-i-isaret-v\/"},"modified":"2026-04-13T02:31:58","modified_gmt":"2026-04-12T23:31:58","slug":"misafir-sin-i-isaret-v","status":"publish","type":"product","link":"https:\/\/roveyayinevi.com.tr\/index.php\/urun\/misafir-sin-i-isaret-v\/","title":{"rendered":"Misafir-sin I &#8211; \u0130\u015faret V"},"content":{"rendered":"<p>\u201cMisafir\u201d kelimesi \u00e7ok ilgin\u00e7tir mesela&#8230; \u201cTefsir, sefer ve misafir\u201d kelimeleri, hepsi birbiriyle ba\u011flant\u0131l\u0131d\u0131r. \u201cKuran\u2019\u0131 tefsir ediyorum,\u201d demek asl\u0131nda \u201cd\u00fcnyadaki misafirli\u011fimin anlam\u0131n\u0131 yani marifeti \u00f6\u011frenmeye \u00e7al\u0131\u015f\u0131yorum,\u201d demektir. Marifet, kendini ve Yaradan\u0131n\u0131 bilmeye, tan\u0131maya gayret g\u00f6stermektir. K\u00e2inat \u201cb\u00fcy\u00fck insan\u201d oldu\u011fu i\u00e7in onda sizin i\u00e7sel yolculu\u011funuzun izd\u00fc\u015f\u00fcm\u00fc bulunur. Bu sebeple \u201c\u015eu ayet ne diyor? Bunun anlam\u0131 ne?\u201d diye o kitap bu kitap gezmeden \u00f6nce \u201ctefsir\u201d ne demek anlaman\u0131z laz\u0131m&#8230; Tefsir \u201cperdeyi kald\u0131rmak\u201d demektir ve \u201csefer\u201d kelimesiyle ba\u011flant\u0131l\u0131d\u0131r. Kuran senin sana yolculu\u011funu anlat\u0131r; alg\u0131lar\u0131n \u00fczerindeki \u00f6rt\u00fcleri kald\u0131rarak \u201c\u00f6z\u201d\u00fcne varma seferini&#8230; Bu, enf\u00fcs\u00fcnde, i\u00e7sel \u00e2leminde ger\u00e7ekle\u015fen tefsirdir. Bilim ise d\u0131\u015f \u00e2lemde, afakta ayetlerin \u00fczerinde bulunan perdeleri kald\u0131rmay\u0131 sa\u011flayarak k\u00e2inat kitab\u0131n\u0131 tefsir etme g\u00f6revindedir. Fark etseniz de etmeseniz de d\u00fcnyan\u0131z\u0131 dinler(!) ve inan\u00e7lar y\u00f6netiyor. Buna ra\u011fmen siz dine alerji geli\u015ftirmi\u015fsiniz! \u201cMisafir\u201d kelimesiyle ayn\u0131 k\u00f6kten gelen \u201csefer\u201d kelimesi d\u00fcnyada bir yolculukta oldu\u011funuzu i\u015faret eder. D\u00fcnya bir k\u00f6pr\u00fc, hayat bir yolculuktur. Sen kendindeki Rabbine yapaca\u011f\u0131n seferde; kendine ve Yaradan\u0131na ait hakikatlerin i\u00e7inden ge\u00e7erken, o hakikatlerin \u00fczerini kapatan \u00f6rt\u00fcler teker teker kalkmaya ba\u015flar. Bu da senin fark\u0131ndal\u0131\u011f\u0131na sunulan her yeni bilgiyle bilin\u00e7 ekran\u0131ndan bir perdenin daha kalkmas\u0131 demektir. Seferdesin&#8230; Allah\u2019\u0131n ilim sofras\u0131nda Misafir-Sin&#8230; <\/p>\n","protected":false},"excerpt":{"rendered":"<p>\u201cMisafir\u201d kelimesi \u00e7ok ilgin\u00e7tir mesela&#8230; \u201cTefsir, sefer ve misafir\u201d kelimeleri, hepsi birbiriyle ba\u011flant\u0131l\u0131d\u0131r. \u201cKuran\u2019\u0131 tefsir ediyorum,\u201d demek asl\u0131nda \u201cd\u00fcnyadaki misafirli\u011fimin anlam\u0131n\u0131 yani marifeti \u00f6\u011frenmeye \u00e7al\u0131\u015f\u0131yorum,\u201d demektir.<span class=\"excerpt-hellip\"> [\u2026]<\/span><\/p>\n","protected":false},"featured_media":0,"template":"","meta":{"_monsterinsights_skip_tracking":false,"_monsterinsights_sitenote_active":false,"_monsterinsights_sitenote_note":"","_monsterinsights_sitenote_category":0},"product_brand":[],"product_cat":[12364,12376],"product_tag":[],"class_list":{"0":"post-717574","1":"product","2":"type-product","3":"status-publish","5":"product_cat-genel-konular","6":"product_cat-kisisel-gelisim","7":"pa_cilt-ciltsiz","8":"pa_tur-kitap","9":"pa_yayinevi-mona-kitap","10":"pa_yazar-deniz-erten","12":"first","13":"instock","14":"sale","15":"shipping-taxable","16":"purchasable","17":"product-type-simple"},"_links":{"self":[{"href":"https:\/\/roveyayinevi.com.tr\/index.php\/wp-json\/wp\/v2\/product\/717574","targetHints":{"allow":["GET"]}}],"collection":[{"href":"https:\/\/roveyayinevi.com.tr\/index.php\/wp-json\/wp\/v2\/product"}],"about":[{"href":"https:\/\/roveyayinevi.com.tr\/index.php\/wp-json\/wp\/v2\/types\/product"}],"wp:attachment":[{"href":"https:\/\/roveyayinevi.com.tr\/index.php\/wp-json\/wp\/v2\/media?parent=717574"}],"wp:term":[{"taxonomy":"product_brand","embeddable":true,"href":"https:\/\/roveyayinevi.com.tr\/index.php\/wp-json\/wp\/v2\/product_brand?post=717574"},{"taxonomy":"product_cat","embeddable":true,"href":"https:\/\/roveyayinevi.com.tr\/index.php\/wp-json\/wp\/v2\/product_cat?post=717574"},{"taxonomy":"product_tag","embeddable":true,"href":"https:\/\/roveyayinevi.com.tr\/index.php\/wp-json\/wp\/v2\/product_tag?post=717574"}],"curies":[{"name":"wp","href":"https:\/\/api.w.org\/{rel}","templated":true}]}}