{"id":717573,"date":"2025-08-27T17:57:05","date_gmt":"2025-08-27T14:57:05","guid":{"rendered":"https:\/\/roveyayinevi.com.tr\/index.php\/urun\/satis-ansiklopedisi\/"},"modified":"2026-04-16T02:25:48","modified_gmt":"2026-04-15T23:25:48","slug":"satis-ansiklopedisi","status":"publish","type":"product","link":"https:\/\/roveyayinevi.com.tr\/index.php\/urun\/satis-ansiklopedisi\/","title":{"rendered":"Sat\u0131\u015f Ansiklopedisi"},"content":{"rendered":"<p>Yazar\u0131n kaleminden; Sat\u0131\u015f E\u011fitmeni Ali Kayacan, Sat\u0131\u015f Ansiklopedisi\u2019nin 2.bask\u0131s\u0131n\u0131, konular\u0131n geni\u015fletilmi\u015f haliyle okuyucular\u0131yla bulu\u015fturuyor. Elinizdeki kitap, sat\u0131\u015f\u00e7\u0131 adaylar\u0131na, sat\u0131\u015f\u00e7\u0131lara, sat\u0131\u015f y\u00f6neticilerine yol g\u00f6stermesi, teorik bilgileri, pratik uygulamalar\u0131 \u00f6\u011fretmesi amac\u0131 ile yaz\u0131lm\u0131\u015ft\u0131r. Sat\u0131\u015f\u0131 hi\u00e7 bilmeyenler, sat\u0131\u015fta deneyimli olanlar, farkl\u0131 bir bak\u0131\u015f a\u00e7\u0131s\u0131na ihtiya\u00e7 duyanlar\u2026 Evinizde, ofisinizde, \u00e7antan\u0131zda bulunmas\u0131 gereken profesyonel bir kaynak olan Sat\u0131\u015f Ansiklopedisi, ba\u015far\u0131 yolunuza \u0131\u015f\u0131k tutacak, yar\u0131nlarda da g\u00fcncelli\u011fini koruyacakt\u0131r.<\/p>\n","protected":false},"excerpt":{"rendered":"<p>Yazar\u0131n kaleminden; Sat\u0131\u015f E\u011fitmeni Ali Kayacan, Sat\u0131\u015f Ansiklopedisi\u2019nin 2.bask\u0131s\u0131n\u0131, konular\u0131n geni\u015fletilmi\u015f haliyle okuyucular\u0131yla bulu\u015fturuyor. Elinizdeki kitap, sat\u0131\u015f\u00e7\u0131 adaylar\u0131na, sat\u0131\u015f\u00e7\u0131lara, sat\u0131\u015f y\u00f6neticilerine yol g\u00f6stermesi, teorik bilgileri, pratik<span class=\"excerpt-hellip\"> [\u2026]<\/span><\/p>\n","protected":false},"featured_media":0,"template":"","meta":{"_monsterinsights_skip_tracking":false,"_monsterinsights_sitenote_active":false,"_monsterinsights_sitenote_note":"","_monsterinsights_sitenote_category":0},"product_brand":[],"product_cat":[13043,17647],"product_tag":[],"class_list":{"0":"post-717573","1":"product","2":"type-product","3":"status-publish","5":"product_cat-ekonomi","6":"product_cat-is-dunyasi","7":"pa_cilt-ciltsiz","8":"pa_tur-kitap","9":"pa_yayinevi-deka-yayinlari","10":"pa_yazar-ali-kayacan","12":"first","13":"instock","14":"sale","15":"shipping-taxable","16":"purchasable","17":"product-type-simple"},"_links":{"self":[{"href":"https:\/\/roveyayinevi.com.tr\/index.php\/wp-json\/wp\/v2\/product\/717573","targetHints":{"allow":["GET"]}}],"collection":[{"href":"https:\/\/roveyayinevi.com.tr\/index.php\/wp-json\/wp\/v2\/product"}],"about":[{"href":"https:\/\/roveyayinevi.com.tr\/index.php\/wp-json\/wp\/v2\/types\/product"}],"wp:attachment":[{"href":"https:\/\/roveyayinevi.com.tr\/index.php\/wp-json\/wp\/v2\/media?parent=717573"}],"wp:term":[{"taxonomy":"product_brand","embeddable":true,"href":"https:\/\/roveyayinevi.com.tr\/index.php\/wp-json\/wp\/v2\/product_brand?post=717573"},{"taxonomy":"product_cat","embeddable":true,"href":"https:\/\/roveyayinevi.com.tr\/index.php\/wp-json\/wp\/v2\/product_cat?post=717573"},{"taxonomy":"product_tag","embeddable":true,"href":"https:\/\/roveyayinevi.com.tr\/index.php\/wp-json\/wp\/v2\/product_tag?post=717573"}],"curies":[{"name":"wp","href":"https:\/\/api.w.org\/{rel}","templated":true}]}}